{"id":9232,"date":"2024-07-17T08:20:20","date_gmt":"2024-07-17T08:20:20","guid":{"rendered":"https:\/\/pippifoder.se\/Ikke%20kategoriseret\/kokosnoed-med-fedt\/"},"modified":"2026-04-15T12:56:39","modified_gmt":"2026-04-15T10:56:39","slug":"kokosnoed-med-fedt","status":"publish","type":"product","link":"https:\/\/pippifoder.se\/da\/produkt\/fuglefoder\/fedtfro-blanding\/kokosnoed-med-fedt\/","title":{"rendered":"Kokosn\u00f8d med fedt"},"content":{"rendered":"","protected":false},"excerpt":{"rendered":"<p>Kokosn\u00f8d med platform. Til at h\u00e6nge op i haven til de vilde fugle. med jordn\u00f8ddesm\u00f8r og andre n\u00e6ringsrige fedtstoffer. god ern\u00e6ring til havens fugle. <\/p>\n","protected":false},"featured_media":7519,"comment_status":"closed","ping_status":"closed","template":"","meta":{"_acf_changed":false},"product_brand":[],"product_cat":[115,98],"product_tag":[],"class_list":{"0":"post-9232","1":"product","2":"type-product","3":"status-publish","4":"has-post-thumbnail","6":"product_cat-fedtfro-blanding","7":"product_cat-fuglefoder","9":"first","10":"instock","11":"sale","12":"taxable","13":"shipping-taxable","14":"purchasable","15":"product-type-variable","16":"has-default-attributes"},"bundled_by":["30025"],"bundle_stock_status":"instock","bundle_stock_quantity":404,"bundle_virtual":false,"bundle_layout":"","bundle_add_to_cart_form_location":"","bundle_editable_in_cart":false,"bundle_sold_individually_context":"","bundle_item_grouping":"","bundle_min_size":"","bundle_max_size":"","bundle_price":[],"bundled_items":[],"bundle_sell_ids":[],"acf":[],"_links":{"self":[{"href":"https:\/\/pippifoder.se\/da\/wp-json\/wp\/v2\/product\/9232","targetHints":{"allow":["GET"]}}],"collection":[{"href":"https:\/\/pippifoder.se\/da\/wp-json\/wp\/v2\/product"}],"about":[{"href":"https:\/\/pippifoder.se\/da\/wp-json\/wp\/v2\/types\/product"}],"replies":[{"embeddable":true,"href":"https:\/\/pippifoder.se\/da\/wp-json\/wp\/v2\/comments?post=9232"}],"wp:featuredmedia":[{"embeddable":true,"href":"https:\/\/pippifoder.se\/da\/wp-json\/wp\/v2\/media\/7519"}],"wp:attachment":[{"href":"https:\/\/pippifoder.se\/da\/wp-json\/wp\/v2\/media?parent=9232"}],"wp:term":[{"taxonomy":"product_brand","embeddable":true,"href":"https:\/\/pippifoder.se\/da\/wp-json\/wp\/v2\/product_brand?post=9232"},{"taxonomy":"product_cat","embeddable":true,"href":"https:\/\/pippifoder.se\/da\/wp-json\/wp\/v2\/product_cat?post=9232"},{"taxonomy":"product_tag","embeddable":true,"href":"https:\/\/pippifoder.se\/da\/wp-json\/wp\/v2\/product_tag?post=9232"}],"curies":[{"name":"wp","href":"https:\/\/api.w.org\/{rel}","templated":true}]}}