{"id":9207,"date":"2024-07-17T08:31:14","date_gmt":"2024-07-17T08:31:14","guid":{"rendered":"https:\/\/pippifoder.se\/Ikke%20kategoriseret\/fuglefoderautomat-froe-stor-rustfrit-staal\/"},"modified":"2026-03-01T18:36:24","modified_gmt":"2026-03-01T18:36:24","slug":"fuglefoderautomat-froe-stor-rustfrit-staal","status":"publish","type":"product","link":"https:\/\/pippifoder.se\/da\/produkt\/foderautomater-til-fugle\/fuglefoderautomat-froe-stor-rustfrit-staal\/","title":{"rendered":"Fuglefoderautomat fr\u00f8 stor, rustfrit st\u00e5l"},"content":{"rendered":"","protected":false},"excerpt":{"rendered":"<p>Fr\u00f8foderautomat Large, rustfri 14 x 38 cm. Til fr\u00f8 og <a href=\"https:\/\/pippifoder.se\/solrosfron\/\">solsikkekerner<\/a>. Rustfrit st\u00e5l med foderkammer i transparent plexiglas. Med plads til 6 fugle. Oph\u00e6ng medf\u00f8lger.    <\/p>\n","protected":false},"featured_media":7528,"comment_status":"closed","ping_status":"closed","template":"","meta":{"_acf_changed":false},"product_brand":[],"product_cat":[175,170],"product_tag":[],"class_list":{"0":"post-9207","1":"product","2":"type-product","3":"status-publish","4":"has-post-thumbnail","6":"product_cat-foderautomater-til-fugle","7":"product_cat-fuglefoderautomat-til-fuglefro","9":"first","10":"instock","11":"taxable","12":"shipping-taxable","13":"purchasable","14":"product-type-simple"},"bundled_by":[],"bundle_stock_status":"instock","bundle_stock_quantity":22,"bundle_virtual":false,"bundle_layout":"","bundle_add_to_cart_form_location":"","bundle_editable_in_cart":false,"bundle_sold_individually_context":"","bundle_item_grouping":"","bundle_min_size":"","bundle_max_size":"","bundle_price":[],"bundled_items":[],"bundle_sell_ids":[],"acf":[],"_links":{"self":[{"href":"https:\/\/pippifoder.se\/da\/wp-json\/wp\/v2\/product\/9207","targetHints":{"allow":["GET"]}}],"collection":[{"href":"https:\/\/pippifoder.se\/da\/wp-json\/wp\/v2\/product"}],"about":[{"href":"https:\/\/pippifoder.se\/da\/wp-json\/wp\/v2\/types\/product"}],"replies":[{"embeddable":true,"href":"https:\/\/pippifoder.se\/da\/wp-json\/wp\/v2\/comments?post=9207"}],"wp:featuredmedia":[{"embeddable":true,"href":"https:\/\/pippifoder.se\/da\/wp-json\/wp\/v2\/media\/7528"}],"wp:attachment":[{"href":"https:\/\/pippifoder.se\/da\/wp-json\/wp\/v2\/media?parent=9207"}],"wp:term":[{"taxonomy":"product_brand","embeddable":true,"href":"https:\/\/pippifoder.se\/da\/wp-json\/wp\/v2\/product_brand?post=9207"},{"taxonomy":"product_cat","embeddable":true,"href":"https:\/\/pippifoder.se\/da\/wp-json\/wp\/v2\/product_cat?post=9207"},{"taxonomy":"product_tag","embeddable":true,"href":"https:\/\/pippifoder.se\/da\/wp-json\/wp\/v2\/product_tag?post=9207"}],"curies":[{"name":"wp","href":"https:\/\/api.w.org\/{rel}","templated":true}]}}