{"id":9192,"date":"2024-01-31T11:54:00","date_gmt":"2024-01-31T11:54:00","guid":{"rendered":"https:\/\/pippifoder.se\/Ikke%20kategoriseret\/have-med-vilde-dyr-decobird-woodlark\/"},"modified":"2024-09-20T06:17:41","modified_gmt":"2024-09-20T06:17:41","slug":"have-med-vilde-dyr-decobird-woodlark","status":"publish","type":"product","link":"https:\/\/pippifoder.se\/da\/produkt\/tilbehor\/skovfugle\/wildlife-garden-decobird-da\/have-med-vilde-dyr-decobird-woodlark\/","title":{"rendered":"Have med vilde dyr &#8211; DecoBird Woodlark"},"content":{"rendered":"<div class=\"fabrikk--article-bottom fabrikk--article-section\">\n<div class=\"slot--article-description\">\n<div class=\"tws-article-description\">\n<div class=\"tws-article-description--text-container\">\n<div class=\"tws-article-description--text\">\n<h2>H\u00e5ndsk\u00e5ret svensk i tr\u00e6<\/h2>\n<p>  DecoBird Seed Eagle er en livagtig tr\u00e6fugl, som er udsk\u00e5ret og malet i h\u00e5nden i milj\u00f8venlige farver.<br \/>\nMed sin lange logrende hale er denne sorte og hvide for\u00e5rsfugl let at genkende, n\u00e5r den suser hen over gr\u00e6spl\u00e6nen, s\u00e5 snart sneen er smeltet v\u00e6k.   <\/p>\n<h2>Saml p\u00e5 DecoBirds<\/h2>\n<p>  Samlerserien DecoBirds omfatter vores mest elskede fugle, dygtigt udsk\u00e5ret i h\u00e5nden.<br \/>\nSerien udvides hele tiden med mere naturtro arter.<br \/>\nHver fugl leveres med et flot og informativt h\u00e6fte med oplysninger om arten.<br \/>\nDen leveres i en gave\u00e6ske med vindue.     <\/p>\n<h3>Svensker p\u00e5 andre sprog:<\/h3>\n<p>  Videnskabeligt navn: Motacilla alba Engelsk: Pied wagtail Tysk: Bachstelze Fransk: M\u00e9sange bergeronnette Italiensk: Ballerina Hollandsk: Kwikstaart Spansk: Lavandera Blanca  <\/p><\/div>\n<\/div>\n<\/div>\n<\/div>\n<div class=\"slot--article-attachments\">\n<div><\/div>\n<\/div>\n<\/div>\n","protected":false},"excerpt":{"rendered":"<p>DecoBird Seed Eagle er en livagtig tr\u00e6fugl, som er udsk\u00e5ret og malet i h\u00e5nden i milj\u00f8venlige farver.<br \/>\nMed sin lange logrende hale er denne sorte og hvide for\u00e5rsfugl let at genkende, n\u00e5r den suser hen over gr\u00e6spl\u00e6nen, s\u00e5 snart sneen er smeltet v\u00e6k. <\/p>\n","protected":false},"featured_media":6898,"comment_status":"open","ping_status":"closed","template":"","meta":{"_acf_changed":false},"product_brand":[],"product_cat":[146,111,149],"product_tag":[],"class_list":{"0":"post-9192","1":"product","2":"type-product","3":"status-publish","4":"has-post-thumbnail","6":"product_cat-wildlife-garden-decobird-da","7":"product_cat-fuglefro-og-fuglefoder-pa-udsalg","8":"product_cat-tilbehor","9":"product_shipping_class-sverige-da","11":"first","12":"outofstock","13":"sale","14":"taxable","15":"shipping-taxable","16":"purchasable","17":"product-type-simple"},"bundled_by":[],"bundle_stock_status":"outofstock","bundle_stock_quantity":0,"bundle_virtual":false,"bundle_layout":"","bundle_add_to_cart_form_location":"","bundle_editable_in_cart":false,"bundle_sold_individually_context":"","bundle_item_grouping":"","bundle_min_size":"","bundle_max_size":"","bundle_price":[],"bundled_items":[],"bundle_sell_ids":[],"acf":[],"_links":{"self":[{"href":"https:\/\/pippifoder.se\/da\/wp-json\/wp\/v2\/product\/9192","targetHints":{"allow":["GET"]}}],"collection":[{"href":"https:\/\/pippifoder.se\/da\/wp-json\/wp\/v2\/product"}],"about":[{"href":"https:\/\/pippifoder.se\/da\/wp-json\/wp\/v2\/types\/product"}],"replies":[{"embeddable":true,"href":"https:\/\/pippifoder.se\/da\/wp-json\/wp\/v2\/comments?post=9192"}],"wp:featuredmedia":[{"embeddable":true,"href":"https:\/\/pippifoder.se\/da\/wp-json\/wp\/v2\/media\/6898"}],"wp:attachment":[{"href":"https:\/\/pippifoder.se\/da\/wp-json\/wp\/v2\/media?parent=9192"}],"wp:term":[{"taxonomy":"product_brand","embeddable":true,"href":"https:\/\/pippifoder.se\/da\/wp-json\/wp\/v2\/product_brand?post=9192"},{"taxonomy":"product_cat","embeddable":true,"href":"https:\/\/pippifoder.se\/da\/wp-json\/wp\/v2\/product_cat?post=9192"},{"taxonomy":"product_tag","embeddable":true,"href":"https:\/\/pippifoder.se\/da\/wp-json\/wp\/v2\/product_tag?post=9192"}],"curies":[{"name":"wp","href":"https:\/\/api.w.org\/{rel}","templated":true}]}}