{"id":9157,"date":"2024-07-26T08:10:12","date_gmt":"2024-07-26T06:10:12","guid":{"rendered":"https:\/\/pippifoder.se\/Ikke%20kategoriseret\/klassisk-fuglebord-graa-antal\/"},"modified":"2026-04-15T12:55:26","modified_gmt":"2026-04-15T10:55:26","slug":"klassisk-fuglebord-graa-antal","status":"publish","type":"product","link":"https:\/\/pippifoder.se\/da\/produkt\/foderautomater-til-fugle\/klassisk-fuglebord-graa-antal\/","title":{"rendered":"Klassisk fuglebord &#8211; gr\u00e5"},"content":{"rendered":"","protected":false},"excerpt":{"rendered":"<p>Klassisk fuglebord i fyrretr\u00e6. Velegnet til at h\u00e6nge i et tr\u00e6 eller sidde p\u00e5 en stang p\u00e5 ca. 1,5 meter. Et fuglehus lavet af tr\u00e6. Fint malet i gr\u00e5. Fungerer til forskellige typer <a href=\"https:\/\/pippifoder.se\/da\/fuglefro\/\">fr\u00f8.<\/a>    <\/p>\n<p><strong>Tekniske data<\/strong><br \/>\nM\u00e5l (LxBxH): 27x21x15 cm<br \/>\nFarve: Gr\u00e5<\/p>\n","protected":false},"featured_media":7579,"comment_status":"closed","ping_status":"closed","template":"","meta":{"_acf_changed":false},"product_brand":[],"product_cat":[175,177,170,176],"product_tag":[],"class_list":{"0":"post-9157","1":"product","2":"type-product","3":"status-publish","4":"has-post-thumbnail","6":"product_cat-foderautomater-til-fugle","7":"product_cat-fuglebord-dk","8":"product_cat-fuglefoderautomat-til-fuglefro","9":"product_cat-fuglehuse","11":"first","12":"instock","13":"taxable","14":"shipping-taxable","15":"purchasable","16":"product-type-simple"},"bundled_by":[],"bundle_stock_status":"instock","bundle_stock_quantity":11,"bundle_virtual":false,"bundle_layout":"","bundle_add_to_cart_form_location":"","bundle_editable_in_cart":false,"bundle_sold_individually_context":"","bundle_item_grouping":"","bundle_min_size":"","bundle_max_size":"","bundle_price":[],"bundled_items":[],"bundle_sell_ids":[],"acf":[],"_links":{"self":[{"href":"https:\/\/pippifoder.se\/da\/wp-json\/wp\/v2\/product\/9157","targetHints":{"allow":["GET"]}}],"collection":[{"href":"https:\/\/pippifoder.se\/da\/wp-json\/wp\/v2\/product"}],"about":[{"href":"https:\/\/pippifoder.se\/da\/wp-json\/wp\/v2\/types\/product"}],"replies":[{"embeddable":true,"href":"https:\/\/pippifoder.se\/da\/wp-json\/wp\/v2\/comments?post=9157"}],"wp:featuredmedia":[{"embeddable":true,"href":"https:\/\/pippifoder.se\/da\/wp-json\/wp\/v2\/media\/7579"}],"wp:attachment":[{"href":"https:\/\/pippifoder.se\/da\/wp-json\/wp\/v2\/media?parent=9157"}],"wp:term":[{"taxonomy":"product_brand","embeddable":true,"href":"https:\/\/pippifoder.se\/da\/wp-json\/wp\/v2\/product_brand?post=9157"},{"taxonomy":"product_cat","embeddable":true,"href":"https:\/\/pippifoder.se\/da\/wp-json\/wp\/v2\/product_cat?post=9157"},{"taxonomy":"product_tag","embeddable":true,"href":"https:\/\/pippifoder.se\/da\/wp-json\/wp\/v2\/product_tag?post=9157"}],"curies":[{"name":"wp","href":"https:\/\/api.w.org\/{rel}","templated":true}]}}