{"id":9149,"date":"2024-01-31T11:34:03","date_gmt":"2024-01-31T11:34:03","guid":{"rendered":"https:\/\/pippifoder.se\/Ikke%20kategoriseret\/wildlife-garden-decobird-sumpmejse\/"},"modified":"2025-01-27T14:29:17","modified_gmt":"2025-01-27T14:29:17","slug":"wildlife-garden-decobird-sumpmejse","status":"publish","type":"product","link":"https:\/\/pippifoder.se\/da\/produkt\/tilbehor\/skovfugle\/wildlife-garden-decobird-da\/wildlife-garden-decobird-sumpmejse\/","title":{"rendered":"Have med vilde dyr &#8211; DecoBird Entita"},"content":{"rendered":"<h2>H\u00e5ndsk\u00e5ret Entita i tr\u00e6<\/h2>\n<p>  DecoBird Entita er en livagtig tr\u00e6fugl, som er udsk\u00e5ret og malet i h\u00e5nden. Entita er en lille t\u00f8sedreng med et st\u00e6rkt territorialt instinkt. Den udsk\u00e5rne fugl er lavet af lindetr\u00e6 og malet med milj\u00f8venlige farver. Kan placeres b\u00e5de inde og ude. Den leveres i en udstillings\u00e6ske med vindue, og med hver fugl f\u00f8lger et lille h\u00e6fte med oplysninger om arten.      <\/p>\n<h3>Entita p\u00e5 andre sprog:<\/h3>\n<p>  Videnskabeligt navn: Poecile palustris Engelsk: Sumpmejse Tysk: Sumpfmeise Fransk: M\u00e9sange nonnette Italiensk: Cincia Bigia Hollandsk: Glanskop Spansk: Carbonero Palustre<\/p>\n","protected":false},"excerpt":{"rendered":"<p>DecoBird Entita er en livagtig tr\u00e6fugl, som er udsk\u00e5ret og malet i h\u00e5nden. Entita er en lille t\u00f8sedreng med et st\u00e6rkt territorialt instinkt. Den udsk\u00e5rne fugl er lavet af lindetr\u00e6 og malet med milj\u00f8venlige farver. Kan placeres b\u00e5de inde og ude. Den leveres i en udstillings\u00e6ske med vindue, og med hver fugl f\u00f8lger et lille h\u00e6fte med oplysninger om arten.    <\/p>\n","protected":false},"featured_media":6874,"comment_status":"open","ping_status":"closed","template":"","meta":{"_acf_changed":false},"product_brand":[],"product_cat":[146,111,149],"product_tag":[],"class_list":{"0":"post-9149","1":"product","2":"type-product","3":"status-publish","4":"has-post-thumbnail","6":"product_cat-wildlife-garden-decobird-da","7":"product_cat-fuglefro-og-fuglefoder-pa-udsalg","8":"product_cat-tilbehor","9":"product_shipping_class-sverige-da","11":"first","12":"outofstock","13":"sale","14":"taxable","15":"shipping-taxable","16":"purchasable","17":"product-type-simple"},"bundled_by":[],"bundle_stock_status":"outofstock","bundle_stock_quantity":0,"bundle_virtual":false,"bundle_layout":"","bundle_add_to_cart_form_location":"","bundle_editable_in_cart":false,"bundle_sold_individually_context":"","bundle_item_grouping":"","bundle_min_size":"","bundle_max_size":"","bundle_price":[],"bundled_items":[],"bundle_sell_ids":[],"acf":[],"_links":{"self":[{"href":"https:\/\/pippifoder.se\/da\/wp-json\/wp\/v2\/product\/9149","targetHints":{"allow":["GET"]}}],"collection":[{"href":"https:\/\/pippifoder.se\/da\/wp-json\/wp\/v2\/product"}],"about":[{"href":"https:\/\/pippifoder.se\/da\/wp-json\/wp\/v2\/types\/product"}],"replies":[{"embeddable":true,"href":"https:\/\/pippifoder.se\/da\/wp-json\/wp\/v2\/comments?post=9149"}],"wp:featuredmedia":[{"embeddable":true,"href":"https:\/\/pippifoder.se\/da\/wp-json\/wp\/v2\/media\/6874"}],"wp:attachment":[{"href":"https:\/\/pippifoder.se\/da\/wp-json\/wp\/v2\/media?parent=9149"}],"wp:term":[{"taxonomy":"product_brand","embeddable":true,"href":"https:\/\/pippifoder.se\/da\/wp-json\/wp\/v2\/product_brand?post=9149"},{"taxonomy":"product_cat","embeddable":true,"href":"https:\/\/pippifoder.se\/da\/wp-json\/wp\/v2\/product_cat?post=9149"},{"taxonomy":"product_tag","embeddable":true,"href":"https:\/\/pippifoder.se\/da\/wp-json\/wp\/v2\/product_tag?post=9149"}],"curies":[{"name":"wp","href":"https:\/\/api.w.org\/{rel}","templated":true}]}}