{"id":9140,"date":"2024-01-16T18:37:52","date_gmt":"2024-01-16T18:37:52","guid":{"rendered":"https:\/\/pippifoder.se\/Ikke%20kategoriseret\/faagelmatning-allt-du-behover-veta\/"},"modified":"2026-03-01T15:07:37","modified_gmt":"2026-03-01T15:07:37","slug":"faagelmatning-allt-du-behover-veta","status":"publish","type":"product","link":"https:\/\/pippifoder.se\/da\/produkt\/tilbehor\/boger\/faagelmatning-allt-du-behover-veta\/","title":{"rendered":"Fodring af fugle &#8211; alt hvad du beh\u00f8ver at vide"},"content":{"rendered":"<h2><strong>Produktinformation: Fuglefodring &#8211; alt hvad du beh\u00f8ver at vide<\/strong><\/h2>\n<p><strong>Forfatter:<\/strong> Niklas Aronsson<br \/>\n<strong>Fotograf:<\/strong> Niclas Ahlberg, Torbj\u00f6rn Arvidson m.fl.<br \/>\n<strong>Designer og illustrator:<\/strong> Ter\u00e9se Karlsson Halld\u00e9n<br \/>\n<strong>Offentligg\u00f8relse:<\/strong> 22. november 2021<br \/>\n<strong>Antal sider: <\/strong>224<br \/>\n<strong>M\u00e5l:<\/strong> 170x240x21 mm<br \/>\n<strong>V\u00e6gt:<\/strong> 650 g<br \/>\n<strong>Bindtype:<\/strong> Hardback<br \/>\n<strong>ISBN: <\/strong>9789198516609<\/p>\n","protected":false},"excerpt":{"rendered":"<p>Bird Feeding &#8211; Everything you need to know giver dig masser af fakta om, hvordan du fodrer vilde fugle p\u00e5 en god og sikker m\u00e5de. Du finder ud af, hvad de forskellige arter spiser, og hvordan du bedst designer dit foderbr\u00e6t. Hvordan tiltr\u00e6kker du stenpikkeren, og hvorfor er r\u00f8dhalse altid i totterne p\u00e5 hinanden? Ud over praktiske tips forklarer bogen ogs\u00e5, hvad forskningen siger om de store m\u00e6ngder mad, vi fodrer med i naturen. P\u00e5virkes fuglene og p\u00e5 hvilke m\u00e5der?    <\/p>\n<p>Fuglefodring er en popul\u00e6r bev\u00e6gelse med flere hundrede tusinde ud\u00f8vere alene i Sverige. Vi fodrer fugle om vinteren, men ogs\u00e5 i stigende grad hele \u00e5ret rundt. Antallet af produkter beregnet til fuglefodring er steget markant i den seneste tid, b\u00e5de hvad ang\u00e5r forskellige typer foder og varianter af fuglefoderautomater. Her f\u00e5r du svar p\u00e5 alt, hvad du gerne vil vide om fuglefodring i \u00e9n bog.   <\/p>\n<p>Indeholder artspr\u00e6sentation og udbredelseskort over de 53 mest almindelige vinterfugle.<\/p>\n","protected":false},"featured_media":6832,"comment_status":"open","ping_status":"closed","template":"","meta":{"_acf_changed":false},"product_brand":[],"product_cat":[306,50,111,571,149],"product_tag":[],"class_list":{"0":"post-9140","1":"product","2":"type-product","3":"status-publish","4":"has-post-thumbnail","6":"product_cat-boger","7":"product_cat-fagelfron-fagelmat-pa-rea","8":"product_cat-fuglefro-og-fuglefoder-pa-udsalg","9":"product_cat-julegaveideer-til-fugleelskere-i-2025","10":"product_cat-tilbehor","11":"product_shipping_class-sverige-da","13":"first","14":"outofstock","15":"sale","16":"taxable","17":"shipping-taxable","18":"purchasable","19":"product-type-simple"},"bundled_by":[],"bundle_stock_status":"outofstock","bundle_stock_quantity":0,"bundle_virtual":false,"bundle_layout":"","bundle_add_to_cart_form_location":"","bundle_editable_in_cart":false,"bundle_sold_individually_context":"","bundle_item_grouping":"","bundle_min_size":"","bundle_max_size":"","bundle_price":[],"bundled_items":[],"bundle_sell_ids":[],"acf":[],"_links":{"self":[{"href":"https:\/\/pippifoder.se\/da\/wp-json\/wp\/v2\/product\/9140","targetHints":{"allow":["GET"]}}],"collection":[{"href":"https:\/\/pippifoder.se\/da\/wp-json\/wp\/v2\/product"}],"about":[{"href":"https:\/\/pippifoder.se\/da\/wp-json\/wp\/v2\/types\/product"}],"replies":[{"embeddable":true,"href":"https:\/\/pippifoder.se\/da\/wp-json\/wp\/v2\/comments?post=9140"}],"wp:featuredmedia":[{"embeddable":true,"href":"https:\/\/pippifoder.se\/da\/wp-json\/wp\/v2\/media\/6832"}],"wp:attachment":[{"href":"https:\/\/pippifoder.se\/da\/wp-json\/wp\/v2\/media?parent=9140"}],"wp:term":[{"taxonomy":"product_brand","embeddable":true,"href":"https:\/\/pippifoder.se\/da\/wp-json\/wp\/v2\/product_brand?post=9140"},{"taxonomy":"product_cat","embeddable":true,"href":"https:\/\/pippifoder.se\/da\/wp-json\/wp\/v2\/product_cat?post=9140"},{"taxonomy":"product_tag","embeddable":true,"href":"https:\/\/pippifoder.se\/da\/wp-json\/wp\/v2\/product_tag?post=9140"}],"curies":[{"name":"wp","href":"https:\/\/api.w.org\/{rel}","templated":true}]}}