{"id":9137,"date":"2024-01-16T18:27:46","date_gmt":"2024-01-16T18:27:46","guid":{"rendered":"https:\/\/pippifoder.se\/Ikke%20kategoriseret\/foderautomat-birdie-sort-4-l\/"},"modified":"2026-04-15T12:58:50","modified_gmt":"2026-04-15T10:58:50","slug":"foderautomat-birdie-sort-4-l","status":"publish","type":"product","link":"https:\/\/pippifoder.se\/da\/produkt\/foderautomater-til-fugle\/fuglebord-dk\/foderautomat-birdie-sort-4-l\/","title":{"rendered":"Birdie Bird Feeder &#8211; Sort 4 liter"},"content":{"rendered":"<h2>Produktspecifikation &#8211; Birdie Bird Feeder &#8211; Sort 4 liter<\/h2>\n<p><strong>Materiale: <\/strong>100 % genanvendt polypropylen (PP)<br \/>\n<strong>Ydre m\u00e5l<\/strong>: 29 x 29 x 24 cm<br \/>\n<strong>Farve<\/strong>: Sort<\/p>\n","protected":false},"excerpt":{"rendered":"<p>Birdie er et rummeligt, svenskproduceret fuglefoderhus, der er designet til at forhindre u\u00f8nskede bes\u00f8g af katte, egern og st\u00f8rre fugle. Foderautomaten har et lille landingsomr\u00e5de, der forhindrer fugleklatter i at komme ned i maden. Foderautomaten kan monteres p\u00e5 en stolpe eller h\u00e6nges p\u00e5 en krog eller snor i et tr\u00e6. Fuglefoderautomaten er lavet af genbrugsplast.   <\/p>\n","protected":false},"featured_media":6835,"comment_status":"open","ping_status":"closed","template":"","meta":{"_acf_changed":false},"product_brand":[],"product_cat":[177,175,170],"product_tag":[],"class_list":{"0":"post-9137","1":"product","2":"type-product","3":"status-publish","4":"has-post-thumbnail","6":"product_cat-fuglebord-dk","7":"product_cat-foderautomater-til-fugle","8":"product_cat-fuglefoderautomat-til-fuglefro","9":"product_shipping_class-sverige-da","11":"first","12":"instock","13":"taxable","14":"shipping-taxable","15":"purchasable","16":"product-type-simple"},"bundled_by":[],"bundle_stock_status":"instock","bundle_stock_quantity":62,"bundle_virtual":false,"bundle_layout":"","bundle_add_to_cart_form_location":"","bundle_editable_in_cart":false,"bundle_sold_individually_context":"","bundle_item_grouping":"","bundle_min_size":"","bundle_max_size":"","bundle_price":[],"bundled_items":[],"bundle_sell_ids":[],"acf":[],"_links":{"self":[{"href":"https:\/\/pippifoder.se\/da\/wp-json\/wp\/v2\/product\/9137","targetHints":{"allow":["GET"]}}],"collection":[{"href":"https:\/\/pippifoder.se\/da\/wp-json\/wp\/v2\/product"}],"about":[{"href":"https:\/\/pippifoder.se\/da\/wp-json\/wp\/v2\/types\/product"}],"replies":[{"embeddable":true,"href":"https:\/\/pippifoder.se\/da\/wp-json\/wp\/v2\/comments?post=9137"}],"wp:featuredmedia":[{"embeddable":true,"href":"https:\/\/pippifoder.se\/da\/wp-json\/wp\/v2\/media\/6835"}],"wp:attachment":[{"href":"https:\/\/pippifoder.se\/da\/wp-json\/wp\/v2\/media?parent=9137"}],"wp:term":[{"taxonomy":"product_brand","embeddable":true,"href":"https:\/\/pippifoder.se\/da\/wp-json\/wp\/v2\/product_brand?post=9137"},{"taxonomy":"product_cat","embeddable":true,"href":"https:\/\/pippifoder.se\/da\/wp-json\/wp\/v2\/product_cat?post=9137"},{"taxonomy":"product_tag","embeddable":true,"href":"https:\/\/pippifoder.se\/da\/wp-json\/wp\/v2\/product_tag?post=9137"}],"curies":[{"name":"wp","href":"https:\/\/api.w.org\/{rel}","templated":true}]}}