{"id":9117,"date":"2024-01-06T14:35:44","date_gmt":"2024-01-06T14:35:44","guid":{"rendered":"https:\/\/pippifoder.se\/Ikke%20kategoriseret\/wildlife-garden-decobird-dompap\/"},"modified":"2025-01-27T14:28:51","modified_gmt":"2025-01-27T14:28:51","slug":"wildlife-garden-decobird-dompap","status":"publish","type":"product","link":"https:\/\/pippifoder.se\/da\/produkt\/tilbehor\/skovfugle\/wildlife-garden-decobird-da\/wildlife-garden-decobird-dompap\/","title":{"rendered":"Have med vilde dyr &#8211; DecoBird Domherre"},"content":{"rendered":"<h2>H\u00e5ndsk\u00e5ret kanon af tr\u00e6<\/h2>\n<p>  DecoBirds dompap er en naturtro tr\u00e6fugl, som er udsk\u00e5ret og malet i h\u00e5nden. Dompappen er blevet et symbol p\u00e5 julen med sit r\u00f8de bryst, der skinner smukt mod sneen. Om vinteren kommer den gerne til fuglebordet, men den er i vores nabolag hele \u00e5ret rundt. Sammen med DecoBird White-tailed Kite f\u00f8lger et lille h\u00e6fte med information om arten.     <\/p>\n<h3>Domherre p\u00e5 andre sprog:<\/h3>\n<p>  Videnskabeligt navn: Pyrrhula pyrrhula Engelsk: Bullfinch Tysk: Dompfaff Fransk: Bouvreuil pivoine Italiensk: Ciuffolotto Hollandsk: Goudvink Spansk: Camachuelo Com\u00fan<\/p>\n","protected":false},"excerpt":{"rendered":"<p>DecoBirds dompap er en naturtro tr\u00e6fugl, som er udsk\u00e5ret og malet i h\u00e5nden. Dompappen er blevet et symbol p\u00e5 julen med sit r\u00f8de bryst, der skinner smukt mod sneen. Om vinteren kommer den gerne til fuglebordet, men den er i vores nabolag hele \u00e5ret rundt. Sammen med DecoBird White-tailed Kite f\u00f8lger et lille h\u00e6fte med information om arten.   <\/p>\n","protected":false},"featured_media":6655,"comment_status":"open","ping_status":"closed","template":"","meta":{"_acf_changed":false},"product_brand":[],"product_cat":[146,111,149],"product_tag":[],"class_list":{"0":"post-9117","1":"product","2":"type-product","3":"status-publish","4":"has-post-thumbnail","6":"product_cat-wildlife-garden-decobird-da","7":"product_cat-fuglefro-og-fuglefoder-pa-udsalg","8":"product_cat-tilbehor","9":"product_shipping_class-sverige-da","11":"first","12":"outofstock","13":"sale","14":"taxable","15":"shipping-taxable","16":"purchasable","17":"product-type-simple"},"bundled_by":[],"bundle_stock_status":"outofstock","bundle_stock_quantity":0,"bundle_virtual":false,"bundle_layout":"","bundle_add_to_cart_form_location":"","bundle_editable_in_cart":false,"bundle_sold_individually_context":"","bundle_item_grouping":"","bundle_min_size":"","bundle_max_size":"","bundle_price":[],"bundled_items":[],"bundle_sell_ids":[],"acf":[],"_links":{"self":[{"href":"https:\/\/pippifoder.se\/da\/wp-json\/wp\/v2\/product\/9117","targetHints":{"allow":["GET"]}}],"collection":[{"href":"https:\/\/pippifoder.se\/da\/wp-json\/wp\/v2\/product"}],"about":[{"href":"https:\/\/pippifoder.se\/da\/wp-json\/wp\/v2\/types\/product"}],"replies":[{"embeddable":true,"href":"https:\/\/pippifoder.se\/da\/wp-json\/wp\/v2\/comments?post=9117"}],"wp:featuredmedia":[{"embeddable":true,"href":"https:\/\/pippifoder.se\/da\/wp-json\/wp\/v2\/media\/6655"}],"wp:attachment":[{"href":"https:\/\/pippifoder.se\/da\/wp-json\/wp\/v2\/media?parent=9117"}],"wp:term":[{"taxonomy":"product_brand","embeddable":true,"href":"https:\/\/pippifoder.se\/da\/wp-json\/wp\/v2\/product_brand?post=9117"},{"taxonomy":"product_cat","embeddable":true,"href":"https:\/\/pippifoder.se\/da\/wp-json\/wp\/v2\/product_cat?post=9117"},{"taxonomy":"product_tag","embeddable":true,"href":"https:\/\/pippifoder.se\/da\/wp-json\/wp\/v2\/product_tag?post=9117"}],"curies":[{"name":"wp","href":"https:\/\/api.w.org\/{rel}","templated":true}]}}