{"id":9113,"date":"2024-01-06T14:32:41","date_gmt":"2024-01-06T14:32:41","guid":{"rendered":"https:\/\/pippifoder.se\/Ikke%20kategoriseret\/wildlife-garden-decobird-topmejse\/"},"modified":"2025-01-27T14:29:38","modified_gmt":"2025-01-27T14:29:38","slug":"wildlife-garden-decobird-topmejse","status":"publish","type":"product","link":"https:\/\/pippifoder.se\/da\/produkt\/tilbehor\/skovfugle\/wildlife-garden-decobird-da\/wildlife-garden-decobird-topmejse\/","title":{"rendered":"Have med vilde dyr &#8211; DecoBird Tofsmes"},"content":{"rendered":"<h2>Kvast udsk\u00e5ret i tr\u00e6<\/h2>\n<p>  Med sin dristige kvast p\u00e5 hovedet er den lille topmejse let at genkende. Det er en fugl, som overvintrer langt mod nord (Skandinavien). Den overlever den kolde vinter takket v\u00e6re madlagre, som den gemmer v\u00e6k &#8211; ligesom et egern! Find ud af mere om sp\u00e6tmejsen i vores fugleskole &#8211; hvor du ogs\u00e5 kan h\u00f8re fuglesang. Den er ogs\u00e5 en popul\u00e6r tilf\u00f8jelse til DecoBird-familien, som vokser hvert \u00e5r med flere h\u00e5ndsk\u00e5rne tr\u00e6fugle. Med vores viden om fugle skaber vi disse sm\u00e5 mesterv\u00e6rker, som bliver v\u00e6rdsat af mennesker over hele verden for deres naturlighed.       <\/p>\n<h3>Tofsmes p\u00e5 andre sprog:<\/h3>\n<p>  Videnskabeligt navn: Lophophanes cristatus Engelsk: Crested tit Tysk: Haubenmeise Fransk: M\u00e9sange hupp\u00e9e Italiensk: Cincia dal ciuffo Hollandsk: Kuifmees Spansk: Herrerillo Capuchino<\/p>\n","protected":false},"excerpt":{"rendered":"<p>Med sin dristige kvast p\u00e5 hovedet er den lille topmejse let at genkende. Det er en fugl, som overvintrer langt mod nord (Skandinavien). Den overlever den kolde vinter takket v\u00e6re madlagre, som den gemmer v\u00e6k &#8211; ligesom et egern! Find ud af mere om sp\u00e6tmejsen i vores fugleskole &#8211; hvor du ogs\u00e5 kan h\u00f8re fuglesang. Den er ogs\u00e5 en popul\u00e6r tilf\u00f8jelse til DecoBird-familien, som vokser hvert \u00e5r med flere h\u00e5ndsk\u00e5rne tr\u00e6fugle. Med vores viden om fugle skaber vi disse sm\u00e5 mesterv\u00e6rker, som bliver v\u00e6rdsat af mennesker over hele verden for deres naturlighed.     <\/p>\n","protected":false},"featured_media":6652,"comment_status":"open","ping_status":"closed","template":"","meta":{"_acf_changed":false},"product_brand":[],"product_cat":[146,111,149],"product_tag":[],"class_list":{"0":"post-9113","1":"product","2":"type-product","3":"status-publish","4":"has-post-thumbnail","6":"product_cat-wildlife-garden-decobird-da","7":"product_cat-fuglefro-og-fuglefoder-pa-udsalg","8":"product_cat-tilbehor","9":"product_shipping_class-sverige-da","11":"first","12":"outofstock","13":"sale","14":"taxable","15":"shipping-taxable","16":"purchasable","17":"product-type-simple"},"bundled_by":[],"bundle_stock_status":"outofstock","bundle_stock_quantity":0,"bundle_virtual":false,"bundle_layout":"","bundle_add_to_cart_form_location":"","bundle_editable_in_cart":false,"bundle_sold_individually_context":"","bundle_item_grouping":"","bundle_min_size":"","bundle_max_size":"","bundle_price":[],"bundled_items":[],"bundle_sell_ids":[],"acf":[],"_links":{"self":[{"href":"https:\/\/pippifoder.se\/da\/wp-json\/wp\/v2\/product\/9113","targetHints":{"allow":["GET"]}}],"collection":[{"href":"https:\/\/pippifoder.se\/da\/wp-json\/wp\/v2\/product"}],"about":[{"href":"https:\/\/pippifoder.se\/da\/wp-json\/wp\/v2\/types\/product"}],"replies":[{"embeddable":true,"href":"https:\/\/pippifoder.se\/da\/wp-json\/wp\/v2\/comments?post=9113"}],"wp:featuredmedia":[{"embeddable":true,"href":"https:\/\/pippifoder.se\/da\/wp-json\/wp\/v2\/media\/6652"}],"wp:attachment":[{"href":"https:\/\/pippifoder.se\/da\/wp-json\/wp\/v2\/media?parent=9113"}],"wp:term":[{"taxonomy":"product_brand","embeddable":true,"href":"https:\/\/pippifoder.se\/da\/wp-json\/wp\/v2\/product_brand?post=9113"},{"taxonomy":"product_cat","embeddable":true,"href":"https:\/\/pippifoder.se\/da\/wp-json\/wp\/v2\/product_cat?post=9113"},{"taxonomy":"product_tag","embeddable":true,"href":"https:\/\/pippifoder.se\/da\/wp-json\/wp\/v2\/product_tag?post=9113"}],"curies":[{"name":"wp","href":"https:\/\/api.w.org\/{rel}","templated":true}]}}