{"id":9106,"date":"2024-09-06T10:48:48","date_gmt":"2024-09-06T10:48:48","guid":{"rendered":"https:\/\/pippifoder.se\/Ikke%20kategoriseret\/fuglefoder-proeveboks\/"},"modified":"2026-04-15T13:01:42","modified_gmt":"2026-04-15T11:01:42","slug":"fuglefoder-proeveboks","status":"publish","type":"product","link":"https:\/\/pippifoder.se\/da\/produkt\/fuglefoder\/fuglefoder-proeveboks\/","title":{"rendered":"Fuglefoder, pr\u00f8veboks"},"content":{"rendered":"","protected":false},"excerpt":{"rendered":"<p>Ofte fodrer man med de samme fr\u00f8, som man plejer, men det er ikke alle fugle, der kan lide den samme mad. For at tiltr\u00e6kke flere fugle til bordet kan det v\u00e6re godt at tilbyde forskellige f\u00f8devarer. For at g\u00f8re det lettere at turde pr\u00f8ve nye ting, har vi udviklet en pr\u00f8vekasse, der indeholder:  <\/p>\n<ul>\n<li><a href=\"https:\/\/pippifoder.se\/da\/solsikkefro\/\">Pillede solsikkefr\u00f8<\/a><\/li>\n<li><a href=\"https:\/\/pippifoder.se\/da\/jordnodder\/\">Jordn\u00f8dder med skal<\/a><\/li>\n<li><a href=\"https:\/\/pippifoder.se\/da\/produkt\/fuglefoder\/jordnodder\/blancherede-jordnoedder-til-fugle-10-kg\/\">Blancherede jordn\u00f8dder<\/a><\/li>\n<li><a href=\"https:\/\/pippifoder.se\/fagelmat\/hampafron\/hampafron-15kg\/\">Hampefr\u00f8<\/a><\/li>\n<li><a href=\"https:\/\/pippifoder.se\/da\/produkt\/fuglefoder\/blanding-til-vilde-fugle\/vildfugleblanding-uden-skal-15-kg\/\">Vildfugleblanding uden skal<\/a><\/li>\n<li><a href=\"https:\/\/pippifoder.se\/da\/produkt\/fuglefoder\/fuglefro\/noegen-havre-25-kg\/\">N\u00f8gen havre<\/a><\/li>\n<li><a href=\"https:\/\/pippifoder.se\/da\/talgkugler-til-sma-fugle\/\">6 kugler talg<\/a><\/li>\n<li><a href=\"https:\/\/pippifoder.se\/da\/talgfro-bar\/\">1 bar med talgfr\u00f8<\/a><\/li>\n<li><a href=\"https:\/\/pippifoder.se\/da\/fedtfro-blanding\/\">1 fed fr\u00f8blanding<\/a>.<\/li>\n<\/ul>\n<p>Samlet v\u00e6gt af foder, ca. 3,5 kg<\/p>\n<p>Jeg h\u00e5ber, du t\u00f8r pr\u00f8ve noget nyt!<\/p>\n<p>Hvis du har brug for et passende foderbr\u00e6t, kan du finde <a href=\"https:\/\/pippifoder.se\/da\/foderautomater-til-fugle\/\">alle vores foderbr\u00e6tter her<\/a>!<\/p>\n","protected":false},"featured_media":7612,"comment_status":"closed","ping_status":"closed","template":"","meta":{"_acf_changed":false},"product_brand":[],"product_cat":[98,116,571],"product_tag":[],"class_list":{"0":"post-9106","1":"product","2":"type-product","3":"status-publish","4":"has-post-thumbnail","6":"product_cat-fuglefoder","7":"product_cat-fuglefro","8":"product_cat-julegaveideer-til-fugleelskere-i-2025","10":"first","11":"instock","12":"taxable","13":"shipping-taxable","14":"purchasable","15":"product-type-simple"},"bundled_by":[],"bundle_stock_status":"instock","bundle_stock_quantity":null,"bundle_virtual":false,"bundle_layout":"","bundle_add_to_cart_form_location":"","bundle_editable_in_cart":false,"bundle_sold_individually_context":"","bundle_item_grouping":"","bundle_min_size":"","bundle_max_size":"","bundle_price":[],"bundled_items":[],"bundle_sell_ids":[],"acf":[],"_links":{"self":[{"href":"https:\/\/pippifoder.se\/da\/wp-json\/wp\/v2\/product\/9106","targetHints":{"allow":["GET"]}}],"collection":[{"href":"https:\/\/pippifoder.se\/da\/wp-json\/wp\/v2\/product"}],"about":[{"href":"https:\/\/pippifoder.se\/da\/wp-json\/wp\/v2\/types\/product"}],"replies":[{"embeddable":true,"href":"https:\/\/pippifoder.se\/da\/wp-json\/wp\/v2\/comments?post=9106"}],"wp:featuredmedia":[{"embeddable":true,"href":"https:\/\/pippifoder.se\/da\/wp-json\/wp\/v2\/media\/7612"}],"wp:attachment":[{"href":"https:\/\/pippifoder.se\/da\/wp-json\/wp\/v2\/media?parent=9106"}],"wp:term":[{"taxonomy":"product_brand","embeddable":true,"href":"https:\/\/pippifoder.se\/da\/wp-json\/wp\/v2\/product_brand?post=9106"},{"taxonomy":"product_cat","embeddable":true,"href":"https:\/\/pippifoder.se\/da\/wp-json\/wp\/v2\/product_cat?post=9106"},{"taxonomy":"product_tag","embeddable":true,"href":"https:\/\/pippifoder.se\/da\/wp-json\/wp\/v2\/product_tag?post=9106"}],"curies":[{"name":"wp","href":"https:\/\/api.w.org\/{rel}","templated":true}]}}