{"id":9099,"date":"2023-11-14T11:09:15","date_gmt":"2023-11-14T11:09:15","guid":{"rendered":"https:\/\/pippifoder.se\/Ikke%20kategoriseret\/fuglefoder-i-samarbejde-med-rotnas-gaardsbutik\/"},"modified":"2025-01-27T14:29:37","modified_gmt":"2025-01-27T14:29:37","slug":"fuglefoder-i-samarbejde-med-rotnas-gaardsbutik","status":"publish","type":"product","link":"https:\/\/pippifoder.se\/da\/produkt\/fagelmat\/fuglefoder-i-samarbejde-med-rotnas-gaardsbutik\/","title":{"rendered":"Fuglefoder i samarbejde med Rotn\u00e4s G\u00e5rdsbutik"},"content":{"rendered":"<h2>Pillede solsikkefr\u00f8<\/h2>\n<p>Vi har valgt at tage afskallede solsikkefr\u00f8 med hjem af flere grunde:<\/p>\n<ul>\n<li>Der er dobbelt s\u00e5 mange fr\u00f8 i posen, og skallerne udg\u00f8r n\u00e6sten 50 % af v\u00e6gten!<\/li>\n<li>Du og dine naboer slipper for at skulle h\u00e5ndtere en masse affald fra solsikkeskaller<\/li>\n<li>Der bruges halvt s\u00e5 meget emballage<\/li>\n<li>Det kr\u00e6ver kun halvt s\u00e5 meget plads at opbevare den samme m\u00e6ngde mad<\/li>\n<li>Flere fugle kan spise lettere, ikke alle er begavet med et rigtigt skaldyrsn\u00e6b<\/li>\n<\/ul>\n<h2><strong>Jordn\u00f8dder med skal<\/strong><\/h2>\n<p>Vi tager ogs\u00e5 afskallede <b>jordn\u00f8dder <\/b>med hjem i store m\u00e6ngder og tager kun \u00a3349\/s\u00e6k for 10 kg eller \u00a3869\/s\u00e6k for 25 kg!<\/p>\n<h2><strong>Talgkugler i spand<\/strong><\/h2>\n<p>Vi har ogs\u00e5 talgkugler i spande uden net. <b>Sugekuglerne <\/b>er i en spand med 50 i spanden, og vi tager kun 145kr\/spand. <\/p>\n","protected":false},"excerpt":{"rendered":"<p>Afskallede solsikkefr\u00f8, afskallede jordn\u00f8dder og talgkugler til halv pris! Rotn\u00e4s G\u00e5rdsbutik henter i samarbejde med Pippifoder en stor sending fuglefoder hjem. Med den store leverance f\u00e5r vi en rigtig god pris og tager f.eks. kun <strong>SEK 665 for 25 kg afskallede solsikkefr\u00f8<\/strong>, det er <u>halv pris i forhold til ex Granng\u00e5rden!<\/u> Alle produkter er billigere end handel og internet! <strong>Levering sker hos Rotn\u00e4s G\u00e5rdsbutik i Karlstad 15.-17. december.<\/strong> Vi h\u00e5ber, at du benytter lejligheden til at bestille alle vinterens behov, s\u00e5 fuglene bliver glade!  <\/p>\n","protected":false},"featured_media":6493,"comment_status":"closed","ping_status":"closed","template":"","meta":{"_acf_changed":false},"product_brand":[],"product_cat":[15],"product_tag":[],"class_list":{"0":"post-9099","1":"product","2":"type-product","3":"status-publish","4":"has-post-thumbnail","6":"product_cat-fagelmat","8":"first","9":"instock","10":"taxable","11":"shipping-taxable","12":"product-type-grouped"},"bundled_by":[],"bundle_stock_status":"instock","bundle_stock_quantity":null,"bundle_virtual":false,"bundle_layout":"","bundle_add_to_cart_form_location":"","bundle_editable_in_cart":false,"bundle_sold_individually_context":"","bundle_item_grouping":"","bundle_min_size":"","bundle_max_size":"","bundle_price":[],"bundled_items":[],"bundle_sell_ids":[],"acf":[],"_links":{"self":[{"href":"https:\/\/pippifoder.se\/da\/wp-json\/wp\/v2\/product\/9099","targetHints":{"allow":["GET"]}}],"collection":[{"href":"https:\/\/pippifoder.se\/da\/wp-json\/wp\/v2\/product"}],"about":[{"href":"https:\/\/pippifoder.se\/da\/wp-json\/wp\/v2\/types\/product"}],"replies":[{"embeddable":true,"href":"https:\/\/pippifoder.se\/da\/wp-json\/wp\/v2\/comments?post=9099"}],"wp:featuredmedia":[{"embeddable":true,"href":"https:\/\/pippifoder.se\/da\/wp-json\/wp\/v2\/media\/6493"}],"wp:attachment":[{"href":"https:\/\/pippifoder.se\/da\/wp-json\/wp\/v2\/media?parent=9099"}],"wp:term":[{"taxonomy":"product_brand","embeddable":true,"href":"https:\/\/pippifoder.se\/da\/wp-json\/wp\/v2\/product_brand?post=9099"},{"taxonomy":"product_cat","embeddable":true,"href":"https:\/\/pippifoder.se\/da\/wp-json\/wp\/v2\/product_cat?post=9099"},{"taxonomy":"product_tag","embeddable":true,"href":"https:\/\/pippifoder.se\/da\/wp-json\/wp\/v2\/product_tag?post=9099"}],"curies":[{"name":"wp","href":"https:\/\/api.w.org\/{rel}","templated":true}]}}