{"id":61525,"date":"2026-02-27T12:13:36","date_gmt":"2026-02-27T12:13:36","guid":{"rendered":"https:\/\/pippifoder.se\/Ikke%20kategoriseret\/pippifoder-gavekort\/"},"modified":"2026-04-15T13:02:44","modified_gmt":"2026-04-15T11:02:44","slug":"pippifoder-gavekort","status":"publish","type":"product","link":"https:\/\/pippifoder.se\/da\/produkt\/gavekort-2\/pippifoder-gavekort\/","title":{"rendered":"Pippifoder-gavekort"},"content":{"rendered":"<h3 data-start=\"538\" data-end=\"607\">\ud83c\udf81 Gavekort fra Pippifoder &#8211; en gave, der bringer liv til haven<\/h3>\n<p data-start=\"609\" data-end=\"823\">Leder du efter en gave, der virkelig vil blive brugt? Med et <strong data-start=\"681\" data-end=\"712\">gavekort fra Pippifoder<\/strong> giver du mulighed for at v\u00e6lge mellem kvalitetsprodukter til b\u00e5de havens fugle og g\u00e5rdens dyr. <\/p>\n<p data-start=\"825\" data-end=\"861\">Hos os finder modtageren alt fra:<\/p>\n<ul data-start=\"863\" data-end=\"1120\">\n<li data-start=\"863\" data-end=\"914\">\n<p data-start=\"865\" data-end=\"914\">N\u00e6ringsrigt <strong data-start=\"876\" data-end=\"888\">fuglefoder<\/strong> til alle \u00e5rstider<\/p>\n<\/li>\n<li data-start=\"915\" data-end=\"958\">\n<p data-start=\"917\" data-end=\"958\">Kraftfuldt og afbalanceret <strong data-start=\"943\" data-end=\"956\">kyllingefoder<\/strong><\/p>\n<\/li>\n<li data-start=\"959\" data-end=\"1002\">\n<p data-start=\"961\" data-end=\"1002\">Skr\u00e6ddersyet <strong data-start=\"970\" data-end=\"983\">vildtfoder<\/strong> til skovens dyr<\/p>\n<\/li>\n<li data-start=\"1003\" data-end=\"1047\">\n<p data-start=\"1005\" data-end=\"1047\">Praktiske og dekorative <strong data-start=\"1030\" data-end=\"1045\">fuglefoderautomater<\/strong><\/p>\n<\/li>\n<li data-start=\"1048\" data-end=\"1120\">\n<p data-start=\"1050\" data-end=\"1120\">Tilbeh\u00f8r og produkter til at skabe et levende fugleliv i haven<\/p>\n<\/li>\n<\/ul>\n<p data-start=\"1122\" data-end=\"1158\">Et gavekort er det perfekte supplement:<\/p>\n<p data-start=\"1160\" data-end=\"1276\">\u2714 Fugleelskere<br data-start=\"1179\" data-end=\"1182\">\u2714 H\u00f8nseejere<br data-start=\"1193\" data-end=\"1196\">\u2714 J\u00e6gere og vildtplejere<br data-start=\"1220\" data-end=\"1223\">\u2714 Haveentusiaster<br data-start=\"1245\" data-end=\"1248\">\u2714 Dem, der &#8220;allerede har alt&#8221;<\/p>\n<p data-start=\"1278\" data-end=\"1471\">Det er en fleksibel og v\u00e6rdsat gave, hvor modtageren selv v\u00e6lger sine favoritter fra vores sortiment. Perfekt til f\u00f8dselsdage, julegaver, mors dag, fars dag eller som en spontan p\u00e5sk\u00f8nnelse. <\/p>\n<h3 data-start=\"1473\" data-end=\"1507\">\ud83c\udf3f En gave, der g\u00f8r en forskel<\/h3>\n<p>&nbsp;<\/p>\n<p data-start=\"1509\" data-end=\"1707\">N\u00e5r du giver et gavekort fra Pippifoder, hj\u00e6lper du flere mennesker med at st\u00f8tte sm\u00e5fugle, h\u00f8ns og vilde dyr med den rigtige ern\u00e6ring og det rigtige udstyr. En bet\u00e6nksom gave &#8211; b\u00e5de for modtageren og for dyrelivet. <\/p>\n","protected":false},"excerpt":{"rendered":"<p data-start=\"192\" data-end=\"280\"><strong data-start=\"192\" data-end=\"278\">Gavekort fra Pippifoder &#8211; den perfekte gave til dyre- og haveelskeren!<\/strong><\/p>\n<p data-start=\"282\" data-end=\"500\">Giv friheden til at v\u00e6lge fra vores fulde sortiment af fuglefoder, h\u00f8nsefoder, vildtfoder, fuglefoderautomater og meget mere. En v\u00e6rdsat gave, der er lige velegnet til f\u00f8dselsdage, jul eller som en bet\u00e6nksom overraskelse. <\/p>\n<p data-start=\"282\" data-end=\"500\">V\u00e6lg det bel\u00f8b, du vil donere.<\/p>\n","protected":false},"featured_media":56943,"comment_status":"open","ping_status":"closed","template":"","meta":{"_acf_changed":false},"product_brand":[],"product_cat":[728,175,98,114,727,725,722,358,723,334,724,726,363,149,325,581],"product_tag":[],"class_list":{"0":"post-61525","1":"product","2":"type-product","3":"status-publish","4":"has-post-thumbnail","6":"product_cat-gavekort-2","7":"product_cat-foderautomater-til-fugle","8":"product_cat-fuglefoder","9":"product_cat-fuglerede","10":"product_cat-gavekort","11":"product_cat-heste","12":"product_cat-hund","13":"product_cat-insekthoteller","14":"product_cat-kat","15":"product_cat-kyllinger","16":"product_cat-smagsprover-pa-hundefoder","17":"product_cat-smagsprover-pa-kattemad","18":"product_cat-sommerfuglehus","19":"product_cat-tilbehor","20":"product_cat-tradgard-da","21":"product_cat-vildtfoder","23":"first","24":"instock","25":"taxable","26":"shipping-taxable","27":"purchasable","28":"product-type-wgm_gift_card"},"bundled_by":[],"bundle_stock_status":"instock","bundle_stock_quantity":null,"bundle_virtual":false,"bundle_layout":"","bundle_add_to_cart_form_location":"","bundle_editable_in_cart":false,"bundle_sold_individually_context":"","bundle_item_grouping":"","bundle_min_size":"","bundle_max_size":"","bundle_price":[],"bundled_items":[],"bundle_sell_ids":[],"acf":[],"_links":{"self":[{"href":"https:\/\/pippifoder.se\/da\/wp-json\/wp\/v2\/product\/61525","targetHints":{"allow":["GET"]}}],"collection":[{"href":"https:\/\/pippifoder.se\/da\/wp-json\/wp\/v2\/product"}],"about":[{"href":"https:\/\/pippifoder.se\/da\/wp-json\/wp\/v2\/types\/product"}],"replies":[{"embeddable":true,"href":"https:\/\/pippifoder.se\/da\/wp-json\/wp\/v2\/comments?post=61525"}],"wp:featuredmedia":[{"embeddable":true,"href":"https:\/\/pippifoder.se\/da\/wp-json\/wp\/v2\/media\/56943"}],"wp:attachment":[{"href":"https:\/\/pippifoder.se\/da\/wp-json\/wp\/v2\/media?parent=61525"}],"wp:term":[{"taxonomy":"product_brand","embeddable":true,"href":"https:\/\/pippifoder.se\/da\/wp-json\/wp\/v2\/product_brand?post=61525"},{"taxonomy":"product_cat","embeddable":true,"href":"https:\/\/pippifoder.se\/da\/wp-json\/wp\/v2\/product_cat?post=61525"},{"taxonomy":"product_tag","embeddable":true,"href":"https:\/\/pippifoder.se\/da\/wp-json\/wp\/v2\/product_tag?post=61525"}],"curies":[{"name":"wp","href":"https:\/\/api.w.org\/{rel}","templated":true}]}}