{"id":61520,"date":"2026-03-10T10:11:06","date_gmt":"2026-03-10T10:11:06","guid":{"rendered":"https:\/\/pippifoder.se\/Ikke kategoriseret\/bland-som-du-vil-5-rabat\/"},"modified":"2026-04-15T13:02:06","modified_gmt":"2026-04-15T11:02:06","slug":"bland-som-du-vil-5-rabat","status":"publish","type":"product","link":"https:\/\/pippifoder.se\/da\/produkt\/fuglefoder\/stor-pakke-da\/bland-som-du-vil-5-rabat\/","title":{"rendered":"Bland som du vil, 5% rabat"},"content":{"rendered":"","protected":false},"excerpt":{"rendered":"<p>Bland fuglefoder, som du vil, p\u00e5 en halv eller hel palle, og f\u00e5 5 % rabat p\u00e5 hele dit k\u00f8b og gratis fragt! V\u00e6lg mindst 10 produkter fra listen, s\u00e5 f\u00e5r du 5 % rabat, og hele ordren bliver leveret til din d\u00f8r p\u00e5 en palle. Perfekt, hvis du vil k\u00f8be lidt mere til dig selv eller dele med naboerne.  <\/p>\n","protected":false},"featured_media":58212,"comment_status":"open","ping_status":"closed","template":"","meta":{"_acf_changed":false},"product_brand":[],"product_cat":[50,98,185],"product_tag":[],"class_list":{"0":"post-61520","1":"product","2":"type-product","3":"status-publish","4":"has-post-thumbnail","6":"product_cat-fagelfron-fagelmat-pa-rea","7":"product_cat-fuglefoder","8":"product_cat-stor-pakke-da","10":"first","11":"instock","12":"sale","13":"taxable","14":"shipping-taxable","15":"purchasable","16":"product-type-simple"},"bundled_by":[],"bundle_stock_status":"instock","bundle_stock_quantity":null,"bundle_virtual":false,"bundle_layout":"","bundle_add_to_cart_form_location":"","bundle_editable_in_cart":false,"bundle_sold_individually_context":"","bundle_item_grouping":"","bundle_min_size":"","bundle_max_size":"","bundle_price":[],"bundled_items":[],"bundle_sell_ids":[],"acf":[],"_links":{"self":[{"href":"https:\/\/pippifoder.se\/da\/wp-json\/wp\/v2\/product\/61520","targetHints":{"allow":["GET"]}}],"collection":[{"href":"https:\/\/pippifoder.se\/da\/wp-json\/wp\/v2\/product"}],"about":[{"href":"https:\/\/pippifoder.se\/da\/wp-json\/wp\/v2\/types\/product"}],"replies":[{"embeddable":true,"href":"https:\/\/pippifoder.se\/da\/wp-json\/wp\/v2\/comments?post=61520"}],"wp:featuredmedia":[{"embeddable":true,"href":"https:\/\/pippifoder.se\/da\/wp-json\/wp\/v2\/media\/58212"}],"wp:attachment":[{"href":"https:\/\/pippifoder.se\/da\/wp-json\/wp\/v2\/media?parent=61520"}],"wp:term":[{"taxonomy":"product_brand","embeddable":true,"href":"https:\/\/pippifoder.se\/da\/wp-json\/wp\/v2\/product_brand?post=61520"},{"taxonomy":"product_cat","embeddable":true,"href":"https:\/\/pippifoder.se\/da\/wp-json\/wp\/v2\/product_cat?post=61520"},{"taxonomy":"product_tag","embeddable":true,"href":"https:\/\/pippifoder.se\/da\/wp-json\/wp\/v2\/product_tag?post=61520"}],"curies":[{"name":"wp","href":"https:\/\/api.w.org\/{rel}","templated":true}]}}