{"id":57589,"date":"2026-03-03T08:18:49","date_gmt":"2026-03-03T08:18:49","guid":{"rendered":"https:\/\/pippifoder.se\/?post_type=product&#038;p=57589"},"modified":"2026-03-03T11:26:29","modified_gmt":"2026-03-03T11:26:29","slug":"fynd-20-kg-afskallede-solsikkefro-i-en-tonde-kopia","status":"publish","type":"product","link":"https:\/\/pippifoder.se\/da\/produkt\/tilbudshjoerne\/fynd-20-kg-afskallede-solsikkefro-i-en-tonde-kopia\/","title":{"rendered":"FYND &#8211; 20 kg afskallede solsikkefr\u00f8 i en t\u00f8nde (kopia)"},"content":{"rendered":"","protected":false},"excerpt":{"rendered":"<p>Ca. 20 kg afskallede solsikkefr\u00f8 i en gr\u00f8n fodert\u00f8nde. BEM\u00c6RK, der er ingen s\u00e6k i t\u00f8nden, fr\u00f8ene er fra \u00f8delagte s\u00e6kke, som vi har h\u00e6ldt i en fodert\u00f8nde. Der er ikke noget galt med foderet, men vi kan ikke s\u00e6lge det, n\u00e5r s\u00e6kken er g\u00e5et i stykker.  <\/p>\n","protected":false},"featured_media":21532,"comment_status":"open","ping_status":"closed","template":"","meta":{"_acf_changed":false},"product_brand":[],"product_cat":[297,118,111],"product_tag":[],"class_list":{"0":"post-57589","1":"product","2":"type-product","3":"status-publish","4":"has-post-thumbnail","6":"product_cat-tilbudshjoerne","7":"product_cat-foder-og-mad-til-kyllinger","8":"product_cat-fuglefro-og-fuglefoder-pa-udsalg","10":"first","11":"outofstock","12":"sale","13":"taxable","14":"shipping-taxable","15":"purchasable","16":"product-type-simple"},"bundled_by":[],"bundle_stock_status":"outofstock","bundle_stock_quantity":0,"bundle_virtual":false,"bundle_layout":"","bundle_add_to_cart_form_location":"","bundle_editable_in_cart":false,"bundle_sold_individually_context":"","bundle_item_grouping":"","bundle_min_size":"","bundle_max_size":"","bundle_price":[],"bundled_items":[],"bundle_sell_ids":[],"acf":[],"_links":{"self":[{"href":"https:\/\/pippifoder.se\/da\/wp-json\/wp\/v2\/product\/57589","targetHints":{"allow":["GET"]}}],"collection":[{"href":"https:\/\/pippifoder.se\/da\/wp-json\/wp\/v2\/product"}],"about":[{"href":"https:\/\/pippifoder.se\/da\/wp-json\/wp\/v2\/types\/product"}],"replies":[{"embeddable":true,"href":"https:\/\/pippifoder.se\/da\/wp-json\/wp\/v2\/comments?post=57589"}],"wp:featuredmedia":[{"embeddable":true,"href":"https:\/\/pippifoder.se\/da\/wp-json\/wp\/v2\/media\/21532"}],"wp:attachment":[{"href":"https:\/\/pippifoder.se\/da\/wp-json\/wp\/v2\/media?parent=57589"}],"wp:term":[{"taxonomy":"product_brand","embeddable":true,"href":"https:\/\/pippifoder.se\/da\/wp-json\/wp\/v2\/product_brand?post=57589"},{"taxonomy":"product_cat","embeddable":true,"href":"https:\/\/pippifoder.se\/da\/wp-json\/wp\/v2\/product_cat?post=57589"},{"taxonomy":"product_tag","embeddable":true,"href":"https:\/\/pippifoder.se\/da\/wp-json\/wp\/v2\/product_tag?post=57589"}],"curies":[{"name":"wp","href":"https:\/\/api.w.org\/{rel}","templated":true}]}}