{"id":54759,"date":"2026-02-11T04:50:49","date_gmt":"2026-02-11T04:50:49","guid":{"rendered":"https:\/\/pippifoder.se\/?post_type=product&#038;p=54759"},"modified":"2026-02-13T18:11:38","modified_gmt":"2026-02-13T18:11:38","slug":"birdfy-fuglefoderautomat-med-kamera-bla-kopia-2","status":"publish","type":"product","link":"https:\/\/pippifoder.se\/da\/produkt\/foderautomater-til-fugle\/fuglefoderautomat-og-fuglehus-med-kamera\/birdfy-fuglefoderautomat-med-kamera-bla-kopia-2\/","title":{"rendered":"Birdfy Ebony Lite, fuglefoderautomat med kamera inkl. solceller og livstidslicens"},"content":{"rendered":"<p>Birdfy Ebony Lite drives af <strong>solpaneler<\/strong>, s\u00e5 du beh\u00f8ver ikke at bekymre dig om at skifte batterier. Oplev fuglelivet i din have p\u00e5 en helt ny m\u00e5de med dette <strong data-start=\"157\" data-end=\"196\">intelligente foderbr\u00e6t med kamera,<\/strong> som g\u00f8r det nemt at f\u00f8lge naturens bes\u00f8g &#8211; direkte p\u00e5 din smartphone. Birdfy Ebony Lite kombinerer moderne teknologi med elegant design til dem, der gerne vil se sm\u00e5fugle helt t\u00e6t p\u00e5 og fange deres adf\u00e6rd i h\u00f8j kvalitet.  <\/p>\n<h3 data-start=\"453\" data-end=\"485\">\ud83d\udcf8 Funktioner og fordele<\/h3>\n<p>&nbsp;<\/p>\n<ul data-start=\"486\" data-end=\"1504\">\n<li data-start=\"486\" data-end=\"709\">\n<p data-start=\"488\" data-end=\"709\"><strong data-start=\"488\" data-end=\"523\">HD-kamera med Wi-Fi-forbindelse:<\/strong> Optag skarpe <strong data-start=\"561\" data-end=\"573\">1080p HD-videoer<\/strong> og billeder af fugle, n\u00e5r de kommer for at spise &#8211; b\u00e5de dag og nat, takket v\u00e6re kraftfuld optagelsesteknologi.<\/p>\n<\/li>\n<li data-start=\"710\" data-end=\"926\">\n<p data-start=\"712\" data-end=\"926\"><strong data-start=\"712\" data-end=\"746\">AI-funktioner og live-meddelelser:<\/strong> Integrer med Birdfy-appen for at f\u00e5 meddelelser i realtid, n\u00e5r der sker noget ved foderautomaten, se live-video og gemme optagelser i skyen.<\/p>\n<\/li>\n<li data-start=\"927\" data-end=\"1158\">\n<p data-start=\"929\" data-end=\"1158\"><strong data-start=\"929\" data-end=\"962\">Solpanel og lang batterilevetid:<\/strong> Det indbyggede solpanel giver kameraet kontinuerlig str\u00f8m uden ekstern opladning, hvilket g\u00f8r det perfekt til haven, altanen eller terrassen hele \u00e5ret rundt.<\/p>\n<\/li>\n<li data-start=\"1159\" data-end=\"1337\">\n<p data-start=\"1161\" data-end=\"1337\"><strong data-start=\"1161\" data-end=\"1204\">Vejrbestandig og nem at installere:<\/strong> IP-klassificeret design modst\u00e5r regn og vind og kan nemt monteres p\u00e5 en v\u00e6g, en stolpe eller et tr\u00e6.<\/p>\n<\/li>\n<li data-start=\"1338\" data-end=\"1504\">\n<p data-start=\"1340\" data-end=\"1504\"><strong data-start=\"1340\" data-end=\"1387\">Kompatibel med iOS, Android og smart home:<\/strong> Styr, se og del fugleperspektivet via appen og med smart home-integrationer.<\/p>\n<\/li>\n<li data-start=\"1338\" data-end=\"1504\">\n<p data-start=\"1340\" data-end=\"1504\"><strong>Garanti 2 \u00e5r  <\/strong><\/p>\n<\/li>\n<\/ul>\n<p>Producent: NETVUE<br \/>\nMonteringstype: V\u00e6gmontering (beslaget sidder bag foderautomaten, du kan ogs\u00e5 s\u00e6tte den fast p\u00e5 en stolpe eller lignende)<br \/>\nStr\u00f8mkilde: Solcelledrevet<br \/>\nVolumen: 2 liter<br \/>\nAnvendelse: Fuglekiggeri<\/p>\n<h2>Birdfy brugermanual p\u00e5 svensk<\/h2>\n<p>Her er en oversat brugsanvisning til Birdfy Ebony Lite p\u00e5 svensk:<\/p>\n<p><a href=\"https:\/\/pippifoder.se\/app\/uploads\/2026\/02\/User-Manual-Birdfy-Nest-Ebony-ENSV.pdf\">Birdfy Ebony Lite brugervejledning<\/a><\/p>\n","protected":false},"excerpt":{"rendered":"<p>Birdfy Ebony Lite, fuglefoderautomat med kamera og solceller! Birdfy Ebony Lite er en fuglefoderautomat med et integreret kamera, som giver dig mulighed for at f\u00f8lge fuglene, der bes\u00f8ger foderautomaten, i realtid!  Den gratis app kan ogs\u00e5 identificere fuglene med AI og give dig besked, n\u00e5r du f\u00e5r bes\u00f8g &#8211; det er b\u00e5de l\u00e6rerigt og sjovt!<\/p>\n<p>Fuglefoderhuset er lavet af FSC-godkendt tr\u00e6 og har en volumen p\u00e5 2 liter fr\u00f8.  <strong>Livstidslicens inkluderet til appen!<\/strong><\/p>\n<p><a href=\"https:\/\/pippifoder.se\/da\/fuglefoderautomat-og-fuglehus-med-kamera\/\">Se alle fuglefoderautomater og redekasser med kamera<\/a><\/p>\n","protected":false},"featured_media":54764,"comment_status":"open","ping_status":"closed","template":"","meta":{"_acf_changed":false},"product_brand":[],"product_cat":[579,175,177,170,571],"product_tag":[],"class_list":{"0":"post-54759","1":"product","2":"type-product","3":"status-publish","4":"has-post-thumbnail","6":"product_cat-fuglefoderautomat-og-fuglehus-med-kamera","7":"product_cat-foderautomater-til-fugle","8":"product_cat-fuglebord-dk","9":"product_cat-fuglefoderautomat-til-fuglefro","10":"product_cat-julegaveideer-til-fugleelskere-i-2025","12":"first","13":"outofstock","14":"taxable","15":"shipping-taxable","16":"purchasable","17":"product-type-simple"},"bundled_by":[],"bundle_stock_status":"outofstock","bundle_stock_quantity":0,"bundle_virtual":false,"bundle_layout":"","bundle_add_to_cart_form_location":"","bundle_editable_in_cart":false,"bundle_sold_individually_context":"","bundle_item_grouping":"","bundle_min_size":"","bundle_max_size":"","bundle_price":[],"bundled_items":[],"bundle_sell_ids":[],"acf":[],"_links":{"self":[{"href":"https:\/\/pippifoder.se\/da\/wp-json\/wp\/v2\/product\/54759","targetHints":{"allow":["GET"]}}],"collection":[{"href":"https:\/\/pippifoder.se\/da\/wp-json\/wp\/v2\/product"}],"about":[{"href":"https:\/\/pippifoder.se\/da\/wp-json\/wp\/v2\/types\/product"}],"replies":[{"embeddable":true,"href":"https:\/\/pippifoder.se\/da\/wp-json\/wp\/v2\/comments?post=54759"}],"wp:featuredmedia":[{"embeddable":true,"href":"https:\/\/pippifoder.se\/da\/wp-json\/wp\/v2\/media\/54764"}],"wp:attachment":[{"href":"https:\/\/pippifoder.se\/da\/wp-json\/wp\/v2\/media?parent=54759"}],"wp:term":[{"taxonomy":"product_brand","embeddable":true,"href":"https:\/\/pippifoder.se\/da\/wp-json\/wp\/v2\/product_brand?post=54759"},{"taxonomy":"product_cat","embeddable":true,"href":"https:\/\/pippifoder.se\/da\/wp-json\/wp\/v2\/product_cat?post=54759"},{"taxonomy":"product_tag","embeddable":true,"href":"https:\/\/pippifoder.se\/da\/wp-json\/wp\/v2\/product_tag?post=54759"}],"curies":[{"name":"wp","href":"https:\/\/api.w.org\/{rel}","templated":true}]}}