{"id":54706,"date":"2026-02-10T19:08:13","date_gmt":"2026-02-10T19:08:13","guid":{"rendered":"https:\/\/pippifoder.se\/?post_type=product&#038;p=54706"},"modified":"2026-04-03T05:11:10","modified_gmt":"2026-04-03T05:11:10","slug":"majsknusning-25-kg-kopia-kopia-kopia","status":"publish","type":"product","link":"https:\/\/pippifoder.se\/da\/produkt\/vildtfoder\/majsknusning-25-kg-kopia-kopia-kopia\/","title":{"rendered":"Vildtpiller 25 kg"},"content":{"rendered":"<p data-start=\"463\" data-end=\"698\">Vildtpiller giver et ensartet og kontrolleret foder med mindre spild sammenlignet med l\u00f8se korn. Den kompakte form g\u00f8r foderet nemt at h\u00e5ndtere, dosere og opbevare, samtidig med at det f\u00e5r vildtet til at blive l\u00e6ngere p\u00e5 foderpladsen. <\/p>\n<p data-start=\"700\" data-end=\"922\">Dette <strong data-start=\"706\" data-end=\"727\">svenske vildtfoder<\/strong> er produceret i Sverige og tilpasset nordiske forhold. Pellets kan bruges som eneste foderr\u00e5vare eller som supplement til andet vildtfoder, afh\u00e6ngigt af s\u00e6son og fodringsstrategi. <\/p>\n<h3 data-start=\"924\" data-end=\"960\">Fordele ved Wildlife Pellets 25 kg<\/h3>\n<p data-start=\"961\" data-end=\"1199\">\u2714 Effektivt og brugervenligt vildtfoder<br data-start=\"997\" data-end=\"1000\">\u2714 Giver ensartet fodring og mindre spild<br data-start=\"1038\" data-end=\"1041\">\u2714 Velegnet til madding, fodringsomr\u00e5der og vildtindhegninger<br data-start=\"1083\" data-end=\"1086\">\u2714 Kan bruges alene eller sammen med andet vildtfoder<br data-start=\"1145\" data-end=\"1148\">\u2714 Produceret i Sverige<br data-start=\"1170\" data-end=\"1173\">\u2714 Praktisk pose p\u00e5 25 kg<\/p>\n<p data-start=\"1201\" data-end=\"1423\">Ved at bruge <strong data-start=\"1219\" data-end=\"1240\">Viltpellets 25 kg<\/strong> bidrager du til en mere struktureret fodring og bedre betingelser for b\u00e6redygtig vildtforvaltning. Fodr altid ansvarligt, og tilpas m\u00e6ngden og placeringen til de lokale forhold. <\/p>\n<p>&nbsp;<\/p>\n<p data-start=\"1425\" data-end=\"1563\">V\u00e6lg <strong data-start=\"1430\" data-end=\"1451\">Viltpellets 25 kg<\/strong>, n\u00e5r du er p\u00e5 udkig efter et <strong data-start=\"1469\" data-end=\"1501\">p\u00e5lideligt, svensk vildtfoder<\/strong>, der er nemt at bruge og giver god kontrol, n\u00e5r du fodrer.<\/p>\n","protected":false},"excerpt":{"rendered":"<p><strong data-start=\"183\" data-end=\"204\">Wildlife Pellets 25 kg<\/strong> er et <strong data-start=\"212\" data-end=\"251\">praktisk og n\u00e6ringsrigt<\/strong> vildtfoder til fodring af vilde dyr i skove og p\u00e5 marker. Pellets er en effektiv m\u00e5de at give energi og n\u00e6ring p\u00e5 <strong data-start=\"362\" data-end=\"397\">foderpladsen, foderpladsen eller vildtindhegningen<\/strong>, is\u00e6r i perioder, hvor den naturlige f\u00f8de er begr\u00e6nset. Produceret i Sverige.  <\/p>\n","protected":false},"featured_media":54708,"comment_status":"closed","ping_status":"closed","template":"","meta":{"_acf_changed":false},"product_brand":[],"product_cat":[581],"product_tag":[],"class_list":{"0":"post-54706","1":"product","2":"type-product","3":"status-publish","4":"has-post-thumbnail","6":"product_cat-vildtfoder","7":"product_group-25kg-sack","9":"first","10":"instock","11":"taxable","12":"shipping-taxable","13":"purchasable","14":"product-type-simple"},"bundled_by":[],"bundle_stock_status":"instock","bundle_stock_quantity":101,"bundle_virtual":false,"bundle_layout":"","bundle_add_to_cart_form_location":"","bundle_editable_in_cart":false,"bundle_sold_individually_context":"","bundle_item_grouping":"","bundle_min_size":"","bundle_max_size":"","bundle_price":[],"bundled_items":[],"bundle_sell_ids":[],"acf":[],"_links":{"self":[{"href":"https:\/\/pippifoder.se\/da\/wp-json\/wp\/v2\/product\/54706","targetHints":{"allow":["GET"]}}],"collection":[{"href":"https:\/\/pippifoder.se\/da\/wp-json\/wp\/v2\/product"}],"about":[{"href":"https:\/\/pippifoder.se\/da\/wp-json\/wp\/v2\/types\/product"}],"replies":[{"embeddable":true,"href":"https:\/\/pippifoder.se\/da\/wp-json\/wp\/v2\/comments?post=54706"}],"wp:featuredmedia":[{"embeddable":true,"href":"https:\/\/pippifoder.se\/da\/wp-json\/wp\/v2\/media\/54708"}],"wp:attachment":[{"href":"https:\/\/pippifoder.se\/da\/wp-json\/wp\/v2\/media?parent=54706"}],"wp:term":[{"taxonomy":"product_brand","embeddable":true,"href":"https:\/\/pippifoder.se\/da\/wp-json\/wp\/v2\/product_brand?post=54706"},{"taxonomy":"product_cat","embeddable":true,"href":"https:\/\/pippifoder.se\/da\/wp-json\/wp\/v2\/product_cat?post=54706"},{"taxonomy":"product_tag","embeddable":true,"href":"https:\/\/pippifoder.se\/da\/wp-json\/wp\/v2\/product_tag?post=54706"}],"curies":[{"name":"wp","href":"https:\/\/api.w.org\/{rel}","templated":true}]}}