{"id":54686,"date":"2026-02-10T18:54:00","date_gmt":"2026-02-10T18:54:00","guid":{"rendered":"https:\/\/pippifoder.se\/?post_type=product&#038;p=54686"},"modified":"2026-02-13T18:11:48","modified_gmt":"2026-02-13T18:11:48","slug":"majsknusning-25-kg-kopia","status":"publish","type":"product","link":"https:\/\/pippifoder.se\/da\/produkt\/vildtfoder\/majsknusning-25-kg-kopia\/","title":{"rendered":"Hele majs 25 kg"},"content":{"rendered":"<p data-start=\"468\" data-end=\"745\">Majs bruges ofte som vildtfoder <strong data-start=\"490\" data-end=\"517\">til vildsvin<\/strong>, men er ogs\u00e5 velegnet til fodring af andre hovdyr og sm\u00e5vildt afh\u00e6ngigt af fodringsstrategi og \u00e5rstid. De hele korn i majs giver et foder, som det tager tid at spise, hvilket bidrager til l\u00e6ngere bes\u00f8g p\u00e5 foderpladsen og mindre spild. <\/p>\n<p data-start=\"747\" data-end=\"968\">Denne <strong data-start=\"753\" data-end=\"783\">big bag med 25 kg vildtfoder<\/strong> er nem at h\u00e5ndtere, opbevare og dosere. Majs kan bruges som et enkelt fodermiddel eller blandes med andet vildtfoder som korn eller pellets for at skabe en mere varieret kost. <\/p>\n<h3 data-start=\"970\" data-end=\"1003\">Fordele ved hele majs 25 kg<\/h3>\n<p data-start=\"1004\" data-end=\"1214\">\u2714 Popul\u00e6rt og gennempr\u00f8vet vildtfoder<br data-start=\"1037\" data-end=\"1040\">\u2714 H\u00f8jt energiindhold og god smag<br data-start=\"1080\" data-end=\"1083\">\u2714 Velegnet til lokkemad, foderpladser og vildtindhegninger<br data-start=\"1127\" data-end=\"1130\">\u2714 Kan bruges alene eller blandes med andet vildtfoder<br data-start=\"1185\" data-end=\"1188\">\u2714 Praktisk pose p\u00e5 25 kg<\/p>\n<p data-start=\"1216\" data-end=\"1473\"><strong data-start=\"1216\" data-end=\"1228\">Hel majs<\/strong> er bedst egnet til fodring i perioder, hvor dyrene har brug for ekstra energi, f.eks. om efter\u00e5ret og vinteren. For at opn\u00e5 de bedste resultater skal fodringen altid ske p\u00e5 en ansvarlig m\u00e5de og tilpasses de lokale forhold og g\u00e6ldende anbefalinger. <\/p>\n<p>&nbsp;<\/p>\n<p data-start=\"1475\" data-end=\"1632\">V\u00e6lg <strong data-start=\"1480\" data-end=\"1498\">Maize Whole 25 kg<\/strong> som et p\u00e5lideligt og effektivt <strong data-start=\"1531\" data-end=\"1544\">vildtfoder<\/strong> til dem, der \u00f8nsker at st\u00f8tte og kontrollere vildtets bev\u00e6gelser p\u00e5 en kontrolleret m\u00e5de.<\/p>\n","protected":false},"excerpt":{"rendered":"<p><strong data-start=\"215\" data-end=\"233\">Hel majs 25 kg<\/strong> er et popul\u00e6rt og <strong data-start=\"254\" data-end=\"278\">energirigt<\/strong> vildtfoder, der anvendes til fodring af vilde dyr i skove og p\u00e5 marker. Hele majsen har et h\u00f8jt energiindhold og en god smagbarhed, hvilket g\u00f8r den s\u00e6rligt effektiv som <strong data-start=\"426\" data-end=\"463\">vildtfoder<\/strong> p\u00e5 lokke- <strong data-start=\"426\" data-end=\"463\">og foderpladsen<\/strong>. Majsen er produceret i Sverige.  <\/p>\n","protected":false},"featured_media":54690,"comment_status":"closed","ping_status":"closed","template":"","meta":{"_acf_changed":false},"product_brand":[],"product_cat":[581],"product_tag":[],"class_list":{"0":"post-54686","1":"product","2":"type-product","3":"status-publish","4":"has-post-thumbnail","6":"product_cat-vildtfoder","7":"product_group-25kg-sack","9":"first","10":"outofstock","11":"taxable","12":"shipping-taxable","13":"purchasable","14":"product-type-simple"},"bundled_by":[],"bundle_stock_status":"outofstock","bundle_stock_quantity":0,"bundle_virtual":false,"bundle_layout":"","bundle_add_to_cart_form_location":"","bundle_editable_in_cart":false,"bundle_sold_individually_context":"","bundle_item_grouping":"","bundle_min_size":"","bundle_max_size":"","bundle_price":[],"bundled_items":[],"bundle_sell_ids":[],"acf":[],"_links":{"self":[{"href":"https:\/\/pippifoder.se\/da\/wp-json\/wp\/v2\/product\/54686","targetHints":{"allow":["GET"]}}],"collection":[{"href":"https:\/\/pippifoder.se\/da\/wp-json\/wp\/v2\/product"}],"about":[{"href":"https:\/\/pippifoder.se\/da\/wp-json\/wp\/v2\/types\/product"}],"replies":[{"embeddable":true,"href":"https:\/\/pippifoder.se\/da\/wp-json\/wp\/v2\/comments?post=54686"}],"wp:featuredmedia":[{"embeddable":true,"href":"https:\/\/pippifoder.se\/da\/wp-json\/wp\/v2\/media\/54690"}],"wp:attachment":[{"href":"https:\/\/pippifoder.se\/da\/wp-json\/wp\/v2\/media?parent=54686"}],"wp:term":[{"taxonomy":"product_brand","embeddable":true,"href":"https:\/\/pippifoder.se\/da\/wp-json\/wp\/v2\/product_brand?post=54686"},{"taxonomy":"product_cat","embeddable":true,"href":"https:\/\/pippifoder.se\/da\/wp-json\/wp\/v2\/product_cat?post=54686"},{"taxonomy":"product_tag","embeddable":true,"href":"https:\/\/pippifoder.se\/da\/wp-json\/wp\/v2\/product_tag?post=54686"}],"curies":[{"name":"wp","href":"https:\/\/api.w.org\/{rel}","templated":true}]}}