{"id":44421,"date":"2025-11-26T18:47:45","date_gmt":"2025-11-26T18:47:45","guid":{"rendered":"https:\/\/pippifoder.se\/?post_type=product&#038;p=44421"},"modified":"2026-04-15T13:03:02","modified_gmt":"2026-04-15T11:03:02","slug":"afskallede-solsikkefro-15-kg-kopia-2","status":"publish","type":"product","link":"https:\/\/pippifoder.se\/da\/produkt\/fuglefoder\/solsikkefro\/afskallede-solsikkefro-15-kg-kopia-2\/","title":{"rendered":"Solsikkefr\u00f8 med skal 10 kg"},"content":{"rendered":"<p>Solsikkefr\u00f8 med skal er ikke kun en sommerforn\u00f8jelse, men spiller ogs\u00e5 en afg\u00f8rende rolle for sm\u00e5fugles overlevelse, f.eks. bl\u00e5mejser, gr\u00f8nirisker og solsorte. Disse fugle bruger en stor del af deres v\u00e5gne tid p\u00e5 at lede efter f\u00f8de. At give dem afskallede fr\u00f8 g\u00f8r det lettere for dem, da de ikke beh\u00f8ver at anstrenge sig for at \u00e5bne fr\u00f8skallerne. Det sparer v\u00e6rdifuld tid og g\u00f8r fodringen mere effektiv.   <\/p>\n<p>Vores afskallede solsikkefr\u00f8 har et lavt fugtindhold p\u00e5 mindre end 8 % og en renhed p\u00e5 over 99,95 %, hvilket viser deres h\u00f8je kvalitet. Solsikkefr\u00f8 indeholder 18% protein og 62% fedt, hvilket er vigtigt for fuglenes ern\u00e6ring. <\/p>\n<p>Afskallede solsikkefr\u00f8 betyder ogs\u00e5 mindre affald og u\u00f8nskede rester i haven. Deres energirige natur g\u00f8r dem ideelle til alle typer fugle. En pose p\u00e5 10 kg svarer til ca. 20 kg uskr\u00e6llede fr\u00f8, og de er dobbeltrensede for at undg\u00e5 forurenende stoffer som pinde og snavs. Solsikkefr\u00f8ene er bagerikvalitet, men vi s\u00e6lger dem som foder.   <\/p>\n<p>At fodre vilde fugle er ikke kun en smuk gestus over for naturen, men ogs\u00e5 en m\u00e5de at bidrage til biodiversiteten p\u00e5. Med disse fr\u00f8 kan du tiltr\u00e6kke forskellige fuglearter som f.eks. bl\u00e5mejser, sp\u00e6tmejser og finker. Men f\u00f8rst og fremmest g\u00f8r du det for din egen skyld og for at nyde fuglene i din have!  <\/p>\n<p>Ved at v\u00e6lge afskallede solsikkefr\u00f8 bidrager du aktivt til fuglenes velbefindende, is\u00e6r i vanskelige m\u00e5neder. Det er vigtigt at t\u00e6nke p\u00e5 deres sundhed og sikkerhed ved at bruge passende foderstationer og vedligeholde dem regelm\u00e6ssigt for at undg\u00e5 forurening. <\/p>\n<p>Konklusionen er, at afskallede solsikkefr\u00f8 er en god mulighed for at st\u00f8tte og pleje vilde fugle i dit nabolag.<\/p>\n<h2>Ofte stillede sp\u00f8rgsm\u00e5l om afskallede solsikkefr\u00f8<\/h2>\n<p>Her er de hyppigst stillede sp\u00f8rgsm\u00e5l om afskallede solsikkefr\u00f8.<\/p>\n<h3>Hvorfor afskallede solsikkefr\u00f8?<\/h3>\n<p>Vi har valgt at tage afskallede solsikkefr\u00f8 med hjem af flere grunde:<\/p>\n<ul>\n<li>En pose afskallede solsikkefr\u00f8 indeholder dobbelt s\u00e5 mange fr\u00f8 som en pose med skaller, og skallerne udg\u00f8r n\u00e6sten 50 % af v\u00e6gten!<\/li>\n<li>Vi bruger halvt s\u00e5 meget emballage, n\u00e5r vi ikke beh\u00f8ver at transportere skallen.<\/li>\n<li>Billigere forsendelse, fordi vi ikke sender skrammel (skaller)<\/li>\n<li>Afskallede solsikkefr\u00f8 optager kun halvt s\u00e5 meget plads til at opbevare den samme m\u00e6ngde mad<\/li>\n<li>Du og dine naboer slipper for at skulle h\u00e5ndtere en masse affald fra solsikkeskaller<\/li>\n<li>Flere fugle kan lettere spise afskallede solsikkefr\u00f8, ikke alle er begavet med et \u00e6gte skaldet n\u00e6b<\/li>\n<\/ul>\n<p>L\u00e6s mere om, hvad du skal t\u00e6nke p\u00e5, n\u00e5r du fodrer fugle, i vores vidensbank!<\/p>\n<h3>Hvilke fugle spiser afskallede solsikkefr\u00f8?<\/h3>\n<p>Solsikkefr\u00f8 tiltr\u00e6kker en r\u00e6kke forskellige fuglearter. Blandt de mest almindelige fuglearter er: <\/p>\n<ul>\n<li>Jernspurv<\/li>\n<li>Gr\u00f8nirisk<\/li>\n<li>Sort kasket<\/li>\n<li>Solsort<\/li>\n<li>Robin<\/li>\n<li>Langhalet mejse<\/li>\n<\/ul>\n<p>Solsikkefr\u00f8 har et h\u00f8jt olieindhold og en h\u00f8j n\u00e6ringsv\u00e6rdi, hvilket g\u00f8r dem til en fremragende kilde til energi og n\u00e6ring for mange fugle.<\/p>\n<h3>Hvor kommer vores afskallede solsikkefr\u00f8 fra?<\/h3>\n<p>Solsikkefr\u00f8 dyrkes for det meste i \u00d8steuropa, og Ukraine er en stor eksport\u00f8r af solsikkefr\u00f8. Vores afskallede solsikkefr\u00f8 kommer fra Bulgarien, som er en stor producent og eksport\u00f8r af solsikkefr\u00f8. <\/p>\n<h3>Hvor meget svarer afskallede solsikkefr\u00f8 til?<\/h3>\n<p>Omkring halvdelen af almindelige solsikkefr\u00f8 er afskallede. Man kan sige, at 10 kg afskallede solsikkefr\u00f8 svarer til ca. 20 kg afskallede solsikkefr\u00f8. <\/p>\n<h3>Er vores afskallede solsikkefr\u00f8 hele?<\/h3>\n<p>Ja, vores afskallede solsikkekerner er hele, ikke knuste.<\/p>\n<h3>Er vores afskallede solsikkefr\u00f8 \u00f8kologiske?<\/h3>\n<p>Disse solsikkefr\u00f8 kommer fra s\u00e5kaldt &#8220;konventionel&#8221; dyrkning, hvilket betyder, at de er spr\u00f8jtede og dermed ikke \u00f8kologiske. P\u00e5 opfordring fra kunder har vi taget <a href=\"https:\/\/pippifoder.se\/da\/produkt\/fuglefoder\/okologisk-fuglefoder\/afskallede-oekologiske-solsikkefroe-25-kg\/\">skr\u00e6llede \u00f8kologiske solsikkefr\u00f8 med hjem !<\/a> <\/p>\n<h3>Kan kyllinger spise afskallede solsikkefr\u00f8?<\/h3>\n<p>Ja, h\u00f8ns elsker afskallede solsikkefr\u00f8! \ud83d\ude42<\/p>\n<h3>Kan fugle spise afskallede solsikkefr\u00f8?<\/h3>\n<p>Vores afskallede solsikkefr\u00f8 er f\u00f8devaregodkendte, men vi s\u00e6lger dem som fuglefoder.<\/p>\n<h3>Hvad er forskellen p\u00e5 solsikkefr\u00f8 og solsikkekerner?<\/h3>\n<p>Solsikkefr\u00f8 med skal er det korrekte navn for det, der nogle gange fejlagtigt kaldes <a href=\"https:\/\/pippifoder.se\/da\/solsikkefro-da\/\">solsikkekerner<\/a>. Disse fr\u00f8 udg\u00f8r faktisk solsikkens fr\u00f8. De sidder i den brune del af den pr\u00e6gtige solsikkeblomst, hvor solsikkens sm\u00e5, faste frugter indeholder disse fr\u00f8.  <\/p>\n","protected":false},"excerpt":{"rendered":"<p>Solsikkefr\u00f8 med skal i topkvalitet. Solsikkefr\u00f8 med skal er perfekte til alle typer fugle. 10 kg afskallede solsikkefr\u00f8 svarer ca. til 20 kg afskallede solsikkefr\u00f8.  <\/p>\n<p><a href=\"https:\/\/pippifoder.se\/da\/produkt\/fuglefoder\/solsikkefro\/afskallede-solsikkefroe-15-kg\/\">F\u00e5s ogs\u00e5 som 15 kg s\u00e6k<\/a><\/p>\n","protected":false},"featured_media":44432,"comment_status":"closed","ping_status":"closed","template":"","meta":{"_acf_changed":false},"product_brand":[],"product_cat":[120,99,98,116,121],"product_tag":[97,104],"class_list":{"0":"post-44421","1":"product","2":"type-product","3":"status-publish","4":"has-post-thumbnail","6":"product_cat-solsikkefro","7":"product_cat-fro-og-foder-til-vilde-fugle","8":"product_cat-fuglefoder","9":"product_cat-fuglefro","10":"product_cat-solsikkefro-da","11":"product_tag-fuglefoder","12":"product_tag-solsikkefroe","13":"product_shipping_class-sverige-da","15":"first","16":"instock","17":"taxable","18":"shipping-taxable","19":"purchasable","20":"product-type-simple"},"bundled_by":[],"bundle_stock_status":"instock","bundle_stock_quantity":453,"bundle_virtual":false,"bundle_layout":"","bundle_add_to_cart_form_location":"","bundle_editable_in_cart":false,"bundle_sold_individually_context":"","bundle_item_grouping":"","bundle_min_size":"","bundle_max_size":"","bundle_price":[],"bundled_items":[],"bundle_sell_ids":[],"acf":[],"_links":{"self":[{"href":"https:\/\/pippifoder.se\/da\/wp-json\/wp\/v2\/product\/44421","targetHints":{"allow":["GET"]}}],"collection":[{"href":"https:\/\/pippifoder.se\/da\/wp-json\/wp\/v2\/product"}],"about":[{"href":"https:\/\/pippifoder.se\/da\/wp-json\/wp\/v2\/types\/product"}],"replies":[{"embeddable":true,"href":"https:\/\/pippifoder.se\/da\/wp-json\/wp\/v2\/comments?post=44421"}],"wp:featuredmedia":[{"embeddable":true,"href":"https:\/\/pippifoder.se\/da\/wp-json\/wp\/v2\/media\/44432"}],"wp:attachment":[{"href":"https:\/\/pippifoder.se\/da\/wp-json\/wp\/v2\/media?parent=44421"}],"wp:term":[{"taxonomy":"product_brand","embeddable":true,"href":"https:\/\/pippifoder.se\/da\/wp-json\/wp\/v2\/product_brand?post=44421"},{"taxonomy":"product_cat","embeddable":true,"href":"https:\/\/pippifoder.se\/da\/wp-json\/wp\/v2\/product_cat?post=44421"},{"taxonomy":"product_tag","embeddable":true,"href":"https:\/\/pippifoder.se\/da\/wp-json\/wp\/v2\/product_tag?post=44421"}],"curies":[{"name":"wp","href":"https:\/\/api.w.org\/{rel}","templated":true}]}}