{"id":44082,"date":"2025-11-24T18:37:57","date_gmt":"2025-11-24T18:37:57","guid":{"rendered":"https:\/\/pippifoder.se\/?post_type=product&#038;p=44082"},"modified":"2025-11-29T14:28:19","modified_gmt":"2025-11-29T14:28:19","slug":"fodring-af-fugle-alt-hvad-du-behover-at-vide-kopia-2","status":"publish","type":"product","link":"https:\/\/pippifoder.se\/da\/produkt\/tilbehor\/boger\/fodring-af-fugle-alt-hvad-du-behover-at-vide-kopia-2\/","title":{"rendered":"Fuglekiggerens logbog"},"content":{"rendered":"<h2><strong>Produktinformation: <\/strong>Fuglekiggerens logbog<\/h2>\n<p><strong>Offentligg\u00f8relse:<\/strong> 10. april 2025<br \/>\n<strong>Antal sider: <\/strong>128<br \/>\n<strong>V\u00e6gt:<\/strong> 252 g<br \/>\n<b>Sprog: <\/b>Svensk<br \/>\n<strong>ISBN: <\/strong>9789171266613<\/p>\n","protected":false},"excerpt":{"rendered":"<p data-start=\"67\" data-end=\"259\">Kan du lide at udforske naturen og holde styr p\u00e5 alle de fugle, du m\u00f8der? <strong data-start=\"139\" data-end=\"165\">The Birdwatcher&#8217;s Logbook<\/strong> er din perfekte f\u00f8lgesvend &#8211; uanset om du er ny i hobbyen eller en passioneret ornitolog.<\/p>\n<p data-start=\"261\" data-end=\"554\">Med denne logbog kan du nemt dokumentere hver eneste observation: art, sted, tidspunkt, vejr og andre detaljer, der fuldender din oplevelse. Den giver dig et klart og struktureret overblik over de fugle, du har set, og hj\u00e6lper dig med at f\u00f8lge \u00e6ndringerne i fuglelivet gennem \u00e5rstiderne. <\/p>\n<p>&nbsp;<\/p>\n<p data-start=\"556\" data-end=\"771\">Logbogen g\u00f8r vandreture i naturen mere n\u00e6rv\u00e6rende og inspirerende. Lad mobiltelefonen blive i lommen, tag kuglepennen frem, og lad hver eneste udflugt blive en helt analog oplevelse. Hvem ved &#8211; m\u00e5ske f\u00e5r du endda \u00f8je p\u00e5 en virkelig us\u00e6dvanlig art?  <\/p>\n","protected":false},"featured_media":44086,"comment_status":"open","ping_status":"closed","template":"","meta":{"_acf_changed":false},"product_brand":[],"product_cat":[306,571,149],"product_tag":[],"class_list":{"0":"post-44082","1":"product","2":"type-product","3":"status-publish","4":"has-post-thumbnail","6":"product_cat-boger","7":"product_cat-julegaveideer-til-fugleelskere-i-2025","8":"product_cat-tilbehor","9":"product_shipping_class-sverige-da","10":"product_group-foderstang-talgfrobar-kokosnot","12":"first","13":"instock","14":"taxable","15":"shipping-taxable","16":"purchasable","17":"product-type-simple"},"bundled_by":[],"bundle_stock_status":"instock","bundle_stock_quantity":97,"bundle_virtual":false,"bundle_layout":"","bundle_add_to_cart_form_location":"","bundle_editable_in_cart":false,"bundle_sold_individually_context":"","bundle_item_grouping":"","bundle_min_size":"","bundle_max_size":"","bundle_price":[],"bundled_items":[],"bundle_sell_ids":[],"acf":[],"_links":{"self":[{"href":"https:\/\/pippifoder.se\/da\/wp-json\/wp\/v2\/product\/44082","targetHints":{"allow":["GET"]}}],"collection":[{"href":"https:\/\/pippifoder.se\/da\/wp-json\/wp\/v2\/product"}],"about":[{"href":"https:\/\/pippifoder.se\/da\/wp-json\/wp\/v2\/types\/product"}],"replies":[{"embeddable":true,"href":"https:\/\/pippifoder.se\/da\/wp-json\/wp\/v2\/comments?post=44082"}],"wp:featuredmedia":[{"embeddable":true,"href":"https:\/\/pippifoder.se\/da\/wp-json\/wp\/v2\/media\/44086"}],"wp:attachment":[{"href":"https:\/\/pippifoder.se\/da\/wp-json\/wp\/v2\/media?parent=44082"}],"wp:term":[{"taxonomy":"product_brand","embeddable":true,"href":"https:\/\/pippifoder.se\/da\/wp-json\/wp\/v2\/product_brand?post=44082"},{"taxonomy":"product_cat","embeddable":true,"href":"https:\/\/pippifoder.se\/da\/wp-json\/wp\/v2\/product_cat?post=44082"},{"taxonomy":"product_tag","embeddable":true,"href":"https:\/\/pippifoder.se\/da\/wp-json\/wp\/v2\/product_tag?post=44082"}],"curies":[{"name":"wp","href":"https:\/\/api.w.org\/{rel}","templated":true}]}}