{"id":38340,"date":"2025-10-22T17:58:13","date_gmt":"2025-10-22T17:58:13","guid":{"rendered":"https:\/\/pippifoder.se\/?post_type=product&#038;p=38340"},"modified":"2025-12-18T11:56:48","modified_gmt":"2025-12-18T11:56:48","slug":"xxl-foderautomat-til-fro-til-vilde-fugle-kopia-4","status":"publish","type":"product","link":"https:\/\/pippifoder.se\/da\/produkt\/foderautomater-til-fugle\/egern-og-kattesikre-fuglefoderautomater\/xxl-foderautomat-til-fro-til-vilde-fugle-kopia-4\/","title":{"rendered":"Egern- og kattesikkert fuglefoderhus til jordn\u00f8ddesm\u00f8r p\u00e5 d\u00e5se"},"content":{"rendered":"<h3 data-start=\"798\" data-end=\"819\"><strong data-start=\"802\" data-end=\"817\">Karakteristika:<\/strong><\/h3>\n<ul data-start=\"820\" data-end=\"1107\">\n<li data-start=\"820\" data-end=\"887\">\n<p data-start=\"822\" data-end=\"887\"><strong data-start=\"822\" data-end=\"859\">Egern- og skj\u00e6resikker konstruktion<\/strong> &#8211; sm\u00e5fugle spiser uforstyrret<\/p>\n<\/li>\n<li data-start=\"888\" data-end=\"944\">\n<p data-start=\"890\" data-end=\"944\">Passer til <strong data-start=\"897\" data-end=\"924\">peanutbutter i glaskrukke<\/strong> (standardst\u00f8rrelse)<\/p>\n<\/li>\n<li data-start=\"945\" data-end=\"1007\">\n<p data-start=\"947\" data-end=\"1007\"><strong data-start=\"947\" data-end=\"978\">Fremstillet af holdbart metal<\/strong> med beskyttende bel\u00e6gning<\/p>\n<\/li>\n<li data-start=\"1008\" data-end=\"1057\">\n<p data-start=\"1010\" data-end=\"1057\"><strong data-start=\"1010\" data-end=\"1045\">Kan monteres p\u00e5 v\u00e6g eller tr\u00e6<\/strong> med skruer<\/p>\n<\/li>\n<li data-start=\"1058\" data-end=\"1092\">\n<p data-start=\"1060\" data-end=\"1092\">Let at genopfylde og reng\u00f8re<\/p>\n<\/li>\n<li data-start=\"1093\" data-end=\"1107\">\n<p data-start=\"1095\" data-end=\"1107\">Farve: Gr\u00f8n<\/p>\n<\/li>\n<\/ul>\n<h3 data-start=\"1109\" data-end=\"1128\"><strong data-start=\"1113\" data-end=\"1126\">Fordele:<\/strong><\/h3>\n<ul data-start=\"1129\" data-end=\"1326\">\n<li data-start=\"1129\" data-end=\"1177\">\n<p data-start=\"1131\" data-end=\"1177\">Beskytter maden mod st\u00f8rre fugle og egern<\/p>\n<\/li>\n<li data-start=\"1178\" data-end=\"1231\">\n<p data-start=\"1180\" data-end=\"1231\">Tiltr\u00e6kker sm\u00e5fugle som bl\u00e5mejser, musvitter og sp\u00e6tmejser<\/p>\n<\/li>\n<li data-start=\"1232\" data-end=\"1277\">\n<p data-start=\"1234\" data-end=\"1277\">Robust design, der holder i mange s\u00e6soner<\/p>\n<\/li>\n<li data-start=\"1278\" data-end=\"1326\">\n<p data-start=\"1280\" data-end=\"1326\">Giver et rent og organiseret indtryk i haven<\/p>\n<\/li>\n<\/ul>\n<p>&nbsp;<\/p>\n<p data-start=\"1328\" data-end=\"1500\">\ud83d\udc26 Med dette <strong data-start=\"1341\" data-end=\"1394\">egern- og skatsikre fuglefoderhus med jordn\u00f8ddesm\u00f8r<\/strong> kan du fork\u00e6le havens sm\u00e5fugle med en energirig delikatesse &#8211; uden at bekymre dig om ubudne g\u00e6ster!<\/p>\n","protected":false},"excerpt":{"rendered":"<p data-start=\"245\" data-end=\"577\">Giv dine sm\u00e5fugle energi p\u00e5 en sikker m\u00e5de med dette <strong data-start=\"296\" data-end=\"356\">egern- og skatsikre fuglefoderhus med jordn\u00f8ddesm\u00f8r i en krukke<\/strong>. Det robuste metalbur beskytter krukken mod st\u00f8rre fugle og egern, samtidig med at sm\u00e5 fugle nemt kan komme ind og nyde jordn\u00f8ddesm\u00f8rret. Ideel til brug med standardglas beregnet til vilde fugle.<\/p>\n<p data-start=\"579\" data-end=\"796\">Fuglefoderhuset er lavet af vejrbestandigt metal med en pulverlakeret gr\u00f8n finish, der passer fint ind i haven. Det er nemt at montere p\u00e5 en v\u00e6g, en tr\u00e6stamme eller et fuglebord takket v\u00e6re det smarte beslag p\u00e5 bagsiden. <\/p>\n<p data-start=\"579\" data-end=\"796\">Velegnet til <a href=\"https:\/\/pippifoder.se\/da\/produkt\/fuglefoder\/fedtfro-blanding\/fuglefoderautomater-store-3-etager-rustfri-kopia-kopia-kopia-kopia\/\">jordn\u00f8ddesm\u00f8r med melorme i glas<\/a> og <a href=\"https:\/\/pippifoder.se\/da\/produkt\/fuglefoder\/fedtfro-blanding\/jordnoddesmor-med-melorm-i-glaskrukke-kopia\/\">jordn\u00f8ddesm\u00f8r med knuste jordn\u00f8dder i glas<\/a><\/p>\n","protected":false},"featured_media":38344,"comment_status":"closed","ping_status":"closed","template":"","meta":{"_acf_changed":false},"product_brand":[],"product_cat":[568,175],"product_tag":[],"class_list":{"0":"post-38340","1":"product","2":"type-product","3":"status-publish","4":"has-post-thumbnail","6":"product_cat-egern-og-kattesikre-fuglefoderautomater","7":"product_cat-foderautomater-til-fugle","8":"product_group-traholk-bord","10":"first","11":"instock","12":"taxable","13":"shipping-taxable","14":"purchasable","15":"product-type-simple"},"bundled_by":[],"bundle_stock_status":"instock","bundle_stock_quantity":29,"bundle_virtual":false,"bundle_layout":"","bundle_add_to_cart_form_location":"","bundle_editable_in_cart":false,"bundle_sold_individually_context":"","bundle_item_grouping":"","bundle_min_size":"","bundle_max_size":"","bundle_price":[],"bundled_items":[],"bundle_sell_ids":[],"acf":[],"_links":{"self":[{"href":"https:\/\/pippifoder.se\/da\/wp-json\/wp\/v2\/product\/38340","targetHints":{"allow":["GET"]}}],"collection":[{"href":"https:\/\/pippifoder.se\/da\/wp-json\/wp\/v2\/product"}],"about":[{"href":"https:\/\/pippifoder.se\/da\/wp-json\/wp\/v2\/types\/product"}],"replies":[{"embeddable":true,"href":"https:\/\/pippifoder.se\/da\/wp-json\/wp\/v2\/comments?post=38340"}],"wp:featuredmedia":[{"embeddable":true,"href":"https:\/\/pippifoder.se\/da\/wp-json\/wp\/v2\/media\/38344"}],"wp:attachment":[{"href":"https:\/\/pippifoder.se\/da\/wp-json\/wp\/v2\/media?parent=38340"}],"wp:term":[{"taxonomy":"product_brand","embeddable":true,"href":"https:\/\/pippifoder.se\/da\/wp-json\/wp\/v2\/product_brand?post=38340"},{"taxonomy":"product_cat","embeddable":true,"href":"https:\/\/pippifoder.se\/da\/wp-json\/wp\/v2\/product_cat?post=38340"},{"taxonomy":"product_tag","embeddable":true,"href":"https:\/\/pippifoder.se\/da\/wp-json\/wp\/v2\/product_tag?post=38340"}],"curies":[{"name":"wp","href":"https:\/\/api.w.org\/{rel}","templated":true}]}}