{"id":38332,"date":"2025-10-22T17:56:29","date_gmt":"2025-10-22T15:56:29","guid":{"rendered":"https:\/\/pippifoder.se\/?post_type=product&#038;p=38332"},"modified":"2026-04-15T13:03:11","modified_gmt":"2026-04-15T11:03:11","slug":"xxl-foderautomat-til-fro-til-vilde-fugle-kopia-3","status":"publish","type":"product","link":"https:\/\/pippifoder.se\/da\/produkt\/foderautomater-til-fugle\/egern-og-kattesikre-fuglefoderautomater\/xxl-foderautomat-til-fro-til-vilde-fugle-kopia-3\/","title":{"rendered":"Egern- og kattesikkert fuglefoderhus til talgkugler"},"content":{"rendered":"<h3 data-start=\"754\" data-end=\"775\"><strong data-start=\"758\" data-end=\"773\">Karakteristika:<\/strong><\/h3>\n<ul data-start=\"776\" data-end=\"1080\">\n<li data-start=\"776\" data-end=\"844\">\n<p data-start=\"778\" data-end=\"844\"><strong data-start=\"778\" data-end=\"809\">Egern- og kattesikkert design<\/strong> &#8211; beskytter maden mod st\u00f8rre dyr<\/p>\n<\/li>\n<li data-start=\"845\" data-end=\"891\">\n<p data-start=\"847\" data-end=\"891\">Velegnet til <strong data-start=\"858\" data-end=\"889\">talgkugler og energikugler<\/strong><\/p>\n<\/li>\n<li data-start=\"892\" data-end=\"953\">\n<p data-start=\"894\" data-end=\"953\"><strong data-start=\"894\" data-end=\"923\">Stabil metalkonstruktion<\/strong> med vejrbestandig bel\u00e6gning<\/p>\n<\/li>\n<li data-start=\"954\" data-end=\"1011\">\n<p data-start=\"956\" data-end=\"1011\"><strong data-start=\"956\" data-end=\"974\">Aftageligt l\u00e5g<\/strong> for nem p\u00e5fyldning og reng\u00f8ring<\/p>\n<\/li>\n<li data-start=\"1012\" data-end=\"1057\">\n<p data-start=\"1014\" data-end=\"1057\">B\u00f8jler <strong data-start=\"1014\" data-end=\"1033\">i toppen<\/strong> for nem ops\u00e6tning<\/p>\n<\/li>\n<\/ul>\n<h3 data-start=\"1082\" data-end=\"1101\"><strong data-start=\"1086\" data-end=\"1099\">Fordele:<\/strong><\/h3>\n<ul data-start=\"1102\" data-end=\"1290\">\n<li data-start=\"1102\" data-end=\"1164\">\n<p data-start=\"1104\" data-end=\"1164\">Giver sm\u00e5fugle som bl\u00e5mejser, sp\u00e6tmejser og gr\u00f8nsiskener mulighed for at spise uforstyrret<\/p>\n<\/li>\n<li data-start=\"1165\" data-end=\"1213\">\n<p data-start=\"1167\" data-end=\"1213\">Reducer spild og hold maden frisk i l\u00e6ngere tid<\/p>\n<\/li>\n<li data-start=\"1214\" data-end=\"1256\">\n<p data-start=\"1216\" data-end=\"1256\">Holdbart og stilfuldt design i gr\u00f8nt metal<\/p>\n<\/li>\n<li data-start=\"1257\" data-end=\"1290\">\n<p data-start=\"1259\" data-end=\"1290\">Perfekt til fodring \u00e5ret rundt<\/p>\n<\/li>\n<\/ul>\n<p>&nbsp;<\/p>\n<p data-start=\"1292\" data-end=\"1445\">\ud83d\udc26 Med dette <strong data-start=\"1305\" data-end=\"1356\">egern- og skj\u00e6resikre foderbr\u00e6t til talgkugler<\/strong> f\u00e5r du flere sm\u00e5fugle i haven &#8211; uden at egern eller skj\u00e6re overtager spisebordet!<\/p>\n","protected":false},"excerpt":{"rendered":"<p data-start=\"231\" data-end=\"515\">Beskyt dine sm\u00e5 fugles yndlingsmad mod ubudne g\u00e6ster med dette <strong data-start=\"294\" data-end=\"345\">egern- og skj\u00e6resikre foderbr\u00e6t med talgkugler<\/strong>. Det smarte design best\u00e5r af en indre talgkugleholder, der er omgivet af et robust metalbur, som effektivt forhindrer st\u00f8rre fugle og egern i at f\u00e5 adgang til maden. <\/p>\n<p data-start=\"517\" data-end=\"752\">Den robuste, vejrbestandige metalkonstruktion g\u00f8r foderautomaten perfekt til brug \u00e5ret rundt. L\u00e5get er nemt at tage af til p\u00e5fyldning og reng\u00f8ring, og det praktiske h\u00e5ndtag g\u00f8r det nemt at h\u00e6nge op i tr\u00e6er, p\u00e5 kroge eller i fuglestativer. <\/p>\n","protected":false},"featured_media":38336,"comment_status":"closed","ping_status":"closed","template":"","meta":{"_acf_changed":false},"product_brand":[],"product_cat":[568,175,706,187],"product_tag":[],"class_list":{"0":"post-38332","1":"product","2":"type-product","3":"status-publish","4":"has-post-thumbnail","6":"product_cat-egern-og-kattesikre-fuglefoderautomater","7":"product_cat-foderautomater-til-fugle","8":"product_cat-fuglefoderautomat-til-talgkugler","9":"product_cat-talgkugler-til-sma-fugle","11":"first","12":"instock","13":"taxable","14":"shipping-taxable","15":"purchasable","16":"product-type-simple"},"bundled_by":[],"bundle_stock_status":"instock","bundle_stock_quantity":9,"bundle_virtual":false,"bundle_layout":"","bundle_add_to_cart_form_location":"","bundle_editable_in_cart":false,"bundle_sold_individually_context":"","bundle_item_grouping":"","bundle_min_size":"","bundle_max_size":"","bundle_price":[],"bundled_items":[],"bundle_sell_ids":[],"acf":[],"_links":{"self":[{"href":"https:\/\/pippifoder.se\/da\/wp-json\/wp\/v2\/product\/38332","targetHints":{"allow":["GET"]}}],"collection":[{"href":"https:\/\/pippifoder.se\/da\/wp-json\/wp\/v2\/product"}],"about":[{"href":"https:\/\/pippifoder.se\/da\/wp-json\/wp\/v2\/types\/product"}],"replies":[{"embeddable":true,"href":"https:\/\/pippifoder.se\/da\/wp-json\/wp\/v2\/comments?post=38332"}],"wp:featuredmedia":[{"embeddable":true,"href":"https:\/\/pippifoder.se\/da\/wp-json\/wp\/v2\/media\/38336"}],"wp:attachment":[{"href":"https:\/\/pippifoder.se\/da\/wp-json\/wp\/v2\/media?parent=38332"}],"wp:term":[{"taxonomy":"product_brand","embeddable":true,"href":"https:\/\/pippifoder.se\/da\/wp-json\/wp\/v2\/product_brand?post=38332"},{"taxonomy":"product_cat","embeddable":true,"href":"https:\/\/pippifoder.se\/da\/wp-json\/wp\/v2\/product_cat?post=38332"},{"taxonomy":"product_tag","embeddable":true,"href":"https:\/\/pippifoder.se\/da\/wp-json\/wp\/v2\/product_tag?post=38332"}],"curies":[{"name":"wp","href":"https:\/\/api.w.org\/{rel}","templated":true}]}}