{"id":38315,"date":"2025-10-22T17:48:48","date_gmt":"2025-10-22T17:48:48","guid":{"rendered":"https:\/\/pippifoder.se\/?post_type=product&#038;p=38315"},"modified":"2026-04-15T13:03:22","modified_gmt":"2026-04-15T11:03:22","slug":"xxl-foderautomat-til-fro-til-vilde-fugle-kopia","status":"publish","type":"product","link":"https:\/\/pippifoder.se\/da\/produkt\/foderautomater-til-fugle\/egern-og-kattesikre-fuglefoderautomater\/xxl-foderautomat-til-fro-til-vilde-fugle-kopia\/","title":{"rendered":"Egern- og skadesikkert fuglefoderhus til fr\u00f8"},"content":{"rendered":"<h3 data-start=\"734\" data-end=\"755\"><strong data-start=\"738\" data-end=\"753\">Karakteristika:<\/strong><\/h3>\n<ul data-start=\"756\" data-end=\"1104\">\n<li data-start=\"756\" data-end=\"826\">\n<p data-start=\"758\" data-end=\"826\">Egern- og kattesikkert design &#8211; kun sm\u00e5 fugle kan f\u00e5 adgang til maden<\/p>\n<\/li>\n<li data-start=\"827\" data-end=\"894\">\n<p data-start=\"829\" data-end=\"894\">Velegnet til fr\u00f8 til vilde fugle, solsikkefr\u00f8 eller sm\u00e5 fr\u00f8blandinger<\/p>\n<\/li>\n<li data-start=\"895\" data-end=\"950\">\n<p data-start=\"897\" data-end=\"950\">Fremstillet af st\u00e6rkt metal og gennemsigtig plast<\/p>\n<\/li>\n<li data-start=\"951\" data-end=\"1008\">\n<p data-start=\"953\" data-end=\"1008\">Aftageligt l\u00e5g for nem p\u00e5fyldning og reng\u00f8ring<\/p>\n<\/li>\n<li data-start=\"1009\" data-end=\"1081\">\n<p data-start=\"1011\" data-end=\"1081\">Praktisk b\u00f8jle til oph\u00e6ngning i tr\u00e6er, kroge eller fuglepinde<\/p>\n<\/li>\n<\/ul>\n<h3 data-start=\"1106\" data-end=\"1125\"><strong data-start=\"1110\" data-end=\"1123\">Fordele:<\/strong><\/h3>\n<ul data-start=\"1126\" data-end=\"1320\">\n<li data-start=\"1126\" data-end=\"1178\">\n<p data-start=\"1128\" data-end=\"1178\">Beskytter fuglefoder mod st\u00f8rre fugle og egern<\/p>\n<\/li>\n<li data-start=\"1179\" data-end=\"1209\">\n<p data-start=\"1181\" data-end=\"1209\">Tiltr\u00e6kker sm\u00e5fugle hele \u00e5ret rundt<\/p>\n<\/li>\n<li data-start=\"1210\" data-end=\"1260\">\n<p data-start=\"1212\" data-end=\"1260\">Lang levetid og vejrbestandig konstruktion<\/p>\n<\/li>\n<li data-start=\"1261\" data-end=\"1320\">\n<p data-start=\"1263\" data-end=\"1320\">Stilfuldt gr\u00f8nt design, der falder naturligt ind i haven<\/p>\n<\/li>\n<\/ul>\n<p data-start=\"1322\" data-end=\"1468\">\ud83d\udc26 Med dette <strong data-start=\"1335\" data-end=\"1380\">egern- og skj\u00e6resikre foderbr\u00e6t til fr\u00f8<\/strong> f\u00e5r du mere fredelige m\u00e5ltider i haven &#8211; hvor sm\u00e5fuglene kan spise uforstyrret, dag efter dag.<\/p>\n","protected":false},"excerpt":{"rendered":"<p data-start=\"210\" data-end=\"571\">Giv sm\u00e5fugle et sikkert sted at spise med denne <strong data-start=\"258\" data-end=\"303\">egern- og skadesikre foderautomat til fr\u00f8.<\/strong> Det robuste metalbur omkring den indre silo betyder, at kun sm\u00e5fugle kan f\u00e5 adgang til maden, mens st\u00f8rre fugle og egern holdes p\u00e5 afstand. Ideel til dem, der vil tiltr\u00e6kke sm\u00e5fugle som n\u00e6sehornsfugle, bl\u00e5mejser og bogfinker til haven uden un\u00f8digt tab af f\u00f8de.  <\/p>\n<p data-start=\"573\" data-end=\"732\">Fuglefoderautomaten er lavet af holdbare materialer, der modst\u00e5r vind og vejr. Det aftagelige l\u00e5g g\u00f8r det nemt at fylde fr\u00f8 p\u00e5 og reng\u00f8re, n\u00e5r det er n\u00f8dvendigt. <\/p>\n","protected":false},"featured_media":38320,"comment_status":"closed","ping_status":"closed","template":"","meta":{"_acf_changed":false},"product_brand":[],"product_cat":[568,175,170],"product_tag":[],"class_list":{"0":"post-38315","1":"product","2":"type-product","3":"status-publish","4":"has-post-thumbnail","6":"product_cat-egern-og-kattesikre-fuglefoderautomater","7":"product_cat-foderautomater-til-fugle","8":"product_cat-fuglefoderautomat-til-fuglefro","10":"first","11":"outofstock","12":"taxable","13":"shipping-taxable","14":"purchasable","15":"product-type-simple"},"bundled_by":[],"bundle_stock_status":"outofstock","bundle_stock_quantity":0,"bundle_virtual":false,"bundle_layout":"","bundle_add_to_cart_form_location":"","bundle_editable_in_cart":false,"bundle_sold_individually_context":"","bundle_item_grouping":"","bundle_min_size":"","bundle_max_size":"","bundle_price":[],"bundled_items":[],"bundle_sell_ids":[],"acf":[],"_links":{"self":[{"href":"https:\/\/pippifoder.se\/da\/wp-json\/wp\/v2\/product\/38315","targetHints":{"allow":["GET"]}}],"collection":[{"href":"https:\/\/pippifoder.se\/da\/wp-json\/wp\/v2\/product"}],"about":[{"href":"https:\/\/pippifoder.se\/da\/wp-json\/wp\/v2\/types\/product"}],"replies":[{"embeddable":true,"href":"https:\/\/pippifoder.se\/da\/wp-json\/wp\/v2\/comments?post=38315"}],"wp:featuredmedia":[{"embeddable":true,"href":"https:\/\/pippifoder.se\/da\/wp-json\/wp\/v2\/media\/38320"}],"wp:attachment":[{"href":"https:\/\/pippifoder.se\/da\/wp-json\/wp\/v2\/media?parent=38315"}],"wp:term":[{"taxonomy":"product_brand","embeddable":true,"href":"https:\/\/pippifoder.se\/da\/wp-json\/wp\/v2\/product_brand?post=38315"},{"taxonomy":"product_cat","embeddable":true,"href":"https:\/\/pippifoder.se\/da\/wp-json\/wp\/v2\/product_cat?post=38315"},{"taxonomy":"product_tag","embeddable":true,"href":"https:\/\/pippifoder.se\/da\/wp-json\/wp\/v2\/product_tag?post=38315"}],"curies":[{"name":"wp","href":"https:\/\/api.w.org\/{rel}","templated":true}]}}