{"id":38239,"date":"2025-10-22T11:28:26","date_gmt":"2025-10-22T11:28:26","guid":{"rendered":"https:\/\/pippifoder.se\/?post_type=product&#038;p=38239"},"modified":"2026-04-15T13:03:26","modified_gmt":"2026-04-15T11:03:26","slug":"talgkugler-stor-pakke-talgkuglekasse-kopia","status":"publish","type":"product","link":"https:\/\/pippifoder.se\/da\/produkt\/fuglefoder\/talgkugler-til-sma-fugle\/talgkugler-stor-pakke-talgkuglekasse-kopia\/","title":{"rendered":"Talgkugler stor pakke &#8211; Talgkuglekasse basic"},"content":{"rendered":"<p>De fleste sm\u00e5fugle s\u00e6tter pris p\u00e5 talgkugler, is\u00e6r bl\u00e5mejser, musvitter, gr\u00f8nirisker, sp\u00e6tmejser, gr\u00e5spurve, sortmejser og sp\u00e6tter. Fedtrig talg og et h\u00f8jt indhold af fr\u00f8 giver sm\u00e5fuglene gode betingelser for at overleve vinteren.<br \/>\nFlere og flere fugle bliver i vores &#8220;varme vintre&#8221;, og for dem er de ofte hurtige skift mellem varme, kulde og sne en vanskelig f\u00f8desituation. Talgkuglerne er uden net!  <\/p>\n","protected":false},"excerpt":{"rendered":"<p>Basiskassen med talgkugler indeholder 4 spande med talgkugler til en uovertruffen pris! Vores talgkugler uden net kommer i en praktisk spand med l\u00e5g. Hver spand indeholder 50 talgkugler p\u00e5 80 g, hvilket giver dig i alt 200 talgkugler. Talgkugler er en vigtig n\u00e6ringskilde for sm\u00e5fugle og hj\u00e6lper dem med at overleve i kolde perioder, hvor der er knaphed p\u00e5 f\u00f8de.   <\/p>\n<p>Spanden er en plastikspand med l\u00e5g, ikke en blikspand. Den er nem at h\u00e5ndtere og opbevare og holder talgkuglerne friske i l\u00e6ngere tid. <\/p>\n<p>Giv sm\u00e5fuglene i din have den energi, de har brug for, med vores talgkugler. Med denne talgkuglekasse f\u00e5r du mange talgkugler til en god pris og kan gl\u00e6de dig over et rigere fugleliv i dit nabolag. <\/p>\n<p><a href=\"https:\/\/pippifoder.se\/da\/produkt\/fuglefoder\/talgkugler-til-sma-fugle\/talgkugler-uden-net-i-spand-50-stk-kopia\/\">Klik her, hvis du kun vil k\u00f8be 1 spand med basic talgkugler!<\/a><\/p>\n","protected":false},"featured_media":38579,"comment_status":"closed","ping_status":"closed","template":"","meta":{"_acf_changed":false},"product_brand":[],"product_cat":[187,99,98,111],"product_tag":[],"class_list":{"0":"post-38239","1":"product","2":"type-product","3":"status-publish","4":"has-post-thumbnail","6":"product_cat-talgkugler-til-sma-fugle","7":"product_cat-fro-og-foder-til-vilde-fugle","8":"product_cat-fuglefoder","9":"product_cat-fuglefro-og-fuglefoder-pa-udsalg","11":"first","12":"instock","13":"sale","14":"taxable","15":"shipping-taxable","16":"purchasable","17":"product-type-bundle"},"bundled_by":[],"bundle_stock_status":"instock","bundle_stock_quantity":45,"bundle_virtual":false,"bundle_layout":"default","bundle_add_to_cart_form_location":"default","bundle_editable_in_cart":false,"bundle_sold_individually_context":"product","bundle_item_grouping":"parent","bundle_min_size":"","bundle_max_size":"","bundle_price":{"price":{"min":{"incl_tax":"309","excl_tax":"247.2"},"max":{"incl_tax":"309","excl_tax":"247.2"}},"regular_price":{"min":{"incl_tax":"359","excl_tax":"287.2"},"max":{"incl_tax":"359","excl_tax":"287.2"}}},"bundled_items":[{"bundled_item_id":158,"product_id":38221,"menu_order":0,"quantity_min":4,"quantity_max":4,"quantity_default":4,"priced_individually":false,"shipped_individually":false,"override_title":false,"title":"Talgkugler uden net i spand (50 stk.) (kopia)","override_description":false,"description":"Talgkugler uden net i spand (50 stk.) (kopia)","optional":false,"hide_thumbnail":false,"discount":"","override_variations":false,"allowed_variations":[""],"override_default_variation_attributes":false,"default_variation_attributes":[],"single_product_visibility":"visible","cart_visibility":"visible","order_visibility":"visible","single_product_price_visibility":"visible","cart_price_visibility":"visible","order_price_visibility":"visible","stock_status":"in_stock"}],"bundle_sell_ids":[],"acf":[],"_links":{"self":[{"href":"https:\/\/pippifoder.se\/da\/wp-json\/wp\/v2\/product\/38239","targetHints":{"allow":["GET"]}}],"collection":[{"href":"https:\/\/pippifoder.se\/da\/wp-json\/wp\/v2\/product"}],"about":[{"href":"https:\/\/pippifoder.se\/da\/wp-json\/wp\/v2\/types\/product"}],"replies":[{"embeddable":true,"href":"https:\/\/pippifoder.se\/da\/wp-json\/wp\/v2\/comments?post=38239"}],"wp:featuredmedia":[{"embeddable":true,"href":"https:\/\/pippifoder.se\/da\/wp-json\/wp\/v2\/media\/38579"}],"wp:attachment":[{"href":"https:\/\/pippifoder.se\/da\/wp-json\/wp\/v2\/media?parent=38239"}],"wp:term":[{"taxonomy":"product_brand","embeddable":true,"href":"https:\/\/pippifoder.se\/da\/wp-json\/wp\/v2\/product_brand?post=38239"},{"taxonomy":"product_cat","embeddable":true,"href":"https:\/\/pippifoder.se\/da\/wp-json\/wp\/v2\/product_cat?post=38239"},{"taxonomy":"product_tag","embeddable":true,"href":"https:\/\/pippifoder.se\/da\/wp-json\/wp\/v2\/product_tag?post=38239"}],"curies":[{"name":"wp","href":"https:\/\/api.w.org\/{rel}","templated":true}]}}