{"id":32576,"date":"2025-09-12T17:45:25","date_gmt":"2025-09-12T17:45:25","guid":{"rendered":"https:\/\/pippifoder.se\/?post_type=product&#038;p=32576"},"modified":"2026-04-15T13:03:34","modified_gmt":"2026-04-15T11:03:34","slug":"jordnoddesmor-med-melorm-i-glaskrukke-kopia","status":"publish","type":"product","link":"https:\/\/pippifoder.se\/da\/produkt\/fuglefoder\/fedtfro-blanding\/jordnoddesmor-med-melorm-i-glaskrukke-kopia\/","title":{"rendered":"Jordn\u00f8ddesm\u00f8r med knuste jordn\u00f8dder i en glasbeholder"},"content":{"rendered":"<p data-start=\"728\" data-end=\"744\">\ud83c\udf3f <strong data-start=\"731\" data-end=\"744\">Fordele:<\/strong><\/p>\n<ul data-start=\"745\" data-end=\"954\">\n<li data-start=\"745\" data-end=\"798\">\n<p data-start=\"747\" data-end=\"798\">N\u00e6ringsrig og energit\u00e6t mad til havens fugle<\/p>\n<\/li>\n<li data-start=\"799\" data-end=\"861\">\n<p data-start=\"801\" data-end=\"861\">Med knuste jordn\u00f8dder<\/p>\n<\/li>\n<li data-start=\"862\" data-end=\"913\">\n<p data-start=\"864\" data-end=\"913\">Leveres i genanvendelig glaskrukke (340 g)<\/p>\n<\/li>\n<li data-start=\"914\" data-end=\"954\">\n<p data-start=\"916\" data-end=\"954\">Velegnet til holdere til jordn\u00f8ddesm\u00f8r<\/p>\n<\/li>\n<\/ul>\n<p>&nbsp;<\/p>\n<p data-start=\"956\" data-end=\"1067\">\ud83d\udd4a\ufe0f Hj\u00e6lp fuglene hele \u00e5ret rundt med denne velsmagende tilf\u00f8jelse &#8211; en favorit i enhver fuglevenlig have!<\/p>\n","protected":false},"excerpt":{"rendered":"<p data-start=\"176\" data-end=\"449\">Giv havens vilde fugle et ekstra skud energi med dette velsmagende jordn\u00f8ddesm\u00f8r med knuste jordn\u00f8dder, der er specielt sammensat til sm\u00e5fugles behov. Pakket i en praktisk glaskrukke er det nemt at placere i fuglesm\u00f8rholdere eller direkte p\u00e5 et beskyttet foderbord.<\/p>\n<p data-start=\"451\" data-end=\"726\">Jordn\u00f8ddesm\u00f8rret indeholder ingen tilsatte salte og er beriget med knuste jordn\u00f8dder, som v\u00e6rds\u00e6ttes af arter som bl\u00e5mejser, musvitter og r\u00f8dben. Perfekt til kolde vinterdage eller i yngles\u00e6sonen, hvor behovet for n\u00e6ring er ekstra stort. <\/p>\n<p data-start=\"451\" data-end=\"726\">Passende foderautomat\/holder: <a href=\"https:\/\/pippifoder.se\/da\/produkt\/foderautomater-til-fugle\/fuglefoderautomater-store-3-etager-rustfri-kopia-kopia-kopia-kopia-kopia\/\">Jordn\u00f8ddesm\u00f8rholder i glaskrukke<\/a><\/p>\n","protected":false},"featured_media":32580,"comment_status":"closed","ping_status":"closed","template":"","meta":{"_acf_changed":false},"product_brand":[],"product_cat":[115,98,119],"product_tag":[],"class_list":{"0":"post-32576","1":"product","2":"type-product","3":"status-publish","4":"has-post-thumbnail","6":"product_cat-fedtfro-blanding","7":"product_cat-fuglefoder","8":"product_cat-jordnodder","10":"first","11":"instock","12":"sale","13":"taxable","14":"shipping-taxable","15":"purchasable","16":"product-type-variable","17":"has-default-attributes"},"bundled_by":[],"bundle_stock_status":"instock","bundle_stock_quantity":57,"bundle_virtual":false,"bundle_layout":"","bundle_add_to_cart_form_location":"","bundle_editable_in_cart":false,"bundle_sold_individually_context":"","bundle_item_grouping":"","bundle_min_size":"","bundle_max_size":"","bundle_price":[],"bundled_items":[],"bundle_sell_ids":[],"acf":[],"_links":{"self":[{"href":"https:\/\/pippifoder.se\/da\/wp-json\/wp\/v2\/product\/32576","targetHints":{"allow":["GET"]}}],"collection":[{"href":"https:\/\/pippifoder.se\/da\/wp-json\/wp\/v2\/product"}],"about":[{"href":"https:\/\/pippifoder.se\/da\/wp-json\/wp\/v2\/types\/product"}],"replies":[{"embeddable":true,"href":"https:\/\/pippifoder.se\/da\/wp-json\/wp\/v2\/comments?post=32576"}],"wp:featuredmedia":[{"embeddable":true,"href":"https:\/\/pippifoder.se\/da\/wp-json\/wp\/v2\/media\/32580"}],"wp:attachment":[{"href":"https:\/\/pippifoder.se\/da\/wp-json\/wp\/v2\/media?parent=32576"}],"wp:term":[{"taxonomy":"product_brand","embeddable":true,"href":"https:\/\/pippifoder.se\/da\/wp-json\/wp\/v2\/product_brand?post=32576"},{"taxonomy":"product_cat","embeddable":true,"href":"https:\/\/pippifoder.se\/da\/wp-json\/wp\/v2\/product_cat?post=32576"},{"taxonomy":"product_tag","embeddable":true,"href":"https:\/\/pippifoder.se\/da\/wp-json\/wp\/v2\/product_tag?post=32576"}],"curies":[{"name":"wp","href":"https:\/\/api.w.org\/{rel}","templated":true}]}}