{"id":32557,"date":"2025-09-12T14:59:11","date_gmt":"2025-09-12T14:59:11","guid":{"rendered":"https:\/\/pippifoder.se\/?post_type=product&#038;p=32557"},"modified":"2025-10-25T04:02:25","modified_gmt":"2025-10-25T04:02:25","slug":"fynd-20-kg-okologiske-afskallede-solsikkefro-i-en-tonde-kopia-kopia-kopia","status":"publish","type":"product","link":"https:\/\/pippifoder.se\/da\/produkt\/tilbudshjoerne\/fynd-20-kg-okologiske-afskallede-solsikkefro-i-en-tonde-kopia-kopia-kopia\/","title":{"rendered":"FYND &#8211; 15 kg \u00f8kologiske markfr\u00f8 i fodert\u00f8nde"},"content":{"rendered":"","protected":false},"excerpt":{"rendered":"<p>Ca. 15 kg <a href=\"https:\/\/pippifoder.se\/no\/produkt\/fuglemat\/okologisk-fuglemat\/avskallede-okologiske-solsikkefro-25-kg-2\/\">markfr\u00f8<\/a> i en fodert\u00f8nde (farven kan variere fra billedet). BEM\u00c6RK, der er ingen s\u00e6k i t\u00f8nden, fr\u00f8ene er fra \u00f8delagte s\u00e6kke, som vi h\u00e6ldte i en fodert\u00f8nde. Der er ikke noget galt med foderet, men vi kan ikke s\u00e6lge det, n\u00e5r s\u00e6kken er i stykker.<\/p>\n","protected":false},"featured_media":27735,"comment_status":"open","ping_status":"closed","template":"","meta":{"_acf_changed":false},"product_brand":[],"product_cat":[297,98,111,197],"product_tag":[],"class_list":{"0":"post-32557","1":"product","2":"type-product","3":"status-publish","4":"has-post-thumbnail","6":"product_cat-tilbudshjoerne","7":"product_cat-fuglefoder","8":"product_cat-fuglefro-og-fuglefoder-pa-udsalg","9":"product_cat-okologisk-fuglefoder","10":"product_group-15kg-sack","12":"first","13":"outofstock","14":"sale","15":"taxable","16":"shipping-taxable","17":"purchasable","18":"product-type-simple"},"bundled_by":[],"bundle_stock_status":"outofstock","bundle_stock_quantity":0,"bundle_virtual":false,"bundle_layout":"","bundle_add_to_cart_form_location":"","bundle_editable_in_cart":false,"bundle_sold_individually_context":"","bundle_item_grouping":"","bundle_min_size":"","bundle_max_size":"","bundle_price":[],"bundled_items":[],"bundle_sell_ids":[],"acf":[],"_links":{"self":[{"href":"https:\/\/pippifoder.se\/da\/wp-json\/wp\/v2\/product\/32557","targetHints":{"allow":["GET"]}}],"collection":[{"href":"https:\/\/pippifoder.se\/da\/wp-json\/wp\/v2\/product"}],"about":[{"href":"https:\/\/pippifoder.se\/da\/wp-json\/wp\/v2\/types\/product"}],"replies":[{"embeddable":true,"href":"https:\/\/pippifoder.se\/da\/wp-json\/wp\/v2\/comments?post=32557"}],"wp:featuredmedia":[{"embeddable":true,"href":"https:\/\/pippifoder.se\/da\/wp-json\/wp\/v2\/media\/27735"}],"wp:attachment":[{"href":"https:\/\/pippifoder.se\/da\/wp-json\/wp\/v2\/media?parent=32557"}],"wp:term":[{"taxonomy":"product_brand","embeddable":true,"href":"https:\/\/pippifoder.se\/da\/wp-json\/wp\/v2\/product_brand?post=32557"},{"taxonomy":"product_cat","embeddable":true,"href":"https:\/\/pippifoder.se\/da\/wp-json\/wp\/v2\/product_cat?post=32557"},{"taxonomy":"product_tag","embeddable":true,"href":"https:\/\/pippifoder.se\/da\/wp-json\/wp\/v2\/product_tag?post=32557"}],"curies":[{"name":"wp","href":"https:\/\/api.w.org\/{rel}","templated":true}]}}