{"id":30735,"date":"2025-08-26T17:38:07","date_gmt":"2025-08-26T17:38:07","guid":{"rendered":"https:\/\/pippifoder.se\/?post_type=product&#038;p=30735"},"modified":"2026-04-15T12:59:35","modified_gmt":"2026-04-15T10:59:35","slug":"skraellede-solsikkefro-15-kg-helpall-50-stk-kopia","status":"publish","type":"product","link":"https:\/\/pippifoder.se\/da\/produkt\/fuglefoder\/blanding-til-vilde-fugle\/skraellede-solsikkefro-15-kg-helpall-50-stk-kopia\/","title":{"rendered":"Vildfugleblanding uden skal 15 kg &#8211; Helpall (50 stk.)"},"content":{"rendered":"<h2>Vildfugleblanding i stor pakke<\/h2>\n<p>K\u00f8b en hel palle med 50 stk. 15 kg poser med vildtfugleblanding uden skal til den absolut laveste pris. Gratis forsendelse til din d\u00f8r. <\/p>\n","protected":false},"excerpt":{"rendered":"<p>En hel palle med 50 s\u00e6kke p\u00e5 15 kg af den h\u00f8jeste kvalitet af skalfri vildtfugleblanding. 750 kg i alt! Perfekt at bestille, hvis I er flere, der gerne vil dele for at f\u00e5 vores i forvejen billige pris yderligere ned! Skallel\u00f8s vildtfugleblanding er perfekt til alle typer fugle. Gratis forsendelse med hjemmelevering i hele Norden!    <\/p>\n","protected":false},"featured_media":6670,"comment_status":"closed","ping_status":"closed","template":"","meta":{"_acf_changed":false},"product_brand":[],"product_cat":[178,99,98,116,111,185],"product_tag":[97,104],"class_list":{"0":"post-30735","1":"product","2":"type-product","3":"status-publish","4":"has-post-thumbnail","6":"product_cat-blanding-til-vilde-fugle","7":"product_cat-fro-og-foder-til-vilde-fugle","8":"product_cat-fuglefoder","9":"product_cat-fuglefro","10":"product_cat-fuglefro-og-fuglefoder-pa-udsalg","11":"product_cat-stor-pakke-da","12":"product_tag-fuglefoder","13":"product_tag-solsikkefroe","14":"product_shipping_class-sverige-da","16":"first","17":"instock","18":"sale","19":"taxable","20":"shipping-taxable","21":"purchasable","22":"product-type-simple"},"bundled_by":[],"bundle_stock_status":"instock","bundle_stock_quantity":8,"bundle_virtual":false,"bundle_layout":"","bundle_add_to_cart_form_location":"","bundle_editable_in_cart":false,"bundle_sold_individually_context":"","bundle_item_grouping":"","bundle_min_size":"","bundle_max_size":"","bundle_price":[],"bundled_items":[],"bundle_sell_ids":[],"acf":[],"_links":{"self":[{"href":"https:\/\/pippifoder.se\/da\/wp-json\/wp\/v2\/product\/30735","targetHints":{"allow":["GET"]}}],"collection":[{"href":"https:\/\/pippifoder.se\/da\/wp-json\/wp\/v2\/product"}],"about":[{"href":"https:\/\/pippifoder.se\/da\/wp-json\/wp\/v2\/types\/product"}],"replies":[{"embeddable":true,"href":"https:\/\/pippifoder.se\/da\/wp-json\/wp\/v2\/comments?post=30735"}],"wp:featuredmedia":[{"embeddable":true,"href":"https:\/\/pippifoder.se\/da\/wp-json\/wp\/v2\/media\/6670"}],"wp:attachment":[{"href":"https:\/\/pippifoder.se\/da\/wp-json\/wp\/v2\/media?parent=30735"}],"wp:term":[{"taxonomy":"product_brand","embeddable":true,"href":"https:\/\/pippifoder.se\/da\/wp-json\/wp\/v2\/product_brand?post=30735"},{"taxonomy":"product_cat","embeddable":true,"href":"https:\/\/pippifoder.se\/da\/wp-json\/wp\/v2\/product_cat?post=30735"},{"taxonomy":"product_tag","embeddable":true,"href":"https:\/\/pippifoder.se\/da\/wp-json\/wp\/v2\/product_tag?post=30735"}],"curies":[{"name":"wp","href":"https:\/\/api.w.org\/{rel}","templated":true}]}}