{"id":29958,"date":"2025-08-20T06:03:02","date_gmt":"2025-08-20T06:03:02","guid":{"rendered":"https:\/\/pippifoder.se\/Ikke kategoriseret\/12-stk-leo-wolf-tallow-seed-bars-energy-600g-udgaaet\/"},"modified":"2025-08-20T06:03:02","modified_gmt":"2025-08-20T06:03:02","slug":"12-stk-leo-wolf-tallow-seed-bars-energy-600g-udgaaet","status":"publish","type":"product","link":"https:\/\/pippifoder.se\/da\/produkt\/tilbudshjoerne\/12-stk-leo-wolf-tallow-seed-bars-energy-600g-udgaaet\/","title":{"rendered":"12 stk Leo &amp; Wolf Tallow Seed Bars &#8211; Energy 600g udg\u00e5et"},"content":{"rendered":"<p>Talgfr\u00f8 med meget h\u00f8j energi til vilde fugle. En ny innovativ og forbedret konkurrent til talgkugler! <\/p>\n","protected":false},"excerpt":{"rendered":"<p>Bedst f\u00f8r-datoen er overskredet, men der er ikke noget galt med indholdet.<\/p>\n","protected":false},"featured_media":29320,"comment_status":"open","ping_status":"closed","template":"","meta":{"_acf_changed":false},"product_brand":[],"product_cat":[297,111],"product_tag":[],"class_list":{"0":"post-29958","1":"product","2":"type-product","3":"status-publish","4":"has-post-thumbnail","6":"product_cat-tilbudshjoerne","7":"product_cat-fuglefro-og-fuglefoder-pa-udsalg","9":"first","10":"outofstock","11":"sale","12":"taxable","13":"shipping-taxable","14":"purchasable","15":"product-type-simple"},"bundled_by":[],"bundle_stock_status":"outofstock","bundle_stock_quantity":0,"bundle_virtual":false,"bundle_layout":"","bundle_add_to_cart_form_location":"","bundle_editable_in_cart":false,"bundle_sold_individually_context":"","bundle_item_grouping":"","bundle_min_size":"","bundle_max_size":"","bundle_price":[],"bundled_items":[],"bundle_sell_ids":[],"acf":[],"_links":{"self":[{"href":"https:\/\/pippifoder.se\/da\/wp-json\/wp\/v2\/product\/29958","targetHints":{"allow":["GET"]}}],"collection":[{"href":"https:\/\/pippifoder.se\/da\/wp-json\/wp\/v2\/product"}],"about":[{"href":"https:\/\/pippifoder.se\/da\/wp-json\/wp\/v2\/types\/product"}],"replies":[{"embeddable":true,"href":"https:\/\/pippifoder.se\/da\/wp-json\/wp\/v2\/comments?post=29958"}],"wp:featuredmedia":[{"embeddable":true,"href":"https:\/\/pippifoder.se\/da\/wp-json\/wp\/v2\/media\/29320"}],"wp:attachment":[{"href":"https:\/\/pippifoder.se\/da\/wp-json\/wp\/v2\/media?parent=29958"}],"wp:term":[{"taxonomy":"product_brand","embeddable":true,"href":"https:\/\/pippifoder.se\/da\/wp-json\/wp\/v2\/product_brand?post=29958"},{"taxonomy":"product_cat","embeddable":true,"href":"https:\/\/pippifoder.se\/da\/wp-json\/wp\/v2\/product_cat?post=29958"},{"taxonomy":"product_tag","embeddable":true,"href":"https:\/\/pippifoder.se\/da\/wp-json\/wp\/v2\/product_tag?post=29958"}],"curies":[{"name":"wp","href":"https:\/\/api.w.org\/{rel}","templated":true}]}}