{"id":29170,"date":"2025-08-18T17:58:27","date_gmt":"2025-08-18T17:58:27","guid":{"rendered":"https:\/\/pippifoder.se\/?post_type=product&#038;p=29170"},"modified":"2026-02-08T19:29:38","modified_gmt":"2026-02-08T19:29:38","slug":"fuglefoderautomater-store-3-etager-rustfri-kopia-kopia-kopia-kopia-kopia-kopia-kopia-kopia","status":"publish","type":"product","link":"https:\/\/pippifoder.se\/da\/produkt\/tilbehor\/fuglefoderautomater-store-3-etager-rustfri-kopia-kopia-kopia-kopia-kopia-kopia-kopia-kopia\/","title":{"rendered":"Vinduesklisterm\u00e6rke, fugle p\u00e5 gren"},"content":{"rendered":"<p>L\u00e6ngde: 33 cm<br \/>\nBredde: 0,1 cm<br \/>\nH\u00f8jde: 23 cm<\/p>\n<h3 data-start=\"541\" data-end=\"562\"><strong data-start=\"545\" data-end=\"560\">Karakteristika:<\/strong><\/h3>\n<ul data-start=\"563\" data-end=\"837\">\n<li data-start=\"563\" data-end=\"603\">\n<p data-start=\"565\" data-end=\"603\">Ark med fuglesilhuetter p\u00e5 gren<\/p>\n<\/li>\n<li data-start=\"604\" data-end=\"656\">\n<p data-start=\"606\" data-end=\"656\">Let at s\u00e6tte p\u00e5 og tage af uden at efterlade m\u00e6rker<\/p>\n<\/li>\n<li data-start=\"657\" data-end=\"716\">\n<p data-start=\"659\" data-end=\"716\">Kan bruges p\u00e5 vinduer, spejle og andre glatte overflader<\/p>\n<\/li>\n<li data-start=\"717\" data-end=\"750\">\n<p data-start=\"719\" data-end=\"750\">Genanvendelig og holdbar<\/p>\n<\/li>\n<li data-start=\"751\" data-end=\"837\">\n<p data-start=\"753\" data-end=\"837\">Giver b\u00e5de en <strong data-start=\"762\" data-end=\"782\">dekorativ effekt<\/strong> og en <strong data-start=\"787\" data-end=\"808\">praktisk funktion<\/strong> som beskyttelse for vilde fugle<\/p>\n<\/li>\n<\/ul>\n<h3 data-start=\"839\" data-end=\"858\"><strong data-start=\"843\" data-end=\"856\">Fordele:<\/strong><\/h3>\n<ul data-start=\"859\" data-end=\"1048\">\n<li data-start=\"859\" data-end=\"914\">\n<p data-start=\"861\" data-end=\"914\">Forvandler vinduer til en <strong data-start=\"888\" data-end=\"912\">naturscene med fugle<\/strong><\/p>\n<\/li>\n<li data-start=\"915\" data-end=\"956\">\n<p data-start=\"917\" data-end=\"956\">Nem montering &#8211; intet v\u00e6rkt\u00f8j n\u00f8dvendigt<\/p>\n<\/li>\n<li data-start=\"957\" data-end=\"1000\">\n<p data-start=\"959\" data-end=\"1000\">Skab sikkerhed for fugle i haven<\/p>\n<\/li>\n<li data-start=\"1001\" data-end=\"1048\">\n<p data-start=\"1003\" data-end=\"1048\">Velegnet til b\u00e5de hjemmet og sommerhuset<\/p>\n<\/li>\n<\/ul>\n<p data-start=\"1050\" data-end=\"1159\">\u2728 Med <strong data-start=\"1056\" data-end=\"1091\">vinduesklisterm\u00e6rker &#8211; fugle p\u00e5 en gren<\/strong> f\u00e5r du en kombination af smukt interi\u00f8rdesign og omsorg for naturen.<\/p>\n","protected":false},"excerpt":{"rendered":"<p data-start=\"156\" data-end=\"405\">Skab et smukt og levende look i dit hjem med disse dekorative <strong data-start=\"225\" data-end=\"262\">vinduesklisterm\u00e6rker med fugle p\u00e5 grene<\/strong>. Dekorationerne er designet i stilfulde silhuetter og giver et naturinspireret indtryk, der passer perfekt i stuen, k\u00f8kkenet, b\u00f8rnev\u00e6relset eller udestuen. <\/p>\n<p data-start=\"407\" data-end=\"539\">Ud over at v\u00e6re dekorative fungerer de ogs\u00e5 som <strong data-start=\"456\" data-end=\"470\">fuglestop<\/strong> &#8211; og reducerer risikoen for, at vilde fugle flyver ind i vinduet.<\/p>\n","protected":false},"featured_media":29174,"comment_status":"closed","ping_status":"closed","template":"","meta":{"_acf_changed":false},"product_brand":[],"product_cat":[149,325],"product_tag":[],"class_list":{"0":"post-29170","1":"product","2":"type-product","3":"status-publish","4":"has-post-thumbnail","6":"product_cat-tilbehor","7":"product_cat-tradgard-da","8":"product_group-foderstang-talgfrobar-kokosnot","10":"first","11":"instock","12":"taxable","13":"shipping-taxable","14":"purchasable","15":"product-type-simple"},"bundled_by":[],"bundle_stock_status":"instock","bundle_stock_quantity":251,"bundle_virtual":false,"bundle_layout":"","bundle_add_to_cart_form_location":"","bundle_editable_in_cart":false,"bundle_sold_individually_context":"","bundle_item_grouping":"","bundle_min_size":"","bundle_max_size":"","bundle_price":[],"bundled_items":[],"bundle_sell_ids":[],"acf":[],"_links":{"self":[{"href":"https:\/\/pippifoder.se\/da\/wp-json\/wp\/v2\/product\/29170","targetHints":{"allow":["GET"]}}],"collection":[{"href":"https:\/\/pippifoder.se\/da\/wp-json\/wp\/v2\/product"}],"about":[{"href":"https:\/\/pippifoder.se\/da\/wp-json\/wp\/v2\/types\/product"}],"replies":[{"embeddable":true,"href":"https:\/\/pippifoder.se\/da\/wp-json\/wp\/v2\/comments?post=29170"}],"wp:featuredmedia":[{"embeddable":true,"href":"https:\/\/pippifoder.se\/da\/wp-json\/wp\/v2\/media\/29174"}],"wp:attachment":[{"href":"https:\/\/pippifoder.se\/da\/wp-json\/wp\/v2\/media?parent=29170"}],"wp:term":[{"taxonomy":"product_brand","embeddable":true,"href":"https:\/\/pippifoder.se\/da\/wp-json\/wp\/v2\/product_brand?post=29170"},{"taxonomy":"product_cat","embeddable":true,"href":"https:\/\/pippifoder.se\/da\/wp-json\/wp\/v2\/product_cat?post=29170"},{"taxonomy":"product_tag","embeddable":true,"href":"https:\/\/pippifoder.se\/da\/wp-json\/wp\/v2\/product_tag?post=29170"}],"curies":[{"name":"wp","href":"https:\/\/api.w.org\/{rel}","templated":true}]}}