{"id":29153,"date":"2025-08-18T17:48:24","date_gmt":"2025-08-18T17:48:24","guid":{"rendered":"https:\/\/pippifoder.se\/?post_type=product&#038;p=29153"},"modified":"2026-04-15T12:59:40","modified_gmt":"2026-04-15T10:59:40","slug":"fuglefoderautomater-store-3-etager-rustfri-kopia-kopia-kopia-kopia-kopia-kopia","status":"publish","type":"product","link":"https:\/\/pippifoder.se\/da\/produkt\/foderautomater-til-fugle\/fuglefoderautomater-store-3-etager-rustfri-kopia-kopia-kopia-kopia-kopia-kopia\/","title":{"rendered":"Sort metalf\u00f8der til m\u00f8trikker"},"content":{"rendered":"<p>L\u00e6ngde: 16,5 cm<br \/>\nBredde: 16,5 cm<br \/>\nH\u00f8jde: 30 cm<\/p>\n<h3 data-start=\"772\" data-end=\"793\"><strong data-start=\"776\" data-end=\"791\">Karakteristika:<\/strong><\/h3>\n<ul data-start=\"794\" data-end=\"1129\">\n<li data-start=\"794\" data-end=\"851\">\n<p data-start=\"796\" data-end=\"851\">Robust konstruktion i <strong data-start=\"818\" data-end=\"849\">sort pulverlakeret metal<\/strong><\/p>\n<\/li>\n<li data-start=\"852\" data-end=\"902\">\n<p data-start=\"854\" data-end=\"902\">Tilpasset til <strong data-start=\"867\" data-end=\"900\"><a href=\"https:\/\/pippifoder.se\/da\/jordnodder\/\">jordn\u00f8dder<\/a> og n\u00f8ddeblandinger<\/strong><\/p>\n<\/li>\n<li data-start=\"903\" data-end=\"966\">\n<p data-start=\"905\" data-end=\"966\"><strong data-start=\"905\" data-end=\"923\">Finmasket net<\/strong>, der g\u00f8r det nemt for sm\u00e5fugle at spise<\/p>\n<\/li>\n<li data-start=\"967\" data-end=\"1014\">\n<p data-start=\"969\" data-end=\"1014\">Stort beskyttende tag til at holde foderet t\u00f8rt<\/p>\n<\/li>\n<li data-start=\"1015\" data-end=\"1052\">\n<p data-start=\"1017\" data-end=\"1052\">Bakke i bunden for at reducere spild<\/p>\n<\/li>\n<li data-start=\"1053\" data-end=\"1087\">\n<p data-start=\"1055\" data-end=\"1087\">Let at genopfylde og reng\u00f8re<\/p>\n<\/li>\n<li data-start=\"1088\" data-end=\"1129\">\n<p data-start=\"1090\" data-end=\"1129\">Udstyret med <strong data-start=\"1103\" data-end=\"1127\">praktisk affjedring<\/strong><\/p>\n<\/li>\n<\/ul>\n<h3 data-start=\"1131\" data-end=\"1150\"><strong data-start=\"1135\" data-end=\"1148\">Fordele:<\/strong><\/h3>\n<ul data-start=\"1151\" data-end=\"1353\">\n<li data-start=\"1151\" data-end=\"1185\">\n<p data-start=\"1153\" data-end=\"1185\">Holder n\u00f8dder friske i l\u00e6ngere tid<\/p>\n<\/li>\n<li data-start=\"1186\" data-end=\"1243\">\n<p data-start=\"1188\" data-end=\"1243\">Tiltr\u00e6kker flere sm\u00e5fugle som mejser, sp\u00e6tmejser og finker<\/p>\n<\/li>\n<li data-start=\"1244\" data-end=\"1303\">\n<p data-start=\"1246\" data-end=\"1303\">Elegant og stilfuldt design, der passer ind i enhver have<\/p>\n<\/li>\n<li data-start=\"1304\" data-end=\"1353\">\n<p data-start=\"1306\" data-end=\"1353\">Lang levetid takket v\u00e6re holdbart materiale<\/p>\n<\/li>\n<\/ul>\n<p data-start=\"1355\" data-end=\"1516\">\ud83d\udc26 Skab en levende have fyldt med fuglesang &#8211; bestil din <strong data-start=\"1417\" data-end=\"1459\">n\u00f8ddefoderautomat i sort metal<\/strong> i dag, og g\u00f8r en forskel for dine vilde fugle hele \u00e5ret rundt!<\/p>\n","protected":false},"excerpt":{"rendered":"<p data-start=\"189\" data-end=\"435\">Giv fuglene i din have den bedste mad med dette stilfulde<strong> fuglefoderhus i sort metal med rist til n\u00f8dder i kobberlook<\/strong>. Designet kombinerer <strong data-start=\"318\" data-end=\"361\">moderne stil med praktisk funktionalitet og<\/strong> er perfekt til servering af peanuts og andre n\u00f8ddeblandinger. <\/p>\n<p data-start=\"437\" data-end=\"770\">Automaten er lavet af <strong data-start=\"463\" data-end=\"496\">holdbart<\/strong>, vejrbestandigt <strong data-start=\"463\" data-end=\"496\">pulverlakeret metal.<\/strong> Det fine net g\u00f8r det nemt for fuglene at plukke maden ud, samtidig med at det forhindrer st\u00f8rre stykker i at falde ud. Det store tag beskytter n\u00f8dderne mod regn og sne, og den nederste bakke opsamler spild, s\u00e5 der kan bruges mere mad.  <\/p>\n","protected":false},"featured_media":29157,"comment_status":"closed","ping_status":"closed","template":"","meta":{"_acf_changed":false},"product_brand":[],"product_cat":[175,167],"product_tag":[],"class_list":{"0":"post-29153","1":"product","2":"type-product","3":"status-publish","4":"has-post-thumbnail","6":"product_cat-foderautomater-til-fugle","7":"product_cat-fuglefoderautomater-til-nodder","9":"first","10":"instock","11":"taxable","12":"shipping-taxable","13":"purchasable","14":"product-type-simple"},"bundled_by":[],"bundle_stock_status":"instock","bundle_stock_quantity":17,"bundle_virtual":false,"bundle_layout":"","bundle_add_to_cart_form_location":"","bundle_editable_in_cart":false,"bundle_sold_individually_context":"","bundle_item_grouping":"","bundle_min_size":"","bundle_max_size":"","bundle_price":[],"bundled_items":[],"bundle_sell_ids":[],"acf":[],"_links":{"self":[{"href":"https:\/\/pippifoder.se\/da\/wp-json\/wp\/v2\/product\/29153","targetHints":{"allow":["GET"]}}],"collection":[{"href":"https:\/\/pippifoder.se\/da\/wp-json\/wp\/v2\/product"}],"about":[{"href":"https:\/\/pippifoder.se\/da\/wp-json\/wp\/v2\/types\/product"}],"replies":[{"embeddable":true,"href":"https:\/\/pippifoder.se\/da\/wp-json\/wp\/v2\/comments?post=29153"}],"wp:featuredmedia":[{"embeddable":true,"href":"https:\/\/pippifoder.se\/da\/wp-json\/wp\/v2\/media\/29157"}],"wp:attachment":[{"href":"https:\/\/pippifoder.se\/da\/wp-json\/wp\/v2\/media?parent=29153"}],"wp:term":[{"taxonomy":"product_brand","embeddable":true,"href":"https:\/\/pippifoder.se\/da\/wp-json\/wp\/v2\/product_brand?post=29153"},{"taxonomy":"product_cat","embeddable":true,"href":"https:\/\/pippifoder.se\/da\/wp-json\/wp\/v2\/product_cat?post=29153"},{"taxonomy":"product_tag","embeddable":true,"href":"https:\/\/pippifoder.se\/da\/wp-json\/wp\/v2\/product_tag?post=29153"}],"curies":[{"name":"wp","href":"https:\/\/api.w.org\/{rel}","templated":true}]}}