{"id":28743,"date":"2025-08-12T13:15:58","date_gmt":"2025-08-12T13:15:58","guid":{"rendered":"https:\/\/pippifoder.se\/?post_type=product&#038;p=28743"},"modified":"2025-08-22T12:00:20","modified_gmt":"2025-08-22T12:00:20","slug":"fynd-20-kg-okologiske-afskallede-solsikkefro-i-en-tonde-kopia-2","status":"publish","type":"product","link":"https:\/\/pippifoder.se\/da\/produkt\/tilbudshjoerne\/fynd-20-kg-okologiske-afskallede-solsikkefro-i-en-tonde-kopia-2\/","title":{"rendered":"FYND &#8211; Kyllingem\u00fcsli 25 kg i fodert\u00f8nde"},"content":{"rendered":"<p>25 kg kyllingem\u00fcsli, produceret i Sverige. Kyllingem\u00fcsli er et tilskudsfoder til kyllinger og h\u00f8ns. Kyllingem\u00fcsli indeholder: <a href=\"https:\/\/pippifoder.se\/no\/produkt\/kylling\/for-og-mat-til-kyllinger\/maisknus-25-kg\/\">Majsmel<\/a>, hvede, byg, saflor, dari, hirse, <a href=\"https:\/\/pippifoder.se\/no\/produkt\/fuglemat\/fuglefro-no\/nakenhavre-25-kg\/\">n\u00f8gen havre<\/a>, rapsfr\u00f8, <a href=\"https:\/\/pippifoder.se\/da\/solsikkefro\/\">solsikkefr\u00f8<\/a>, rullede \u00e6rter. Perfekt som en ekstra godbid til h\u00f8nsene.   <\/p>\n","protected":false},"excerpt":{"rendered":"<p>Ca. 25 kg kyllingem\u00fcsli 25 kg i fodert\u00f8nde i gul fodert\u00f8nde. BEM\u00c6RK, ingen s\u00e6k i t\u00f8nden, fr\u00f8ene er fra \u00f8delagte s\u00e6kke, som vi h\u00e6ldte i en fodert\u00f8nde. Der er ikke noget galt med foderet, men vi kan ikke s\u00e6lge det, n\u00e5r s\u00e6kken er g\u00e5et i stykker.  <\/p>\n","protected":false},"featured_media":27735,"comment_status":"open","ping_status":"closed","template":"","meta":{"_acf_changed":false},"product_brand":[],"product_cat":[297,111],"product_tag":[],"class_list":{"0":"post-28743","1":"product","2":"type-product","3":"status-publish","4":"has-post-thumbnail","6":"product_cat-tilbudshjoerne","7":"product_cat-fuglefro-og-fuglefoder-pa-udsalg","9":"first","10":"outofstock","11":"sale","12":"taxable","13":"shipping-taxable","14":"purchasable","15":"product-type-simple"},"bundled_by":[],"bundle_stock_status":"outofstock","bundle_stock_quantity":0,"bundle_virtual":false,"bundle_layout":"","bundle_add_to_cart_form_location":"","bundle_editable_in_cart":false,"bundle_sold_individually_context":"","bundle_item_grouping":"","bundle_min_size":"","bundle_max_size":"","bundle_price":[],"bundled_items":[],"bundle_sell_ids":[],"acf":[],"_links":{"self":[{"href":"https:\/\/pippifoder.se\/da\/wp-json\/wp\/v2\/product\/28743","targetHints":{"allow":["GET"]}}],"collection":[{"href":"https:\/\/pippifoder.se\/da\/wp-json\/wp\/v2\/product"}],"about":[{"href":"https:\/\/pippifoder.se\/da\/wp-json\/wp\/v2\/types\/product"}],"replies":[{"embeddable":true,"href":"https:\/\/pippifoder.se\/da\/wp-json\/wp\/v2\/comments?post=28743"}],"wp:featuredmedia":[{"embeddable":true,"href":"https:\/\/pippifoder.se\/da\/wp-json\/wp\/v2\/media\/27735"}],"wp:attachment":[{"href":"https:\/\/pippifoder.se\/da\/wp-json\/wp\/v2\/media?parent=28743"}],"wp:term":[{"taxonomy":"product_brand","embeddable":true,"href":"https:\/\/pippifoder.se\/da\/wp-json\/wp\/v2\/product_brand?post=28743"},{"taxonomy":"product_cat","embeddable":true,"href":"https:\/\/pippifoder.se\/da\/wp-json\/wp\/v2\/product_cat?post=28743"},{"taxonomy":"product_tag","embeddable":true,"href":"https:\/\/pippifoder.se\/da\/wp-json\/wp\/v2\/product_tag?post=28743"}],"curies":[{"name":"wp","href":"https:\/\/api.w.org\/{rel}","templated":true}]}}