{"id":28550,"date":"2025-08-06T10:06:05","date_gmt":"2025-08-06T10:06:05","guid":{"rendered":"https:\/\/pippifoder.se\/?post_type=product&#038;p=28550"},"modified":"2026-02-14T09:29:10","modified_gmt":"2026-02-14T09:29:10","slug":"muslingeskaller-15-kg-kopia","status":"publish","type":"product","link":"https:\/\/pippifoder.se\/da\/produkt\/kyllinger\/foder-og-mad-til-kyllinger\/muslingeskaller-15-kg-kopia\/","title":{"rendered":"Muslingeskaller 4 kg"},"content":{"rendered":"<p data-start=\"393\" data-end=\"756\"><strong data-start=\"393\" data-end=\"420\">Fordele ved muslingeskaller:<\/strong><br data-start=\"420\" data-end=\"423\">\u2705 <strong data-start=\"425\" data-end=\"444\">Styrker \u00e6ggeskaller<\/strong> &#8211; Reducerer risikoen for revnede \u00e6g.<br data-start=\"479\" data-end=\"482\">\u2705 <strong data-start=\"484\" data-end=\"509\">Naturlig kilde til kalcium<\/strong> &#8211; Indeholder 94 % kalciumkarbonat og 1 % magnesiumkarbonat.<br data-start=\"570\" data-end=\"573\">\u2705 <strong data-start=\"575\" data-end=\"604\">Forbedrer ford\u00f8jelsen<\/strong> &#8211; Hj\u00e6lper h\u00f8nerne med at nedbryde foderet.<br data-start=\"643\" data-end=\"646\">\u2705 <strong data-start=\"648\" data-end=\"672\">Alsidig<\/strong> brug &#8211; Kan ogs\u00e5 bruges som skridsikring p\u00e5 trapper og gangarealer og som br\u00f8ndkalk.<\/p>\n<p data-start=\"758\" data-end=\"937\"><strong data-start=\"758\" data-end=\"781\">Produktinformation:<\/strong><br data-start=\"781\" data-end=\"784\">\ud83d\udccc <strong data-start=\"787\" data-end=\"798\">St\u00f8rrelse<\/strong>: 0,5-2,5 mm<br data-start=\"808\" data-end=\"811\">\ud83d\udccc <strong data-start=\"814\" data-end=\"829\">Emballage<\/strong>: 4 kg pose<br data-start=\"871\" data-end=\"874\">\ud83d\udccc <strong data-start=\"877\" data-end=\"892\">Calciumindhold<\/strong>: 38 %<br data-start=\"898\" data-end=\"901\">\ud83d\udccc <strong data-start=\"904\" data-end=\"917\">Opl\u00f8selighed<\/strong>: Ved 39 \u00b0C, pH 2,7<\/p>\n<p data-start=\"939\" data-end=\"1041\">Muslingeskaller kan st\u00f8ve, n\u00e5r de spredes &#8211; vi anbefaler, at man bruger \u00e5ndedr\u00e6tsv\u00e6rn for at undg\u00e5 st\u00f8v.<\/p>\n<p>&nbsp;<\/p>\n<p data-start=\"1043\" data-end=\"1168\">Giv dine h\u00f8ns den naturlige ern\u00e6ring, de har brug for, for at holde sig sunde og producere st\u00e6rke \u00e6g.  <strong data-start=\"1139\" data-end=\"1166\">Bestil muslingeskaller i dag!<\/strong><\/p>\n<h2>Ofte stillede sp\u00f8rgsm\u00e5l om muslingeskaller<\/h2>\n<p>Her har vi samlet nogle ofte stillede sp\u00f8rgsm\u00e5l om muslingeskaller.<\/p>\n<h3>Hvor meget skal kyllinger have<\/h3>\n<p data-start=\"0\" data-end=\"120\">Hvor meget skal h\u00f8ns har brug for, afh\u00e6nger af deres alder, race og om de er \u00e6gl\u00e6ggende h\u00f8ns eller ej. Generelt anbefales det: <\/p>\n<p data-start=\"122\" data-end=\"426\">\u2705 <strong data-start=\"124\" data-end=\"136\">\u00c6gl\u00e6ggende h\u00f8ns<\/strong>: Ca. <strong data-start=\"144\" data-end=\"184\">5-10 gram skaller pr. h\u00f8ne pr. dag.<\/strong><br data-start=\"185\" data-end=\"188\">\u2705 <strong data-start=\"190\" data-end=\"214\">Unge h\u00f8ns og haner<\/strong>: Har normalt ikke brug for ekstra skaller, hvis de f\u00e5r en afbalanceret kost.<br data-start=\"287\" data-end=\"290\">\u2705 <strong data-start=\"292\" data-end=\"308\">Fri adgang<\/strong>: Det er bedst at tilbyde muslingeskaller i en separat beholder, s\u00e5 h\u00f8nerne selv kan regulere deres indtag efter behov.<\/p>\n<p data-start=\"428\" data-end=\"552\" data-is-last-node=\"\" data-is-only-node=\"\">Fodring med skaller sikrer, at h\u00f8nsene f\u00e5r nok calcium, hvilket bidrager til st\u00e6rke \u00e6ggeskaller og et godt helbred. \ud83d\udc14\ud83e\udd5a <\/p>\n<h3>Hvad er muslingeskaller lavet af?<\/h3>\n<p data-start=\"0\" data-end=\"240\">Muslingeskaller best\u00e5r hovedsageligt af <strong data-start=\"34\" data-end=\"61\">calciumcarbonat (CaCO\u2083)<\/strong>, som er et naturligt mineral, der udg\u00f8r skallen p\u00e5 snegle og muslinger. Ud over calciumkarbonat indeholder muslingeskaller ogs\u00e5 sm\u00e5 m\u00e6ngder <strong data-start=\"196\" data-end=\"217\">magnesiumkarbonat<\/strong> og andre sporstoffer. <\/p>\n<p>&nbsp;<\/p>\n<p data-start=\"242\" data-end=\"421\" data-is-last-node=\"\" data-is-only-node=\"\">P\u00e5 grund af det h\u00f8je calciumindhold bruges knuste muslingeskaller ofte som et naturligt tilskud til <strong data-start=\"345\" data-end=\"353\">h\u00f8ns<\/strong> for at styrke \u00e6ggeskallerne samt til br\u00f8ndkalkning og skridsikring. \ud83d\udc1a\ud83e\udd5a <\/p>\n","protected":false},"excerpt":{"rendered":"<p><strong>Skal til h\u00f8ns 4 kg &#8211; Naturligt calcium til st\u00e6rke \u00e6ggeskaller<\/strong><\/p>\n<p>Giv dine \u00e6gl\u00e6ggende h\u00f8ner det bedste calciumtilskud med vores knuste muslingeskaller. Calcium er afg\u00f8rende for, at dine h\u00f8ns kan producere \u00e6g med st\u00e6rke og holdbare skaller. Uden nok calcium risikerer dine h\u00f8ns at l\u00e6gge \u00e6g med tynde og skr\u00f8belige skaller.  <\/p>\n","protected":false},"featured_media":28554,"comment_status":"open","ping_status":"closed","template":"","meta":{"_acf_changed":false},"product_brand":[],"product_cat":[118],"product_tag":[],"class_list":{"0":"post-28550","1":"product","2":"type-product","3":"status-publish","4":"has-post-thumbnail","6":"product_cat-foder-og-mad-til-kyllinger","7":"product_group-hink-4kg","9":"first","10":"instock","11":"taxable","12":"shipping-taxable","13":"purchasable","14":"product-type-simple"},"bundled_by":[],"bundle_stock_status":"instock","bundle_stock_quantity":855,"bundle_virtual":false,"bundle_layout":"","bundle_add_to_cart_form_location":"","bundle_editable_in_cart":false,"bundle_sold_individually_context":"","bundle_item_grouping":"","bundle_min_size":"","bundle_max_size":"","bundle_price":[],"bundled_items":[],"bundle_sell_ids":[],"acf":[],"_links":{"self":[{"href":"https:\/\/pippifoder.se\/da\/wp-json\/wp\/v2\/product\/28550","targetHints":{"allow":["GET"]}}],"collection":[{"href":"https:\/\/pippifoder.se\/da\/wp-json\/wp\/v2\/product"}],"about":[{"href":"https:\/\/pippifoder.se\/da\/wp-json\/wp\/v2\/types\/product"}],"replies":[{"embeddable":true,"href":"https:\/\/pippifoder.se\/da\/wp-json\/wp\/v2\/comments?post=28550"}],"wp:featuredmedia":[{"embeddable":true,"href":"https:\/\/pippifoder.se\/da\/wp-json\/wp\/v2\/media\/28554"}],"wp:attachment":[{"href":"https:\/\/pippifoder.se\/da\/wp-json\/wp\/v2\/media?parent=28550"}],"wp:term":[{"taxonomy":"product_brand","embeddable":true,"href":"https:\/\/pippifoder.se\/da\/wp-json\/wp\/v2\/product_brand?post=28550"},{"taxonomy":"product_cat","embeddable":true,"href":"https:\/\/pippifoder.se\/da\/wp-json\/wp\/v2\/product_cat?post=28550"},{"taxonomy":"product_tag","embeddable":true,"href":"https:\/\/pippifoder.se\/da\/wp-json\/wp\/v2\/product_tag?post=28550"}],"curies":[{"name":"wp","href":"https:\/\/api.w.org\/{rel}","templated":true}]}}