{"id":28323,"date":"2025-07-31T05:48:17","date_gmt":"2025-07-31T05:48:17","guid":{"rendered":"https:\/\/pippifoder.se\/?post_type=product&#038;p=28323"},"modified":"2026-04-19T20:04:34","modified_gmt":"2026-04-19T18:04:34","slug":"kyllingemusli-10-kg-kopia-kopia","status":"publish","type":"product","link":"https:\/\/pippifoder.se\/da\/produkt\/kyllinger\/foder-og-mad-til-kyllinger\/kyllingemusli-10-kg-kopia-kopia\/","title":{"rendered":"Kyllingers v\u00e6kst &#8211; Pelletering"},"content":{"rendered":"<p data-start=\"187\" data-end=\"239\"><strong data-start=\"187\" data-end=\"239\">Fuldfoder til en sikker og afbalanceret v\u00e6kstfase<\/strong><\/p>\n<p data-start=\"241\" data-end=\"535\">Kyckling Tillv\u00e4xt &#8211; Pelletskross er et svensk fuldfoder, der er udviklet til kyllinger i v\u00e6kstfasen, fra de er omkring 6 til 16 uger gamle. Foderet er n\u00f8je afbalanceret for at sikre optimal udvikling af skelet, fjerdragt og muskulatur, samtidig med at det underst\u00f8tter et st\u00e6rkt immunsystem. <\/p>\n<p data-start=\"537\" data-end=\"645\">De finkornede, m\u00f8rkegr\u00f8nne piller har en tekstur, der er let at spise og reducerer risikoen for spild.<\/p>\n<h4 data-start=\"647\" data-end=\"669\">\u2705 Vigtige fordele:<\/h4>\n<ul data-start=\"670\" data-end=\"881\">\n<li data-start=\"670\" data-end=\"716\">\n<p data-start=\"672\" data-end=\"716\"><strong data-start=\"672\" data-end=\"716\">Komplet ern\u00e6ring til kyllinger i v\u00e6kst<\/strong><\/p>\n<\/li>\n<li data-start=\"717\" data-end=\"781\">\n<p data-start=\"719\" data-end=\"781\"><strong data-start=\"719\" data-end=\"752\">Reduceret proteinindhold (15 %)<\/strong> &#8211; tilpasset v\u00e6kstfasen<\/p>\n<\/li>\n<li data-start=\"782\" data-end=\"827\">\n<p data-start=\"784\" data-end=\"827\"><strong data-start=\"784\" data-end=\"804\">Svenske kornprodukter<\/strong> &#8211; hvede, byg og <a href=\"https:\/\/pippifoder.se\/da\/produkt\/fuglefoder\/havre-25-kg\/\">havre<\/a><\/p>\n<\/li>\n<li data-start=\"828\" data-end=\"881\">\n<p data-start=\"830\" data-end=\"881\"><strong data-start=\"830\" data-end=\"881\">Tilsat vitaminer og mineraler for et godt helbred<\/strong><\/p>\n<\/li>\n<\/ul>\n<h4 data-start=\"883\" data-end=\"916\">\ud83d\udc14 N\u00e6ringsindhold (pr. kg):<\/h4>\n<ul data-start=\"917\" data-end=\"1084\">\n<li data-start=\"917\" data-end=\"932\">\n<p data-start=\"919\" data-end=\"932\">Energi: 11 MJ<\/p>\n<\/li>\n<li data-start=\"933\" data-end=\"950\">\n<p data-start=\"935\" data-end=\"950\">R\u00e5protein: 15 %.<\/p>\n<\/li>\n<li data-start=\"951\" data-end=\"964\">\n<p data-start=\"953\" data-end=\"964\">R\u00e5fedt: 4 %.<\/p>\n<\/li>\n<li data-start=\"965\" data-end=\"980\">\n<p data-start=\"967\" data-end=\"980\">Vegetabilske fibre: 5 %.<\/p>\n<\/li>\n<li data-start=\"981\" data-end=\"995\">\n<p data-start=\"983\" data-end=\"995\">Calcium: 9 g<\/p>\n<\/li>\n<li data-start=\"996\" data-end=\"1009\">\n<p data-start=\"998\" data-end=\"1009\">Fosfor: 6 g<\/p>\n<\/li>\n<li data-start=\"1010\" data-end=\"1056\">\n<p data-start=\"1012\" data-end=\"1056\">A-vitamin: 10 000 IU, D3: 2 750 IU, E: 50 mg<\/p>\n<\/li>\n<li data-start=\"1057\" data-end=\"1084\">\n<p data-start=\"1059\" data-end=\"1084\">Lysin: 7 g, methionin: 3 g<\/p>\n<\/li>\n<\/ul>\n<p data-start=\"1086\" data-end=\"1210\">Det indeholder ogs\u00e5 vigtige sporstoffer som kobber og selen samt essentielle aminosyrer, der bidrager til en sund v\u00e6kst.<\/p>\n<h4 data-start=\"1212\" data-end=\"1232\">\ud83d\udce6 Emballage:<\/h4>\n<ul data-start=\"1233\" data-end=\"1297\">\n<li data-start=\"1233\" data-end=\"1246\">\n<p data-start=\"1235\" data-end=\"1246\">V\u00e6gt: 20 kg<\/p>\n<\/li>\n<\/ul>\n<h4 data-start=\"1299\" data-end=\"1318\">\ud83d\udccc Brug:<\/h4>\n<p data-start=\"1319\" data-end=\"1427\">S\u00f8rg for fri adgang fra 6 til ca. 16 ugers alderen. Kyllinger skal altid have fri adgang til frisk vand. <\/p>\n<h4 data-start=\"1429\" data-end=\"1447\">\ud83d\udce6 Opbevaring:<\/h4>\n<p>&nbsp;<\/p>\n<p data-start=\"1448\" data-end=\"1512\">Opbevares t\u00f8rt, m\u00f8rkt og k\u00f8ligt &#8211; ikke over normal stuetemperatur.<\/p>\n","protected":false},"excerpt":{"rendered":"<p>20 kg v\u00e6kstpiller til kyllinger, produceret i Sverige. Chicken growth er et fuldfoder til kyllinger i alderen 6-16 uger. Beriget med h\u00f8jt proteinindhold af kun naturlige produkter. Foderpillerne indeholder: Hvede, byg, <a href=\"https:\/\/pippifoder.se\/da\/produkt\/fuglefoder\/havre-25-kg\/\">havre<\/a>.   <\/p>\n","protected":false},"featured_media":28333,"comment_status":"closed","ping_status":"closed","template":"","meta":{"_acf_changed":false},"product_brand":[],"product_cat":[118,98],"product_tag":[],"class_list":{"0":"post-28323","1":"product","2":"type-product","3":"status-publish","4":"has-post-thumbnail","6":"product_cat-foder-og-mad-til-kyllinger","7":"product_cat-fuglefoder","9":"first","10":"instock","11":"taxable","12":"shipping-taxable","13":"purchasable","14":"product-type-simple"},"bundled_by":[],"bundle_stock_status":"instock","bundle_stock_quantity":20,"bundle_virtual":false,"bundle_layout":"","bundle_add_to_cart_form_location":"","bundle_editable_in_cart":false,"bundle_sold_individually_context":"","bundle_item_grouping":"","bundle_min_size":"","bundle_max_size":"","bundle_price":[],"bundled_items":[],"bundle_sell_ids":[],"acf":[],"_links":{"self":[{"href":"https:\/\/pippifoder.se\/da\/wp-json\/wp\/v2\/product\/28323","targetHints":{"allow":["GET"]}}],"collection":[{"href":"https:\/\/pippifoder.se\/da\/wp-json\/wp\/v2\/product"}],"about":[{"href":"https:\/\/pippifoder.se\/da\/wp-json\/wp\/v2\/types\/product"}],"replies":[{"embeddable":true,"href":"https:\/\/pippifoder.se\/da\/wp-json\/wp\/v2\/comments?post=28323"}],"wp:featuredmedia":[{"embeddable":true,"href":"https:\/\/pippifoder.se\/da\/wp-json\/wp\/v2\/media\/28333"}],"wp:attachment":[{"href":"https:\/\/pippifoder.se\/da\/wp-json\/wp\/v2\/media?parent=28323"}],"wp:term":[{"taxonomy":"product_brand","embeddable":true,"href":"https:\/\/pippifoder.se\/da\/wp-json\/wp\/v2\/product_brand?post=28323"},{"taxonomy":"product_cat","embeddable":true,"href":"https:\/\/pippifoder.se\/da\/wp-json\/wp\/v2\/product_cat?post=28323"},{"taxonomy":"product_tag","embeddable":true,"href":"https:\/\/pippifoder.se\/da\/wp-json\/wp\/v2\/product_tag?post=28323"}],"curies":[{"name":"wp","href":"https:\/\/api.w.org\/{rel}","templated":true}]}}