{"id":28315,"date":"2025-07-31T05:39:49","date_gmt":"2025-07-31T05:39:49","guid":{"rendered":"https:\/\/pippifoder.se\/?post_type=product&#038;p=28315"},"modified":"2026-05-03T20:08:22","modified_gmt":"2026-05-03T18:08:22","slug":"kyllingemusli-10-kg-kopia","status":"publish","type":"product","link":"https:\/\/pippifoder.se\/da\/produkt\/kyllinger\/foder-og-mad-til-kyllinger\/kyllingemusli-10-kg-kopia\/","title":{"rendered":"Kyllingestarter &#8211; Pilleknuser"},"content":{"rendered":"<p data-start=\"183\" data-end=\"243\"><strong data-start=\"183\" data-end=\"243\">Et komplet startfoder til god v\u00e6kst fra f\u00f8rste dag<\/strong><\/p>\n<p data-start=\"245\" data-end=\"510\">Kyckling Start &#8211; Pelletskross er et svenskproduceret fuldfoder, der er udviklet til at give kyllinger den bedste start p\u00e5 livet. Foderet gives fra den f\u00f8rste leveuge og op til ca. 6 ugers alderen og indeholder alt, hvad dine kyllinger har brug for til en sund og kraftig v\u00e6kst. <\/p>\n<p data-start=\"512\" data-end=\"635\">Pillerne er knust til et finkornet granulat med en m\u00f8rkegr\u00f8n farve &#8211; let at spise selv for de mindste kyllinger.<\/p>\n<h4 data-start=\"637\" data-end=\"659\">\u2705 Vigtige fordele:<\/h4>\n<ul data-start=\"660\" data-end=\"914\">\n<li data-start=\"660\" data-end=\"731\">\n<p data-start=\"662\" data-end=\"731\"><strong data-start=\"662\" data-end=\"681\">Komplet ern\u00e6ring<\/strong> &#8211; indeholder alle vigtige vitaminer og mineraler<\/p>\n<\/li>\n<li data-start=\"732\" data-end=\"799\">\n<p data-start=\"734\" data-end=\"799\"><strong data-start=\"734\" data-end=\"759\">H\u00f8jt proteinindhold (18 %)<\/strong> &#8211; fremmer muskeludvikling og -v\u00e6kst<\/p>\n<\/li>\n<li data-start=\"800\" data-end=\"857\">\n<p data-start=\"802\" data-end=\"857\"><strong data-start=\"802\" data-end=\"822\">Passende tekstur<\/strong> &#8211; fint knust pille til sm\u00e5 n\u00e6b<\/p>\n<\/li>\n<li data-start=\"858\" data-end=\"914\">\n<p data-start=\"860\" data-end=\"914\"><strong data-start=\"860\" data-end=\"884\">Made in Sweden<\/strong> &#8211; r\u00e5varer fra svenske g\u00e5rde<\/p>\n<\/li>\n<\/ul>\n<h4 data-start=\"916\" data-end=\"949\">\ud83d\udc23 N\u00e6ringsindhold (pr. kg):<\/h4>\n<ul data-start=\"950\" data-end=\"1090\">\n<li data-start=\"950\" data-end=\"965\">\n<p data-start=\"952\" data-end=\"965\">Energi: 11 MJ<\/p>\n<\/li>\n<li data-start=\"966\" data-end=\"983\">\n<p data-start=\"968\" data-end=\"983\">R\u00e5protein: 18 %.<\/p>\n<\/li>\n<li data-start=\"984\" data-end=\"997\">\n<p data-start=\"986\" data-end=\"997\">R\u00e5fedt: 6 %.<\/p>\n<\/li>\n<li data-start=\"998\" data-end=\"1013\">\n<p data-start=\"1000\" data-end=\"1013\">Vegetabilske fibre: 5 %.<\/p>\n<\/li>\n<li data-start=\"1014\" data-end=\"1029\">\n<p data-start=\"1016\" data-end=\"1029\">Calcium: 10 g<\/p>\n<\/li>\n<li data-start=\"1030\" data-end=\"1043\">\n<p data-start=\"1032\" data-end=\"1043\">Fosfor: 7 g<\/p>\n<\/li>\n<li data-start=\"1044\" data-end=\"1090\">\n<p data-start=\"1046\" data-end=\"1090\">A-vitamin: 10 000 IU, D3: 2 750 IU, E: 50 mg<\/p>\n<\/li>\n<\/ul>\n<p data-start=\"1092\" data-end=\"1233\">Foderet indeholder ogs\u00e5 tils\u00e6tningsstoffer som kobber og selen for at styrke immunforsvaret og aminosyrerne lysin og methionin for at sikre optimal v\u00e6kst.<\/p>\n<h4 data-start=\"1235\" data-end=\"1255\">\ud83d\udce6 Emballage:<\/h4>\n<ul data-start=\"1256\" data-end=\"1320\">\n<li data-start=\"1256\" data-end=\"1269\">\n<p data-start=\"1258\" data-end=\"1269\">V\u00e6gt: 20 kg<\/p>\n<\/li>\n<\/ul>\n<h4 data-start=\"1322\" data-end=\"1341\">\ud83d\udccc Brug:<\/h4>\n<p data-start=\"1342\" data-end=\"1465\">Giv fri adgang fra dag 1 til omkring 6 ugers alderen. Husk, at kyllinger altid skal have adgang til frisk vand. <\/p>\n<h4 data-start=\"1467\" data-end=\"1485\">\ud83d\udce6 Opbevaring:<\/h4>\n<p data-start=\"1486\" data-end=\"1551\">Opbevares t\u00f8rt, m\u00f8rkt og k\u00f8ligt &#8211; ikke over normal stuetemperatur.<\/p>\n","protected":false},"excerpt":{"rendered":"<p>20 kg chicken start &#8211; pillefoder, produceret i Sverige. Chicken start er et fuldfoder til kyllinger i alderen 0-6 uger. Beriget med h\u00f8jt proteinindhold af kun naturlige produkter. Foderpillerne indeholder: Hvede, <a href=\"https:\/\/pippifoder.se\/da\/produkt\/fuglefoder\/havre-25-kg\/\">havre<\/a>.   <\/p>\n","protected":false},"featured_media":28329,"comment_status":"closed","ping_status":"closed","template":"","meta":{"_acf_changed":false},"product_brand":[],"product_cat":[118,98],"product_tag":[],"class_list":{"0":"post-28315","1":"product","2":"type-product","3":"status-publish","4":"has-post-thumbnail","6":"product_cat-foder-og-mad-til-kyllinger","7":"product_cat-fuglefoder","9":"first","10":"instock","11":"taxable","12":"shipping-taxable","13":"purchasable","14":"product-type-simple"},"bundled_by":[],"bundle_stock_status":"instock","bundle_stock_quantity":5,"bundle_virtual":false,"bundle_layout":"","bundle_add_to_cart_form_location":"","bundle_editable_in_cart":false,"bundle_sold_individually_context":"","bundle_item_grouping":"","bundle_min_size":"","bundle_max_size":"","bundle_price":[],"bundled_items":[],"bundle_sell_ids":[],"acf":[],"_links":{"self":[{"href":"https:\/\/pippifoder.se\/da\/wp-json\/wp\/v2\/product\/28315","targetHints":{"allow":["GET"]}}],"collection":[{"href":"https:\/\/pippifoder.se\/da\/wp-json\/wp\/v2\/product"}],"about":[{"href":"https:\/\/pippifoder.se\/da\/wp-json\/wp\/v2\/types\/product"}],"replies":[{"embeddable":true,"href":"https:\/\/pippifoder.se\/da\/wp-json\/wp\/v2\/comments?post=28315"}],"wp:featuredmedia":[{"embeddable":true,"href":"https:\/\/pippifoder.se\/da\/wp-json\/wp\/v2\/media\/28329"}],"wp:attachment":[{"href":"https:\/\/pippifoder.se\/da\/wp-json\/wp\/v2\/media?parent=28315"}],"wp:term":[{"taxonomy":"product_brand","embeddable":true,"href":"https:\/\/pippifoder.se\/da\/wp-json\/wp\/v2\/product_brand?post=28315"},{"taxonomy":"product_cat","embeddable":true,"href":"https:\/\/pippifoder.se\/da\/wp-json\/wp\/v2\/product_cat?post=28315"},{"taxonomy":"product_tag","embeddable":true,"href":"https:\/\/pippifoder.se\/da\/wp-json\/wp\/v2\/product_tag?post=28315"}],"curies":[{"name":"wp","href":"https:\/\/api.w.org\/{rel}","templated":true}]}}