{"id":28151,"date":"2025-07-25T18:48:57","date_gmt":"2025-07-25T18:48:57","guid":{"rendered":"https:\/\/pippifoder.se\/?post_type=product&#038;p=28151"},"modified":"2025-09-11T08:51:01","modified_gmt":"2025-09-11T08:51:01","slug":"fuglefoderautomater-store-3-etager-rustfri-kopia-kopia-kopia","status":"publish","type":"product","link":"https:\/\/pippifoder.se\/da\/produkt\/foderautomater-til-fugle\/fuglefoderautomater-store-3-etager-rustfri-kopia-kopia-kopia\/","title":{"rendered":"XL foderautomat til fr\u00f8 til vilde fugle"},"content":{"rendered":"<p>L\u00e6ngde: 13 cm<br \/>\nBredde: 13 cm<br \/>\nH\u00f8jde: 55,5 cm<\/p>\n<h4 data-start=\"683\" data-end=\"699\">Karakteristika:<\/h4>\n<ul data-start=\"700\" data-end=\"1012\">\n<li data-start=\"700\" data-end=\"750\">\n<p data-start=\"702\" data-end=\"750\"><strong data-start=\"702\" data-end=\"720\">Stor kapacitet<\/strong> &#8211; kr\u00e6ver f\u00e6rre genopfyldninger<\/p>\n<\/li>\n<li data-start=\"751\" data-end=\"812\">\n<p data-start=\"753\" data-end=\"812\"><strong data-start=\"753\" data-end=\"773\">Flere foderstationer<\/strong> &#8211; perfekt til flere fugle p\u00e5 \u00e9n gang<\/p>\n<\/li>\n<li data-start=\"813\" data-end=\"879\">\n<p data-start=\"815\" data-end=\"879\"><strong data-start=\"815\" data-end=\"834\">Gennemsigtig slange<\/strong> &#8211; let at se, n\u00e5r det er tid til at fylde op<\/p>\n<\/li>\n<li data-start=\"880\" data-end=\"943\">\n<p data-start=\"882\" data-end=\"943\"><strong data-start=\"882\" data-end=\"907\">Vejrbestandigt design<\/strong> &#8211; beskytter foringen mod regn og sne<\/p>\n<\/li>\n<li data-start=\"944\" data-end=\"1012\">\n<p data-start=\"946\" data-end=\"1012\"><strong data-start=\"946\" data-end=\"967\">Nem oph\u00e6ngning<\/strong> &#8211; praktisk metalbeslag til krog eller gren<\/p>\n<\/li>\n<\/ul>\n<p data-start=\"1014\" data-end=\"1162\">Passer til alle almindelige vilde fuglefr\u00f8 som solsikkefr\u00f8, <a href=\"https:\/\/pippifoder.se\/da\/hampefro\/\">hampefr\u00f8<\/a> og <a href=\"https:\/\/pippifoder.se\/da\/blanding-til-vilde-fugle\/\">fr\u00f8blandinger<\/a>. Ideel til fodring af arter som perleugle, bl\u00e5mejse, gr\u00f8nirisk og skovspurv. <\/p>\n","protected":false},"excerpt":{"rendered":"<p data-start=\"199\" data-end=\"465\">Denne <strong data-start=\"205\" data-end=\"242\">XL-foderautomat<\/strong> til <strong data-start=\"205\" data-end=\"242\"> <a href=\"https:\/\/pippifoder.se\/da\/fuglefoder\/\">vilde fugle<\/a><\/strong> er perfekt til dem, der gerne vil tiltr\u00e6kke mange sm\u00e5fugle til haven. Med sit h\u00f8je og smalle design rummer det en gener\u00f8s m\u00e6ngde fr\u00f8 og har flere foderstationer, s\u00e5 flere fugle kan spise p\u00e5 samme tid uden at konkurrere. <\/p>\n<p data-start=\"467\" data-end=\"681\">Dispenseren er lavet af holdbar plast med et vejrbestandigt l\u00e5g og en gr\u00f8n metalbase. Det gennemsigtige r\u00f8r g\u00f8r det nemt at holde \u00f8je med foderniveauet, og p\u00e5fyldning sker nemt ved at l\u00f8fte l\u00e5get. <\/p>\n","protected":false},"featured_media":28155,"comment_status":"closed","ping_status":"closed","template":"","meta":{"_acf_changed":false},"product_brand":[],"product_cat":[175,170],"product_tag":[],"class_list":{"0":"post-28151","1":"product","2":"type-product","3":"status-publish","4":"has-post-thumbnail","6":"product_cat-foderautomater-til-fugle","7":"product_cat-fuglefoderautomat-til-fuglefro","8":"product_group-traholk-bord","10":"first","11":"instock","12":"taxable","13":"shipping-taxable","14":"purchasable","15":"product-type-simple"},"bundled_by":[],"bundle_stock_status":"instock","bundle_stock_quantity":7,"bundle_virtual":false,"bundle_layout":"","bundle_add_to_cart_form_location":"","bundle_editable_in_cart":false,"bundle_sold_individually_context":"","bundle_item_grouping":"","bundle_min_size":"","bundle_max_size":"","bundle_price":[],"bundled_items":[],"bundle_sell_ids":[],"acf":[],"_links":{"self":[{"href":"https:\/\/pippifoder.se\/da\/wp-json\/wp\/v2\/product\/28151","targetHints":{"allow":["GET"]}}],"collection":[{"href":"https:\/\/pippifoder.se\/da\/wp-json\/wp\/v2\/product"}],"about":[{"href":"https:\/\/pippifoder.se\/da\/wp-json\/wp\/v2\/types\/product"}],"replies":[{"embeddable":true,"href":"https:\/\/pippifoder.se\/da\/wp-json\/wp\/v2\/comments?post=28151"}],"wp:featuredmedia":[{"embeddable":true,"href":"https:\/\/pippifoder.se\/da\/wp-json\/wp\/v2\/media\/28155"}],"wp:attachment":[{"href":"https:\/\/pippifoder.se\/da\/wp-json\/wp\/v2\/media?parent=28151"}],"wp:term":[{"taxonomy":"product_brand","embeddable":true,"href":"https:\/\/pippifoder.se\/da\/wp-json\/wp\/v2\/product_brand?post=28151"},{"taxonomy":"product_cat","embeddable":true,"href":"https:\/\/pippifoder.se\/da\/wp-json\/wp\/v2\/product_cat?post=28151"},{"taxonomy":"product_tag","embeddable":true,"href":"https:\/\/pippifoder.se\/da\/wp-json\/wp\/v2\/product_tag?post=28151"}],"curies":[{"name":"wp","href":"https:\/\/api.w.org\/{rel}","templated":true}]}}