{"id":28070,"date":"2025-07-23T19:13:16","date_gmt":"2025-07-23T19:13:16","guid":{"rendered":"https:\/\/pippifoder.se\/?post_type=product&#038;p=28070"},"modified":"2026-04-15T13:00:12","modified_gmt":"2026-04-15T11:00:12","slug":"fuglefoderautomater-store-3-etager-rustfri-kopia-2","status":"publish","type":"product","link":"https:\/\/pippifoder.se\/da\/produkt\/foderautomater-til-fugle\/fuglefoderautomater-store-3-etager-rustfri-kopia-2\/","title":{"rendered":"XXL 3-i-1-fuglefoderautomat til fr\u00f8, talgkugler og n\u00f8dder til vilde fugle"},"content":{"rendered":"<p>L\u00e6ngde: 23 cm<br \/>\nBredde: 23 cm<br \/>\nH\u00f8jde: 44 cm<\/p>\n<h4 data-start=\"738\" data-end=\"754\">Karakteristika:<\/h4>\n<ul data-start=\"755\" data-end=\"1117\">\n<li data-start=\"755\" data-end=\"814\">\n<p data-start=\"757\" data-end=\"814\"><strong data-start=\"757\" data-end=\"775\">3-i-1-funktion<\/strong>: til fr\u00f8, jordn\u00f8dder og talgkugler<\/p>\n<\/li>\n<li data-start=\"815\" data-end=\"872\">\n<p data-start=\"817\" data-end=\"872\"><strong data-start=\"817\" data-end=\"835\">Stor kapacitet<\/strong> &#8211; skal ikke genopfyldes s\u00e5 ofte<\/p>\n<\/li>\n<li data-start=\"873\" data-end=\"931\">\n<p data-start=\"875\" data-end=\"931\"><strong data-start=\"875\" data-end=\"910\">Stabil og holdbar<\/strong> metal- og <strong data-start=\"875\" data-end=\"910\">plastkonstruktion<\/strong> <\/p>\n<\/li>\n<li data-start=\"932\" data-end=\"974\">\n<p data-start=\"934\" data-end=\"974\"><strong data-start=\"934\" data-end=\"972\">Aftagelig top for nem p\u00e5fyldning<\/strong><\/p>\n<\/li>\n<li data-start=\"975\" data-end=\"1048\">\n<p data-start=\"977\" data-end=\"1048\"><strong data-start=\"977\" data-end=\"998\">Opsamlingsbakke, der opsamler<\/strong> spildte fr\u00f8 og giver ekstra siddepladser<\/p>\n<\/li>\n<li data-start=\"1049\" data-end=\"1117\">\n<p data-start=\"1051\" data-end=\"1117\">Praktisk <strong data-start=\"1060\" data-end=\"1080\">oph\u00e6ngskrog<\/strong> &#8211; h\u00e6nger p\u00e5 tr\u00e6, krog eller p\u00e6l<\/p>\n<\/li>\n<\/ul>\n<p data-start=\"1119\" data-end=\"1284\">Foderautomaten giver sm\u00e5fugle som perleugle, bl\u00e5mejse, sp\u00e6tmejse, musvit og gr\u00f8nirisk adgang til en varieret kost &#8211; perfekt til at st\u00f8tte fuglelivet p\u00e5 alle \u00e5rstider.<\/p>\n","protected":false},"excerpt":{"rendered":"<p data-start=\"260\" data-end=\"571\">Dette store og smart designede <strong data-start=\"292\" data-end=\"321\">XXL-fuglefoderhus<\/strong> er det perfekte valg for dem, der \u00f8nsker at tilbyde flere forskellige typer fuglefoder p\u00e5 \u00e9t sted. Med tre separate rum &#8211; et til <a href=\"https:\/\/pippifoder.se\/da\/solsikkefro\/\">vilde fuglefr\u00f8<\/a>, et til <a href=\"https:\/\/pippifoder.se\/da\/jordnodder\/\">n\u00f8dder<\/a> og et til <a href=\"https:\/\/pippifoder.se\/da\/talgkugler-til-sma-fugle\/\">talgkugler<\/a> &#8211; tiltr\u00e6kker den en r\u00e6kke forskellige fuglearter til din have \u00e5ret rundt. <\/p>\n<p data-start=\"573\" data-end=\"736\">Fremstillet af slidst\u00e6rkt metalnet og plast med en vejrbestandig gr\u00f8n top og opsamlingsbakke i bunden for at reducere spild og give fuglene et behageligt sted at sidde.<\/p>\n","protected":false},"featured_media":28074,"comment_status":"closed","ping_status":"closed","template":"","meta":{"_acf_changed":false},"product_brand":[],"product_cat":[175,706,167,571],"product_tag":[],"class_list":{"0":"post-28070","1":"product","2":"type-product","3":"status-publish","4":"has-post-thumbnail","6":"product_cat-foderautomater-til-fugle","7":"product_cat-fuglefoderautomat-til-talgkugler","8":"product_cat-fuglefoderautomater-til-nodder","9":"product_cat-julegaveideer-til-fugleelskere-i-2025","11":"first","12":"instock","13":"taxable","14":"shipping-taxable","15":"purchasable","16":"product-type-simple"},"bundled_by":[],"bundle_stock_status":"instock","bundle_stock_quantity":51,"bundle_virtual":false,"bundle_layout":"","bundle_add_to_cart_form_location":"","bundle_editable_in_cart":false,"bundle_sold_individually_context":"","bundle_item_grouping":"","bundle_min_size":"","bundle_max_size":"","bundle_price":[],"bundled_items":[],"bundle_sell_ids":[],"acf":[],"_links":{"self":[{"href":"https:\/\/pippifoder.se\/da\/wp-json\/wp\/v2\/product\/28070","targetHints":{"allow":["GET"]}}],"collection":[{"href":"https:\/\/pippifoder.se\/da\/wp-json\/wp\/v2\/product"}],"about":[{"href":"https:\/\/pippifoder.se\/da\/wp-json\/wp\/v2\/types\/product"}],"replies":[{"embeddable":true,"href":"https:\/\/pippifoder.se\/da\/wp-json\/wp\/v2\/comments?post=28070"}],"wp:featuredmedia":[{"embeddable":true,"href":"https:\/\/pippifoder.se\/da\/wp-json\/wp\/v2\/media\/28074"}],"wp:attachment":[{"href":"https:\/\/pippifoder.se\/da\/wp-json\/wp\/v2\/media?parent=28070"}],"wp:term":[{"taxonomy":"product_brand","embeddable":true,"href":"https:\/\/pippifoder.se\/da\/wp-json\/wp\/v2\/product_brand?post=28070"},{"taxonomy":"product_cat","embeddable":true,"href":"https:\/\/pippifoder.se\/da\/wp-json\/wp\/v2\/product_cat?post=28070"},{"taxonomy":"product_tag","embeddable":true,"href":"https:\/\/pippifoder.se\/da\/wp-json\/wp\/v2\/product_tag?post=28070"}],"curies":[{"name":"wp","href":"https:\/\/api.w.org\/{rel}","templated":true}]}}