{"id":27922,"date":"2025-07-18T18:41:45","date_gmt":"2025-07-18T18:41:45","guid":{"rendered":"https:\/\/pippifoder.se\/?post_type=product&#038;p=27922"},"modified":"2026-04-15T13:00:22","modified_gmt":"2026-04-15T11:00:22","slug":"foderkasse-til-egern-kopia","status":"publish","type":"product","link":"https:\/\/pippifoder.se\/da\/produkt\/tilbehor\/egernfoderbraet\/foderkasse-til-egern-kopia\/","title":{"rendered":"Foderautomat til egern"},"content":{"rendered":"<h2 data-start=\"678\" data-end=\"694\">Karakteristika for egernfoderautomaten:<\/h2>\n<ul data-start=\"695\" data-end=\"918\">\n<li data-start=\"695\" data-end=\"741\">\n<p data-start=\"697\" data-end=\"741\">Egernfoderautomat i naturtr\u00e6 med l\u00e5g, der kan \u00e5bnes<\/p>\n<\/li>\n<li data-start=\"742\" data-end=\"783\">\n<p data-start=\"744\" data-end=\"783\">Gennemsigtig front, s\u00e5 du kan se foderniveauet<\/p>\n<\/li>\n<li data-start=\"784\" data-end=\"816\">\n<p data-start=\"786\" data-end=\"816\">Tag i vejrbestandigt sort tr\u00e6<\/p>\n<\/li>\n<li data-start=\"817\" data-end=\"876\">\n<p data-start=\"819\" data-end=\"876\">Let at fylde op med n\u00f8dder, solsikkekerner eller blandet foder<\/p>\n<\/li>\n<li data-start=\"877\" data-end=\"918\">\n<p data-start=\"879\" data-end=\"918\">Kan monteres p\u00e5 v\u00e6g, stolpe eller tr\u00e6<\/p>\n<\/li>\n<\/ul>\n<p data-start=\"920\" data-end=\"1096\">Placer egernfoderautomaten i ca. 1,5 meters h\u00f8jde, helst i n\u00e6rheden af tr\u00e6er eller buske, hvor egernet f\u00f8ler sig sikkert. Det er en sjov m\u00e5de at st\u00f8tte dyrelivet p\u00e5 &#8211; og f\u00e5 lidt underholdning i processen! <\/p>\n<p>&nbsp;<\/p>\n<p data-start=\"1103\" data-end=\"1215\"><strong data-start=\"1103\" data-end=\"1112\">Tip:<\/strong> Tilf\u00f8j <a href=\"https:\/\/pippifoder.se\/da\/foderautomater-til-fugle\/\">fuglefoderautomater<\/a> og <a href=\"https:\/\/pippifoder.se\/da\/insekthoteller\/\">insekthoteller<\/a> for at skabe en levende og naturvenlig have.<\/p>\n","protected":false},"excerpt":{"rendered":"<p data-start=\"182\" data-end=\"474\">Giv skovens mest charmerende g\u00e6ster deres egen foderplads med denne smarte og robuste egernfoderautomat i tr\u00e6. Det enkle og funktionelle design g\u00f8r det nemt for egernet at l\u00f8fte l\u00e5get og samle n\u00f8dder eller fr\u00f8. Den gennemsigtige front g\u00f8r det nemt at se, hvorn\u00e5r det er tid til at fylde op.  <\/p>\n<p>&nbsp;<\/p>\n<p data-start=\"476\" data-end=\"676\">Fremstillet af ubehandlet tr\u00e6 med et sortmalet tag, der beskytter foderet mod regn. Perfekt til montering p\u00e5 tr\u00e6er, hegn eller mure &#8211; og til dem, der gerne vil nyde egernets livlige bes\u00f8g i haven. <\/p>\n","protected":false},"featured_media":27926,"comment_status":"closed","ping_status":"closed","template":"","meta":{"_acf_changed":false},"product_brand":[],"product_cat":[366,175],"product_tag":[],"class_list":{"0":"post-27922","1":"product","2":"type-product","3":"status-publish","4":"has-post-thumbnail","6":"product_cat-egernfoderbraet","7":"product_cat-foderautomater-til-fugle","9":"first","10":"instock","11":"taxable","12":"shipping-taxable","13":"purchasable","14":"product-type-simple"},"bundled_by":[],"bundle_stock_status":"instock","bundle_stock_quantity":39,"bundle_virtual":false,"bundle_layout":"","bundle_add_to_cart_form_location":"","bundle_editable_in_cart":false,"bundle_sold_individually_context":"","bundle_item_grouping":"","bundle_min_size":"","bundle_max_size":"","bundle_price":[],"bundled_items":[],"bundle_sell_ids":[],"acf":[],"_links":{"self":[{"href":"https:\/\/pippifoder.se\/da\/wp-json\/wp\/v2\/product\/27922","targetHints":{"allow":["GET"]}}],"collection":[{"href":"https:\/\/pippifoder.se\/da\/wp-json\/wp\/v2\/product"}],"about":[{"href":"https:\/\/pippifoder.se\/da\/wp-json\/wp\/v2\/types\/product"}],"replies":[{"embeddable":true,"href":"https:\/\/pippifoder.se\/da\/wp-json\/wp\/v2\/comments?post=27922"}],"wp:featuredmedia":[{"embeddable":true,"href":"https:\/\/pippifoder.se\/da\/wp-json\/wp\/v2\/media\/27926"}],"wp:attachment":[{"href":"https:\/\/pippifoder.se\/da\/wp-json\/wp\/v2\/media?parent=27922"}],"wp:term":[{"taxonomy":"product_brand","embeddable":true,"href":"https:\/\/pippifoder.se\/da\/wp-json\/wp\/v2\/product_brand?post=27922"},{"taxonomy":"product_cat","embeddable":true,"href":"https:\/\/pippifoder.se\/da\/wp-json\/wp\/v2\/product_cat?post=27922"},{"taxonomy":"product_tag","embeddable":true,"href":"https:\/\/pippifoder.se\/da\/wp-json\/wp\/v2\/product_tag?post=27922"}],"curies":[{"name":"wp","href":"https:\/\/api.w.org\/{rel}","templated":true}]}}