{"id":27847,"date":"2025-07-15T05:18:49","date_gmt":"2025-07-15T05:18:49","guid":{"rendered":"https:\/\/pippifoder.se\/Ikke%20kategoriseret\/laegning-af-koncentrat-50-50\/"},"modified":"2026-04-15T13:03:40","modified_gmt":"2026-04-15T11:03:40","slug":"laegning-af-koncentrat-50-50","status":"publish","type":"product","link":"https:\/\/pippifoder.se\/da\/produkt\/kyllinger\/foder-og-mad-til-kyllinger\/laegning-af-koncentrat-50-50\/","title":{"rendered":"Str\u00f8elsekoncentrat 50\/50 20 kg"},"content":{"rendered":"<p><b><u><span style=\"font-size: 11.0pt; font-family: 'Aptos',sans-serif; mso-ascii-theme-font: minor-latin; mso-fareast-font-family: Aptos; mso-fareast-theme-font: minor-latin; mso-hansi-theme-font: minor-latin; mso-bidi-font-family: 'Times New Roman'; mso-bidi-theme-font: minor-bidi; mso-ansi-language: SV; mso-fareast-language: EN-US; mso-bidi-language: AR-SA;\">Sammens\u00e6tning:<\/span><\/u><\/b><span style=\"font-size: 11.0pt; font-family: 'Aptos',sans-serif; mso-ascii-theme-font: minor-latin; mso-fareast-font-family: Aptos; mso-fareast-theme-font: minor-latin; mso-hansi-theme-font: minor-latin; mso-bidi-font-family: 'Times New Roman'; mso-bidi-theme-font: minor-bidi; mso-ansi-language: SV; mso-fareast-language: EN-US; mso-bidi-language: AR-SA;\"> Forblanding til \u00e6gl\u00e6ggende h\u00f8ns, t\u00f8rret lucerne, hvedeklid, korn<\/span><\/p>\n","protected":false},"excerpt":{"rendered":"<p class=\"MsoNormal\">Pelleteret foder til h\u00f8ns. Laying Concentrate 50\/50 er et tilskudsfoder, der udfodres med 50 % korn. <\/p>\n","protected":false},"featured_media":58167,"comment_status":"open","ping_status":"closed","template":"","meta":{"_acf_changed":false},"product_brand":[],"product_cat":[118],"product_tag":[],"class_list":{"0":"post-27847","1":"product","2":"type-product","3":"status-publish","4":"has-post-thumbnail","6":"product_cat-foder-og-mad-til-kyllinger","8":"first","9":"instock","10":"taxable","11":"shipping-taxable","12":"purchasable","13":"product-type-simple"},"bundled_by":[],"bundle_stock_status":"instock","bundle_stock_quantity":55,"bundle_virtual":false,"bundle_layout":"","bundle_add_to_cart_form_location":"","bundle_editable_in_cart":false,"bundle_sold_individually_context":"","bundle_item_grouping":"","bundle_min_size":"","bundle_max_size":"","bundle_price":[],"bundled_items":[],"bundle_sell_ids":[],"acf":[],"_links":{"self":[{"href":"https:\/\/pippifoder.se\/da\/wp-json\/wp\/v2\/product\/27847","targetHints":{"allow":["GET"]}}],"collection":[{"href":"https:\/\/pippifoder.se\/da\/wp-json\/wp\/v2\/product"}],"about":[{"href":"https:\/\/pippifoder.se\/da\/wp-json\/wp\/v2\/types\/product"}],"replies":[{"embeddable":true,"href":"https:\/\/pippifoder.se\/da\/wp-json\/wp\/v2\/comments?post=27847"}],"wp:featuredmedia":[{"embeddable":true,"href":"https:\/\/pippifoder.se\/da\/wp-json\/wp\/v2\/media\/58167"}],"wp:attachment":[{"href":"https:\/\/pippifoder.se\/da\/wp-json\/wp\/v2\/media?parent=27847"}],"wp:term":[{"taxonomy":"product_brand","embeddable":true,"href":"https:\/\/pippifoder.se\/da\/wp-json\/wp\/v2\/product_brand?post=27847"},{"taxonomy":"product_cat","embeddable":true,"href":"https:\/\/pippifoder.se\/da\/wp-json\/wp\/v2\/product_cat?post=27847"},{"taxonomy":"product_tag","embeddable":true,"href":"https:\/\/pippifoder.se\/da\/wp-json\/wp\/v2\/product_tag?post=27847"}],"curies":[{"name":"wp","href":"https:\/\/api.w.org\/{rel}","templated":true}]}}