{"id":27644,"date":"2025-07-15T05:55:19","date_gmt":"2025-07-15T05:55:19","guid":{"rendered":"https:\/\/pippifoder.se\/?post_type=product&#038;p=27644"},"modified":"2026-02-08T19:29:30","modified_gmt":"2026-02-08T19:29:30","slug":"fuglefoderautomat-katan-gron-2-liter-kopia-kopia-kopia-7","status":"publish","type":"product","link":"https:\/\/pippifoder.se\/da\/produkt\/insekthoteller\/fuglefoderautomat-katan-gron-2-liter-kopia-kopia-kopia-7\/","title":{"rendered":"Stort insekthotel"},"content":{"rendered":"<h2 data-start=\"95\" data-end=\"165\">Insekthoteller &#8211; skab et fristed for gavnlige insekter i haven<\/h2>\n<p data-start=\"167\" data-end=\"424\">Tiltr\u00e6k bier, marieh\u00f8ns og andre gavnlige insekter til din have med et smukt og funktionelt insekthotel. Ved at tilbyde ly og overvintringssteder hj\u00e6lper du best\u00f8verne med at trives &#8211; og bidrager samtidig til biodiversiteten. <\/p>\n<p data-start=\"426\" data-end=\"666\">Dette insekthotel er lavet af naturlige materialer som bambus, tr\u00e6 og kogler og indeholder forskellige kamre, der er tilpasset solit\u00e6re bier, blomsterfluer og biller. Perfekt til \u00f8kologiske haver, kolonihaver eller altaner med vegetation. <\/p>\n<h4 data-start=\"668\" data-end=\"684\">Karakteristika:<\/h4>\n<ul data-start=\"685\" data-end=\"934\">\n<li data-start=\"685\" data-end=\"750\">\n<p data-start=\"687\" data-end=\"750\">Giver l\u00e6 og redepladser til bier, marieh\u00f8ns og andre insekter<\/p>\n<\/li>\n<li data-start=\"751\" data-end=\"798\">\n<p data-start=\"753\" data-end=\"798\">Fremstillet af naturlige og b\u00e6redygtige materialer<\/p>\n<\/li>\n<li data-start=\"799\" data-end=\"836\">\n<p data-start=\"801\" data-end=\"836\">Flere kamre til forskellige insektarter<\/p>\n<\/li>\n<li data-start=\"837\" data-end=\"884\">\n<p data-start=\"839\" data-end=\"884\">Let at h\u00e6nge p\u00e5 en v\u00e6g, et hegn eller et tr\u00e6<\/p>\n<\/li>\n<li data-start=\"885\" data-end=\"934\">\n<p data-start=\"887\" data-end=\"934\">Et dekorativt og l\u00e6rerigt element i haven<\/p>\n<\/li>\n<\/ul>\n<p data-start=\"936\" data-end=\"1092\">Placer insekthotellet et solrigt sted, helst i n\u00e6rheden af blomstrende planter, b\u00e6rbuske eller urtehaver. Det vil give insekterne b\u00e5de ly og adgang til f\u00f8de. <\/p>\n<h3 data-start=\"1099\" data-end=\"1372\"><strong data-start=\"1099\" data-end=\"1132\">Hvorfor bruge insekthoteller?<\/strong><\/h3>\n<p data-start=\"1099\" data-end=\"1372\">Best\u00f8vere som vilde bier og blomsterfluer spiller en afg\u00f8rende rolle i vores \u00f8kosystemer og i dyrkningen af frugt og gr\u00f8nt. Med et insekthotel giver du dem en chance for at overleve &#8211; samtidig med at du g\u00f8r din have b\u00e5de levende og produktiv. <\/p>\n","protected":false},"excerpt":{"rendered":"<p>Stort insekthotel. Tiltr\u00e6k bier, marieh\u00f8ns og andre gavnlige insekter til din have med et smukt og funktionelt insekthotel. Ved at tilbyde ly og overvintringssteder hj\u00e6lper du best\u00f8verne med at trives &#8211; og bidrager samtidig til biodiversiteten.  <\/p>\n","protected":false},"featured_media":27648,"comment_status":"open","ping_status":"closed","template":"","meta":{"_acf_changed":false},"product_brand":[],"product_cat":[358,571],"product_tag":[],"class_list":{"0":"post-27644","1":"product","2":"type-product","3":"status-publish","4":"has-post-thumbnail","6":"product_cat-insekthoteller","7":"product_cat-julegaveideer-til-fugleelskere-i-2025","8":"product_shipping_class-sverige-da","10":"first","11":"instock","12":"taxable","13":"shipping-taxable","14":"purchasable","15":"product-type-simple"},"bundled_by":[],"bundle_stock_status":"instock","bundle_stock_quantity":33,"bundle_virtual":false,"bundle_layout":"","bundle_add_to_cart_form_location":"","bundle_editable_in_cart":false,"bundle_sold_individually_context":"","bundle_item_grouping":"","bundle_min_size":"","bundle_max_size":"","bundle_price":[],"bundled_items":[],"bundle_sell_ids":[],"acf":[],"_links":{"self":[{"href":"https:\/\/pippifoder.se\/da\/wp-json\/wp\/v2\/product\/27644","targetHints":{"allow":["GET"]}}],"collection":[{"href":"https:\/\/pippifoder.se\/da\/wp-json\/wp\/v2\/product"}],"about":[{"href":"https:\/\/pippifoder.se\/da\/wp-json\/wp\/v2\/types\/product"}],"replies":[{"embeddable":true,"href":"https:\/\/pippifoder.se\/da\/wp-json\/wp\/v2\/comments?post=27644"}],"wp:featuredmedia":[{"embeddable":true,"href":"https:\/\/pippifoder.se\/da\/wp-json\/wp\/v2\/media\/27648"}],"wp:attachment":[{"href":"https:\/\/pippifoder.se\/da\/wp-json\/wp\/v2\/media?parent=27644"}],"wp:term":[{"taxonomy":"product_brand","embeddable":true,"href":"https:\/\/pippifoder.se\/da\/wp-json\/wp\/v2\/product_brand?post=27644"},{"taxonomy":"product_cat","embeddable":true,"href":"https:\/\/pippifoder.se\/da\/wp-json\/wp\/v2\/product_cat?post=27644"},{"taxonomy":"product_tag","embeddable":true,"href":"https:\/\/pippifoder.se\/da\/wp-json\/wp\/v2\/product_tag?post=27644"}],"curies":[{"name":"wp","href":"https:\/\/api.w.org\/{rel}","templated":true}]}}