{"id":27520,"date":"2025-07-14T06:09:38","date_gmt":"2025-07-14T06:09:38","guid":{"rendered":"https:\/\/pippifoder.se\/?post_type=product&#038;p=27520"},"modified":"2026-02-08T19:29:35","modified_gmt":"2026-02-08T19:29:35","slug":"fuglefoderautomat-katan-gron-2-liter-kopia","status":"publish","type":"product","link":"https:\/\/pippifoder.se\/da\/produkt\/sommerfuglehus\/fuglefoderautomat-katan-gron-2-liter-kopia\/","title":{"rendered":"Sommerfuglerede i naturligt tr\u00e6"},"content":{"rendered":"<h2 data-start=\"128\" data-end=\"189\">Sommerfuglehylde i FSC\u00ae 100% naturtr\u00e6 &#8211; med dekorativ silhuet<\/h2>\n<p data-start=\"191\" data-end=\"552\">Skab et sikkert hvilested for havens smukke sommerfugle med denne sommerfuglekasse i naturtr\u00e6. Fremstillet af FSC\u00ae 100% certificeret tr\u00e6, som garanterer b\u00e6redygtigt skovbrug, er skjulet b\u00e5de milj\u00f8venligt og dekorativt. Den udsk\u00e5rne sommerfuglesilhuet p\u00e5 forsiden fungerer ikke kun som et smukt blikfang &#8211; den giver ogs\u00e5 sommerfuglene en beskyttet indgang til hulen.  <\/p>\n<p data-start=\"554\" data-end=\"776\">Placer sommerfuglekassen p\u00e5 et solrigt og beskyttet sted, helst i n\u00e6rheden af blomstrende planter, der tiltr\u00e6kker sommerfugle. Hulen giver beskyttelse mod regn, kulde og rovdyr &#8211; perfekt til sommerfugle, der s\u00f8ger hvile om natten eller i d\u00e5rligt vejr. <\/p>\n<h3 data-start=\"778\" data-end=\"794\">Sommerfuglekubens egenskaber:<\/h3>\n<ul data-start=\"795\" data-end=\"1053\">\n<li data-start=\"795\" data-end=\"857\">\n<p data-start=\"797\" data-end=\"857\">Fremstillet af FSC\u00ae 100% naturligt tr\u00e6 &#8211; b\u00e6redygtigt og ansvarligt<\/p>\n<\/li>\n<li data-start=\"858\" data-end=\"911\">\n<p data-start=\"860\" data-end=\"911\">Udsk\u00e5ret sommerfuglesilhuet for b\u00e5de funktion og stil<\/p>\n<\/li>\n<li data-start=\"912\" data-end=\"961\">\n<p data-start=\"914\" data-end=\"961\">Let at montere p\u00e5 v\u00e6g, hegn eller tr\u00e6stamme<\/p>\n<\/li>\n<li data-start=\"962\" data-end=\"1000\">\n<p data-start=\"964\" data-end=\"1000\">Beskytter sommerfugle mod vind og vejr<\/p>\n<\/li>\n<li data-start=\"1001\" data-end=\"1053\">\n<p data-start=\"1003\" data-end=\"1053\">En l\u00e6rerig og smuk tilf\u00f8jelse til haven<\/p>\n<\/li>\n<\/ul>\n<p>&nbsp;<\/p>\n<p data-start=\"1055\" data-end=\"1157\">Giv sommerfuglene i din have en chance for at trives &#8211; og bidrag til biodiversiteten p\u00e5 samme tid.<\/p>\n","protected":false},"excerpt":{"rendered":"<p>Sommerfuglehylde i naturligt tr\u00e6 FSC100% med silhuet<\/p>\n","protected":false},"featured_media":27524,"comment_status":"open","ping_status":"closed","template":"","meta":{"_acf_changed":false},"product_brand":[],"product_cat":[363,571],"product_tag":[],"class_list":{"0":"post-27520","1":"product","2":"type-product","3":"status-publish","4":"has-post-thumbnail","6":"product_cat-sommerfuglehus","7":"product_cat-julegaveideer-til-fugleelskere-i-2025","8":"product_shipping_class-sverige-da","9":"product_group-traholk-bord","11":"first","12":"instock","13":"taxable","14":"shipping-taxable","15":"purchasable","16":"product-type-simple"},"bundled_by":[],"bundle_stock_status":"instock","bundle_stock_quantity":6,"bundle_virtual":false,"bundle_layout":"","bundle_add_to_cart_form_location":"","bundle_editable_in_cart":false,"bundle_sold_individually_context":"","bundle_item_grouping":"","bundle_min_size":"","bundle_max_size":"","bundle_price":[],"bundled_items":[],"bundle_sell_ids":[],"acf":[],"_links":{"self":[{"href":"https:\/\/pippifoder.se\/da\/wp-json\/wp\/v2\/product\/27520","targetHints":{"allow":["GET"]}}],"collection":[{"href":"https:\/\/pippifoder.se\/da\/wp-json\/wp\/v2\/product"}],"about":[{"href":"https:\/\/pippifoder.se\/da\/wp-json\/wp\/v2\/types\/product"}],"replies":[{"embeddable":true,"href":"https:\/\/pippifoder.se\/da\/wp-json\/wp\/v2\/comments?post=27520"}],"wp:featuredmedia":[{"embeddable":true,"href":"https:\/\/pippifoder.se\/da\/wp-json\/wp\/v2\/media\/27524"}],"wp:attachment":[{"href":"https:\/\/pippifoder.se\/da\/wp-json\/wp\/v2\/media?parent=27520"}],"wp:term":[{"taxonomy":"product_brand","embeddable":true,"href":"https:\/\/pippifoder.se\/da\/wp-json\/wp\/v2\/product_brand?post=27520"},{"taxonomy":"product_cat","embeddable":true,"href":"https:\/\/pippifoder.se\/da\/wp-json\/wp\/v2\/product_cat?post=27520"},{"taxonomy":"product_tag","embeddable":true,"href":"https:\/\/pippifoder.se\/da\/wp-json\/wp\/v2\/product_tag?post=27520"}],"curies":[{"name":"wp","href":"https:\/\/api.w.org\/{rel}","templated":true}]}}