{"id":26886,"date":"2025-04-16T06:44:17","date_gmt":"2025-04-16T06:44:17","guid":{"rendered":"https:\/\/pippifoder.se\/Ikke%20kategoriseret\/bat-hive-myggedraeber-svensk-produceret\/"},"modified":"2026-04-15T13:00:46","modified_gmt":"2026-04-15T11:00:46","slug":"bat-hive-myggedraeber-svensk-produceret","status":"publish","type":"product","link":"https:\/\/pippifoder.se\/da\/produkt\/tilbehor\/flagermusens-soveplads\/bat-hive-myggedraeber-svensk-produceret\/","title":{"rendered":"Bat hive &#8211; myggedr\u00e6ber, svensk produceret"},"content":{"rendered":"<p class=\"\" data-start=\"0\" data-end=\"61\">\ud83e\udd87 <strong data-start=\"3\" data-end=\"61\">Hvorfor du b\u00f8r s\u00e6tte en flagermusekasse op i din have<\/strong><\/p>\n<p class=\"\" data-start=\"63\" data-end=\"520\">Et <strong data-start=\"66\" data-end=\"84\">flagermusbo<\/strong> er en enkel og effektiv m\u00e5de at st\u00f8tte biodiversiteten p\u00e5. Flagermus er vigtige insektbek\u00e6mpere, der spiser et stort antal myg og andre skadedyr hver nat. Ved at give dem et sikkert opholdssted hj\u00e6lper du truede arter med at overleve &#8211; samtidig med at du reducerer behovet for pesticider. Rastestedet beskytter flagermus mod vejr, rovdyr og lysforurening og er perfekt til montering p\u00e5 en v\u00e6g, et tr\u00e6 eller et udhus.   <\/p>\n<p>&nbsp;<\/p>\n<p class=\"\" data-start=\"522\" data-end=\"617\">\ud83d\udc49<strong data-start=\"525\" data-end=\"617\" data-is-last-node=\"\">S\u00e6t en flagermusekasse op, og g\u00f8r en forskel for naturen &#8211; lige fra din egen have!<\/strong><\/p>\n","protected":false},"excerpt":{"rendered":"<p>Flagermushuset Myggd\u00f6daren er et <strong>svenskproduceret flag<\/strong> ermushus lavet af svensk fyrretr\u00e6. Flagermushuset er fremstillet af os p\u00e5 Pippifoder i S\u00e4ffle. Kassen er lavet af 22 mm br\u00e6dder i uh\u00f8vlet, svensk fyrretr\u00e6. Huset leveres samlet, men du skal selv montere oph\u00e6nget, enten ved at s\u00f8mme det op, eller du kan bruge de medf\u00f8lgende stropper, hvis du vil h\u00e6nge huset op omkring et tr\u00e6 uden at beskadige det. Hvis du vil bygge skjulet selv, har vi lagt en <a href=\"https:\/\/pippifoder.se\/da\/flagermusens-soveplads\/\">tegning af flagermusskjulet<\/a> ud. Vi kalder den &#8220;Mosquito Killer&#8221;, fordi en enkelt flagermus kan fange op til utrolige 1000 myg i timen!    <\/p>\n","protected":false},"featured_media":24334,"comment_status":"open","ping_status":"closed","template":"","meta":{"_acf_changed":false},"product_brand":[],"product_cat":[353],"product_tag":[],"class_list":{"0":"post-26886","1":"product","2":"type-product","3":"status-publish","4":"has-post-thumbnail","6":"product_cat-flagermusens-soveplads","8":"first","9":"instock","10":"taxable","11":"shipping-taxable","12":"purchasable","13":"product-type-simple"},"bundled_by":[],"bundle_stock_status":"instock","bundle_stock_quantity":null,"bundle_virtual":false,"bundle_layout":"","bundle_add_to_cart_form_location":"","bundle_editable_in_cart":false,"bundle_sold_individually_context":"","bundle_item_grouping":"","bundle_min_size":"","bundle_max_size":"","bundle_price":[],"bundled_items":[],"bundle_sell_ids":[],"acf":[],"_links":{"self":[{"href":"https:\/\/pippifoder.se\/da\/wp-json\/wp\/v2\/product\/26886","targetHints":{"allow":["GET"]}}],"collection":[{"href":"https:\/\/pippifoder.se\/da\/wp-json\/wp\/v2\/product"}],"about":[{"href":"https:\/\/pippifoder.se\/da\/wp-json\/wp\/v2\/types\/product"}],"replies":[{"embeddable":true,"href":"https:\/\/pippifoder.se\/da\/wp-json\/wp\/v2\/comments?post=26886"}],"wp:featuredmedia":[{"embeddable":true,"href":"https:\/\/pippifoder.se\/da\/wp-json\/wp\/v2\/media\/24334"}],"wp:attachment":[{"href":"https:\/\/pippifoder.se\/da\/wp-json\/wp\/v2\/media?parent=26886"}],"wp:term":[{"taxonomy":"product_brand","embeddable":true,"href":"https:\/\/pippifoder.se\/da\/wp-json\/wp\/v2\/product_brand?post=26886"},{"taxonomy":"product_cat","embeddable":true,"href":"https:\/\/pippifoder.se\/da\/wp-json\/wp\/v2\/product_cat?post=26886"},{"taxonomy":"product_tag","embeddable":true,"href":"https:\/\/pippifoder.se\/da\/wp-json\/wp\/v2\/product_tag?post=26886"}],"curies":[{"name":"wp","href":"https:\/\/api.w.org\/{rel}","templated":true}]}}