{"id":26885,"date":"2025-06-11T06:21:43","date_gmt":"2025-06-11T04:21:43","guid":{"rendered":"https:\/\/pippifoder.se\/Ikke%20kategoriseret\/stribede-solsikkefroe-15-kg\/"},"modified":"2026-05-16T06:42:08","modified_gmt":"2026-05-16T04:42:08","slug":"stribede-solsikkefroe-15-kg","status":"publish","type":"product","link":"https:\/\/pippifoder.se\/da\/produkt\/fuglefoder\/solsikkefro\/stribede-solsikkefroe-15-kg\/","title":{"rendered":"Stribede solsikkefr\u00f8 15 kg"},"content":{"rendered":"<h3 data-start=\"113\" data-end=\"184\">Stribede solsikkefr\u00f8 &#8211; n\u00e6ringsrigt fuglefoder til alle havens fugle<\/h3>\n<p data-start=\"186\" data-end=\"492\">Er du p\u00e5 udkig efter et energirigt fuglefoder, som tiltr\u00e6kker mange forskellige arter til din have? <strong data-start=\"271\" data-end=\"295\">Stribede solsikkefr\u00f8<\/strong> er et godt valg! Disse fr\u00f8 er st\u00f8rre end almindelige <a href=\"https:\/\/pippifoder.se\/da\/produkt\/fuglefoder\/solsikkefro\/sorte-solsikkefroe-15-kg\/\">sorte solsikkefr\u00f8<\/a> og har en tykkere skal, hvilket g\u00f8r dem s\u00e6rligt v\u00e6rdsatte af st\u00f8rre fugle som sp\u00e6tmejse <strong data-start=\"450\" data-end=\"490\">og stor flagsp\u00e6tte<\/strong>. <\/p>\n<p data-start=\"494\" data-end=\"736\">I mods\u00e6tning til de sorte solsikkefr\u00f8, som er lettere at afskalle, kr\u00e6ver de stribede fr\u00f8 mere arbejde &#8211; noget, der skr\u00e6mmer de mindre og mere kr\u00e6sne arter v\u00e6k. Det g\u00f8r dem perfekte, hvis du vil g\u00f8re plads til de mere robuste fugle ved fuglebordet. <\/p>\n<h4 data-start=\"738\" data-end=\"777\">Fordele ved stribede solsikkefr\u00f8:<\/h4>\n<ul data-start=\"778\" data-end=\"1047\">\n<li data-start=\"778\" data-end=\"855\">\n<p data-start=\"780\" data-end=\"855\">Rig p\u00e5 <strong data-start=\"788\" data-end=\"807\">olie og energi<\/strong> &#8211; ideel til vinteren og yngles\u00e6sonen<\/p>\n<\/li>\n<li data-start=\"856\" data-end=\"923\">\n<p data-start=\"858\" data-end=\"923\">Tiltr\u00e6kker <strong data-start=\"865\" data-end=\"886\">st\u00f8rre fuglearter<\/strong>, der selv er i stand til at afskalle fr\u00f8ene<\/p>\n<\/li>\n<li data-start=\"924\" data-end=\"989\">\n<p data-start=\"926\" data-end=\"989\">Mindre spild &#8211; skaller fjernes ofte l\u00e6ngere v\u00e6k fra spisepladsen<\/p>\n<\/li>\n<li data-start=\"990\" data-end=\"1047\">\n<p data-start=\"992\" data-end=\"1047\">Passer i <strong data-start=\"1001\" data-end=\"1047\">fuglefoderautomater, dispensere og \u00e5bne fugleborde<\/strong><\/p>\n<\/li>\n<\/ul>\n<h3 data-start=\"1049\" data-end=\"1071\">Tips til fodring<\/h3>\n<p data-start=\"1072\" data-end=\"1224\">L\u00e6g fr\u00f8ene i et stabilt <a href=\"https:\/\/pippifoder.se\/da\/foderautomater-til-fugle\/\">fuglebord<\/a> eller en robust foderautomat. Tils\u00e6t vand og andre fr\u00f8blandinger for at tiltr\u00e6kke en st\u00f8rre flok fugle. <\/p>\n","protected":false},"excerpt":{"rendered":"<p>Stribede solsikkefr\u00f8 af h\u00f8jeste kvalitet. Stribede solsikkefr\u00f8 er perfekte til alle typer fugle, men det er som regel de st\u00f8rre fugle, der spiser flest stribede solsikkefr\u00f8. Hvis du vil undg\u00e5 skaller under foderbr\u00e6ttet, anbefaler vi altid <a href=\"https:\/\/pippifoder.se\/da\/produkt\/fuglefoder\/solsikkefro\/afskallede-solsikkefroe-15-kg\/\">afskallede sol<\/a>sikkefr\u00f8.  <\/p>\n","protected":false},"featured_media":26147,"comment_status":"open","ping_status":"closed","template":"","meta":{"_acf_changed":false},"product_brand":[],"product_cat":[120,98,121],"product_tag":[],"class_list":{"0":"post-26885","1":"product","2":"type-product","3":"status-publish","4":"has-post-thumbnail","6":"product_cat-solsikkefro","7":"product_cat-fuglefoder","8":"product_cat-solsikkefro-da","10":"first","11":"instock","12":"taxable","13":"shipping-taxable","14":"purchasable","15":"product-type-simple"},"bundled_by":[],"bundle_stock_status":"instock","bundle_stock_quantity":251,"bundle_virtual":false,"bundle_layout":"","bundle_add_to_cart_form_location":"","bundle_editable_in_cart":false,"bundle_sold_individually_context":"","bundle_item_grouping":"","bundle_min_size":"","bundle_max_size":"","bundle_price":[],"bundled_items":[],"bundle_sell_ids":[],"acf":[],"_links":{"self":[{"href":"https:\/\/pippifoder.se\/da\/wp-json\/wp\/v2\/product\/26885","targetHints":{"allow":["GET"]}}],"collection":[{"href":"https:\/\/pippifoder.se\/da\/wp-json\/wp\/v2\/product"}],"about":[{"href":"https:\/\/pippifoder.se\/da\/wp-json\/wp\/v2\/types\/product"}],"replies":[{"embeddable":true,"href":"https:\/\/pippifoder.se\/da\/wp-json\/wp\/v2\/comments?post=26885"}],"wp:featuredmedia":[{"embeddable":true,"href":"https:\/\/pippifoder.se\/da\/wp-json\/wp\/v2\/media\/26147"}],"wp:attachment":[{"href":"https:\/\/pippifoder.se\/da\/wp-json\/wp\/v2\/media?parent=26885"}],"wp:term":[{"taxonomy":"product_brand","embeddable":true,"href":"https:\/\/pippifoder.se\/da\/wp-json\/wp\/v2\/product_brand?post=26885"},{"taxonomy":"product_cat","embeddable":true,"href":"https:\/\/pippifoder.se\/da\/wp-json\/wp\/v2\/product_cat?post=26885"},{"taxonomy":"product_tag","embeddable":true,"href":"https:\/\/pippifoder.se\/da\/wp-json\/wp\/v2\/product_tag?post=26885"}],"curies":[{"name":"wp","href":"https:\/\/api.w.org\/{rel}","templated":true}]}}