{"id":26852,"date":"2025-06-11T06:20:54","date_gmt":"2025-06-11T06:20:54","guid":{"rendered":"https:\/\/pippifoder.se\/Ikke%20kategoriseret\/sorte-solsikkefroe-15-kg\/"},"modified":"2026-04-19T20:04:18","modified_gmt":"2026-04-19T18:04:18","slug":"sorte-solsikkefroe-15-kg","status":"publish","type":"product","link":"https:\/\/pippifoder.se\/da\/produkt\/fuglefoder\/solsikkefro\/sorte-solsikkefroe-15-kg\/","title":{"rendered":"Sorte solsikkefr\u00f8 15 kg"},"content":{"rendered":"<h3 data-start=\"212\" data-end=\"268\">Sorte solsikkefr\u00f8 &#8211; energirig fuglefoder til hele \u00e5ret<\/h3>\n<p data-start=\"270\" data-end=\"583\">Giv havens fugle et ordentligt energiboost med vores <strong data-start=\"332\" data-end=\"353\">sorte solsikkefr\u00f8<\/strong> &#8211; et af de mest popul\u00e6re og n\u00e6ringsrige fr\u00f8 til fuglefodring \u00e5ret rundt. Takket v\u00e6re deres h\u00f8je fedt- og proteinindhold er disse fr\u00f8 ideelle b\u00e5de i kolde vintre og i yngles\u00e6sonen, hvor fuglene har brug for ekstra energi. <\/p>\n<h4 data-start=\"585\" data-end=\"629\">Det er derfor, fugle elsker sorte solsikkefr\u00f8:<\/h4>\n<ul data-start=\"630\" data-end=\"905\">\n<li data-start=\"630\" data-end=\"700\">\n<p data-start=\"632\" data-end=\"700\"><strong data-start=\"632\" data-end=\"659\">Rig p\u00e5 fedt og n\u00e6ring<\/strong> &#8211; perfekt til sm\u00e5 fugles energibehov<\/p>\n<\/li>\n<li data-start=\"701\" data-end=\"755\">\n<p data-start=\"703\" data-end=\"755\"><strong data-start=\"703\" data-end=\"717\">Tynde skaller<\/strong>, der er nemme for fugle at \u00e5bne<\/p>\n<\/li>\n<li data-start=\"756\" data-end=\"845\">\n<p data-start=\"758\" data-end=\"845\"><strong data-start=\"758\" data-end=\"780\">Tiltr\u00e6kker mange arter<\/strong> som f.eks. perleugle, bl\u00e5mejse, dompap, gr\u00f8nirisk, sp\u00e6tmejse og bogfinke<\/p>\n<\/li>\n<li data-start=\"846\" data-end=\"905\">\n<p data-start=\"848\" data-end=\"905\"><strong data-start=\"848\" data-end=\"905\">Velegnet til fugleborde, foderautomater eller direkte p\u00e5 jorden<\/strong><\/p>\n<\/li>\n<\/ul>\n<p data-start=\"907\" data-end=\"1213\">Vores solsikkefr\u00f8 er <strong data-start=\"926\" data-end=\"945\">100 % naturlige<\/strong> og <strong data-start=\"950\" data-end=\"975\">uden tils\u00e6tningsstoffer<\/strong> &#8211; et sikkert og n\u00e6ringsrigt valg for dem, der \u00f8nsker at <strong data-start=\"1026\" data-end=\"1062\">st\u00f8tte fuglelivet i deres have.<\/strong> Sorte solsikkefr\u00f8 har tyndere skaller end de <a href=\"https:\/\/pippifoder.se\/da\/produkt\/fuglefoder\/solsikkefro\/stribede-solsikkefroe-15-kg\/\">stribede varianter<\/a>, hvilket betyder, at de giver mere n\u00e6ring pr. gram og er s\u00e6rligt popul\u00e6re blandt vilde fugle. <\/p>\n<h4 data-start=\"1215\" data-end=\"1237\">Tips til fodring:<\/h4>\n<p>&nbsp;<\/p>\n<p data-start=\"1238\" data-end=\"1432\">Placer fr\u00f8ene i en <a href=\"https:\/\/pippifoder.se\/da\/foderautomater-til-fugle\/\"><strong data-start=\"1257\" data-end=\"1272\">fuglefoderautomat<\/strong><\/a> med beskyttelse mod regn, eller brug et <strong data-start=\"1309\" data-end=\"1328\">\u00e5bent fuglebord<\/strong>. Kombiner med <a href=\"https:\/\/pippifoder.se\/da\/jordnodder\/\">jordn\u00f8dder<\/a> eller <a href=\"https:\/\/pippifoder.se\/da\/talgkugler-til-sma-fugle\/\">talgkugler<\/a> for at skabe en varieret buffet, der tiltr\u00e6kker flere arter. <\/p>\n","protected":false},"excerpt":{"rendered":"<p>Sorte solsikkefr\u00f8 af h\u00f8jeste kvalitet. Sorte solsikkefr\u00f8 er perfekte til alle typer fugle, men det er som regel de mindre fugle, der spiser flest sorte solsikkefr\u00f8. Hvis du vil undg\u00e5 skaller under foderbr\u00e6ttet, anbefaler vi altid <a href=\"https:\/\/pippifoder.se\/da\/produkt\/fuglefoder\/solsikkefro\/afskallede-solsikkefroe-15-kg\/\">afskallede sol<\/a>sikkefr\u00f8.  <\/p>\n","protected":false},"featured_media":26143,"comment_status":"open","ping_status":"closed","template":"","meta":{"_acf_changed":false},"product_brand":[],"product_cat":[120,98,186],"product_tag":[],"class_list":{"0":"post-26852","1":"product","2":"type-product","3":"status-publish","4":"has-post-thumbnail","6":"product_cat-solsikkefro","7":"product_cat-fuglefoder","8":"product_cat-sorte-solsikkefro-til-fugle","10":"first","11":"outofstock","12":"taxable","13":"shipping-taxable","14":"purchasable","15":"product-type-simple"},"bundled_by":[],"bundle_stock_status":"outofstock","bundle_stock_quantity":0,"bundle_virtual":false,"bundle_layout":"","bundle_add_to_cart_form_location":"","bundle_editable_in_cart":false,"bundle_sold_individually_context":"","bundle_item_grouping":"","bundle_min_size":"","bundle_max_size":"","bundle_price":[],"bundled_items":[],"bundle_sell_ids":[],"acf":[],"_links":{"self":[{"href":"https:\/\/pippifoder.se\/da\/wp-json\/wp\/v2\/product\/26852","targetHints":{"allow":["GET"]}}],"collection":[{"href":"https:\/\/pippifoder.se\/da\/wp-json\/wp\/v2\/product"}],"about":[{"href":"https:\/\/pippifoder.se\/da\/wp-json\/wp\/v2\/types\/product"}],"replies":[{"embeddable":true,"href":"https:\/\/pippifoder.se\/da\/wp-json\/wp\/v2\/comments?post=26852"}],"wp:featuredmedia":[{"embeddable":true,"href":"https:\/\/pippifoder.se\/da\/wp-json\/wp\/v2\/media\/26143"}],"wp:attachment":[{"href":"https:\/\/pippifoder.se\/da\/wp-json\/wp\/v2\/media?parent=26852"}],"wp:term":[{"taxonomy":"product_brand","embeddable":true,"href":"https:\/\/pippifoder.se\/da\/wp-json\/wp\/v2\/product_brand?post=26852"},{"taxonomy":"product_cat","embeddable":true,"href":"https:\/\/pippifoder.se\/da\/wp-json\/wp\/v2\/product_cat?post=26852"},{"taxonomy":"product_tag","embeddable":true,"href":"https:\/\/pippifoder.se\/da\/wp-json\/wp\/v2\/product_tag?post=26852"}],"curies":[{"name":"wp","href":"https:\/\/api.w.org\/{rel}","templated":true}]}}