{"id":26789,"date":"2025-06-26T18:51:51","date_gmt":"2025-06-26T18:51:51","guid":{"rendered":"https:\/\/pippifoder.se\/?post_type=product&#038;p=26789"},"modified":"2026-04-15T13:03:44","modified_gmt":"2026-04-15T11:03:44","slug":"halv-kokosnoddeskal-med-melorm-kopia-kopia-kopia-kopia","status":"publish","type":"product","link":"https:\/\/pippifoder.se\/da\/produkt\/fuglefoder\/fedtfro-blanding\/halv-kokosnoddeskal-med-melorm-kopia-kopia-kopia-kopia\/","title":{"rendered":"Halv kokosn\u00f8d med jordn\u00f8dder og talg"},"content":{"rendered":"<p data-start=\"254\" data-end=\"461\">Denne halve kokosn\u00f8d er fyldt med en st\u00e6rk blanding af jordn\u00f8dder og animalsk fedt (talg) &#8211; en favorit blandt sm\u00e5fugle, der har brug for ekstra energi, is\u00e6r i kolde vintre eller i redes\u00e6sonen.<\/p>\n<p data-start=\"463\" data-end=\"746\">Jordn\u00f8dder er rige p\u00e5 protein og sunde fedtstoffer, mens talg giver langvarig energi. Denne kombination er s\u00e6rligt v\u00e6rdsat af arter som skovhornugle, bl\u00e5mejse, sp\u00e6tte og r\u00f8dhals. Den naturlige kokosn\u00f8d fungerer b\u00e5de som sk\u00e5l og oph\u00e6ng.  <\/p>\n<p data-start=\"748\" data-end=\"761\"><strong data-start=\"748\" data-end=\"761\">Fordele:<\/strong><\/p>\n<ul data-start=\"762\" data-end=\"1014\">\n<li data-start=\"762\" data-end=\"814\">\n<p data-start=\"764\" data-end=\"814\">Ekstra energirig blanding af jordn\u00f8dder og talg<\/p>\n<\/li>\n<li data-start=\"815\" data-end=\"857\">\n<p data-start=\"817\" data-end=\"857\">Tiltr\u00e6kker mange forskellige sm\u00e5fugle hele \u00e5ret rundt<\/p>\n<\/li>\n<li data-start=\"858\" data-end=\"909\">\n<p data-start=\"860\" data-end=\"909\">Let at h\u00e6nge op i tr\u00e6er eller fuglefoderautomater<\/p>\n<\/li>\n<li data-start=\"910\" data-end=\"963\">\n<p data-start=\"966\" data-end=\"1014\">Perfekt st\u00f8tte i koldt vejr, under redebygning og rugning<\/p>\n<\/li>\n<\/ul>\n<p data-start=\"1016\" data-end=\"1135\">G\u00f8r det nemt at fodre vilde fugle p\u00e5 en naturlig og b\u00e6redygtig m\u00e5de &#8211; en n\u00e6ringsrig delikatesse i en praktisk kokosn\u00f8d!<\/p>\n","protected":false},"excerpt":{"rendered":"<p>Halv kokosn\u00f8d med jordn\u00f8dder og talg, til havens fugle lige til at h\u00e6nge op i haven. God ern\u00e6ring til havens fugle. <\/p>\n","protected":false},"featured_media":26791,"comment_status":"closed","ping_status":"closed","template":"","meta":{"_acf_changed":false},"product_brand":[],"product_cat":[115,98,206],"product_tag":[],"class_list":{"0":"post-26789","1":"product","2":"type-product","3":"status-publish","4":"has-post-thumbnail","6":"product_cat-fedtfro-blanding","7":"product_cat-fuglefoder","8":"product_cat-melorm-da","10":"first","11":"instock","12":"sale","13":"taxable","14":"shipping-taxable","15":"purchasable","16":"product-type-variable","17":"has-default-attributes"},"bundled_by":["30025"],"bundle_stock_status":"instock","bundle_stock_quantity":362,"bundle_virtual":false,"bundle_layout":"","bundle_add_to_cart_form_location":"","bundle_editable_in_cart":false,"bundle_sold_individually_context":"","bundle_item_grouping":"","bundle_min_size":"","bundle_max_size":"","bundle_price":[],"bundled_items":[],"bundle_sell_ids":[],"acf":[],"_links":{"self":[{"href":"https:\/\/pippifoder.se\/da\/wp-json\/wp\/v2\/product\/26789","targetHints":{"allow":["GET"]}}],"collection":[{"href":"https:\/\/pippifoder.se\/da\/wp-json\/wp\/v2\/product"}],"about":[{"href":"https:\/\/pippifoder.se\/da\/wp-json\/wp\/v2\/types\/product"}],"replies":[{"embeddable":true,"href":"https:\/\/pippifoder.se\/da\/wp-json\/wp\/v2\/comments?post=26789"}],"wp:featuredmedia":[{"embeddable":true,"href":"https:\/\/pippifoder.se\/da\/wp-json\/wp\/v2\/media\/26791"}],"wp:attachment":[{"href":"https:\/\/pippifoder.se\/da\/wp-json\/wp\/v2\/media?parent=26789"}],"wp:term":[{"taxonomy":"product_brand","embeddable":true,"href":"https:\/\/pippifoder.se\/da\/wp-json\/wp\/v2\/product_brand?post=26789"},{"taxonomy":"product_cat","embeddable":true,"href":"https:\/\/pippifoder.se\/da\/wp-json\/wp\/v2\/product_cat?post=26789"},{"taxonomy":"product_tag","embeddable":true,"href":"https:\/\/pippifoder.se\/da\/wp-json\/wp\/v2\/product_tag?post=26789"}],"curies":[{"name":"wp","href":"https:\/\/api.w.org\/{rel}","templated":true}]}}