{"id":26755,"date":"2025-06-26T18:32:45","date_gmt":"2025-06-26T18:32:45","guid":{"rendered":"https:\/\/pippifoder.se\/?post_type=product&#038;p=26755"},"modified":"2026-04-15T13:00:38","modified_gmt":"2026-04-15T11:00:38","slug":"melorme-torrede-600-g-i-spand-kopia","status":"publish","type":"product","link":"https:\/\/pippifoder.se\/da\/produkt\/fuglefoder\/melorm-da\/melorme-torrede-600-g-i-spand-kopia\/","title":{"rendered":"Melorme, t\u00f8rrede, 1000 g"},"content":{"rendered":"","protected":false},"excerpt":{"rendered":"<p>Melorm i pose, 1000 gram. Melorme er et proteinrigt foder med ca. 50 % protein, hvilket g\u00f8r dem til en god tilf\u00f8jelse til fuglefoder. Melorme er faktisk ikke orme, men larver af melbiller. Is\u00e6r i yngletiden har fugle et stort behov for protein. Hvis du vil, kan du l\u00e6gge melorme i lidt vand, f\u00f8r du giver dem til fuglene (om sommeren).    <\/p>\n<p>&#8211; Anbefales af fuglebeskyttelsesorganisationer<br \/>\n&#8211; H\u00f8jt proteinindhold<br \/>\n&#8211; God til ungfugle i yngles\u00e6sonen<br \/>\n&#8211; Velegnet til foderautomater, <a href=\"https:\/\/pippifoder.se\/da\/foderautomater-til-fugle\/\">fugleborde<\/a> og til fodring p\u00e5 jorden<br \/>\n&#8211; Kan blandes med andet fuglefoder<br \/>\n&#8211; Melormene kan l\u00e6gges i bl\u00f8d i lidt vand for at bl\u00f8dg\u00f8re dem<\/p>\n","protected":false},"featured_media":26759,"comment_status":"closed","ping_status":"closed","template":"","meta":{"_acf_changed":false},"product_brand":[],"product_cat":[206,98],"product_tag":[],"class_list":{"0":"post-26755","1":"product","2":"type-product","3":"status-publish","4":"has-post-thumbnail","6":"product_cat-melorm-da","7":"product_cat-fuglefoder","9":"first","10":"instock","11":"sale","12":"taxable","13":"shipping-taxable","14":"purchasable","15":"product-type-variable","16":"has-default-attributes"},"bundled_by":["30025"],"bundle_stock_status":"instock","bundle_stock_quantity":10234,"bundle_virtual":false,"bundle_layout":"","bundle_add_to_cart_form_location":"","bundle_editable_in_cart":false,"bundle_sold_individually_context":"","bundle_item_grouping":"","bundle_min_size":"","bundle_max_size":"","bundle_price":[],"bundled_items":[],"bundle_sell_ids":[],"acf":[],"_links":{"self":[{"href":"https:\/\/pippifoder.se\/da\/wp-json\/wp\/v2\/product\/26755","targetHints":{"allow":["GET"]}}],"collection":[{"href":"https:\/\/pippifoder.se\/da\/wp-json\/wp\/v2\/product"}],"about":[{"href":"https:\/\/pippifoder.se\/da\/wp-json\/wp\/v2\/types\/product"}],"replies":[{"embeddable":true,"href":"https:\/\/pippifoder.se\/da\/wp-json\/wp\/v2\/comments?post=26755"}],"wp:featuredmedia":[{"embeddable":true,"href":"https:\/\/pippifoder.se\/da\/wp-json\/wp\/v2\/media\/26759"}],"wp:attachment":[{"href":"https:\/\/pippifoder.se\/da\/wp-json\/wp\/v2\/media?parent=26755"}],"wp:term":[{"taxonomy":"product_brand","embeddable":true,"href":"https:\/\/pippifoder.se\/da\/wp-json\/wp\/v2\/product_brand?post=26755"},{"taxonomy":"product_cat","embeddable":true,"href":"https:\/\/pippifoder.se\/da\/wp-json\/wp\/v2\/product_cat?post=26755"},{"taxonomy":"product_tag","embeddable":true,"href":"https:\/\/pippifoder.se\/da\/wp-json\/wp\/v2\/product_tag?post=26755"}],"curies":[{"name":"wp","href":"https:\/\/api.w.org\/{rel}","templated":true}]}}