{"id":23051,"date":"2025-03-03T18:50:07","date_gmt":"2025-03-03T18:50:07","guid":{"rendered":"https:\/\/pippifoder.se\/Ikke kategoriseret\/vanddispenser-10-liter-med-ben\/"},"modified":"2025-11-04T16:52:29","modified_gmt":"2025-11-04T16:52:29","slug":"vanddispenser-10-liter-med-ben","status":"publish","type":"product","link":"https:\/\/pippifoder.se\/da\/produkt\/kyllinger\/vanddispenser-da\/vanddispenser-10-liter-med-ben\/","title":{"rendered":"Vanddispenser 10 liter med ben"},"content":{"rendered":"","protected":false},"excerpt":{"rendered":"<p>Vanddispenser i r\u00f8d plast, 10 liter, med 3 ben. Klodserne p\u00e5 toppen af beholderen g\u00f8r, at den st\u00e5r godt fast ved p\u00e5fyldning eller reng\u00f8ring. H\u00e5ndtag p\u00e5 vanddispenseren til at holde eller h\u00e6nge.  <\/p>\n","protected":false},"featured_media":22897,"comment_status":"open","ping_status":"closed","template":"","meta":{"_acf_changed":false},"product_brand":[],"product_cat":[341],"product_tag":[],"class_list":{"0":"post-23051","1":"product","2":"type-product","3":"status-publish","4":"has-post-thumbnail","6":"product_cat-vanddispenser-da","8":"first","9":"instock","10":"taxable","11":"shipping-taxable","12":"purchasable","13":"product-type-simple"},"bundled_by":[],"bundle_stock_status":"instock","bundle_stock_quantity":21,"bundle_virtual":false,"bundle_layout":"","bundle_add_to_cart_form_location":"","bundle_editable_in_cart":false,"bundle_sold_individually_context":"","bundle_item_grouping":"","bundle_min_size":"","bundle_max_size":"","bundle_price":[],"bundled_items":[],"bundle_sell_ids":[],"acf":[],"_links":{"self":[{"href":"https:\/\/pippifoder.se\/da\/wp-json\/wp\/v2\/product\/23051","targetHints":{"allow":["GET"]}}],"collection":[{"href":"https:\/\/pippifoder.se\/da\/wp-json\/wp\/v2\/product"}],"about":[{"href":"https:\/\/pippifoder.se\/da\/wp-json\/wp\/v2\/types\/product"}],"replies":[{"embeddable":true,"href":"https:\/\/pippifoder.se\/da\/wp-json\/wp\/v2\/comments?post=23051"}],"wp:featuredmedia":[{"embeddable":true,"href":"https:\/\/pippifoder.se\/da\/wp-json\/wp\/v2\/media\/22897"}],"wp:attachment":[{"href":"https:\/\/pippifoder.se\/da\/wp-json\/wp\/v2\/media?parent=23051"}],"wp:term":[{"taxonomy":"product_brand","embeddable":true,"href":"https:\/\/pippifoder.se\/da\/wp-json\/wp\/v2\/product_brand?post=23051"},{"taxonomy":"product_cat","embeddable":true,"href":"https:\/\/pippifoder.se\/da\/wp-json\/wp\/v2\/product_cat?post=23051"},{"taxonomy":"product_tag","embeddable":true,"href":"https:\/\/pippifoder.se\/da\/wp-json\/wp\/v2\/product_tag?post=23051"}],"curies":[{"name":"wp","href":"https:\/\/api.w.org\/{rel}","templated":true}]}}