{"id":23035,"date":"2025-03-03T13:37:33","date_gmt":"2025-03-03T13:37:33","guid":{"rendered":"https:\/\/pippifoder.se\/Ikke%20kategoriseret\/bergs-gryder-koebenhavnergryde-glaseret-med-underkop\/"},"modified":"2026-04-15T12:58:28","modified_gmt":"2026-04-15T10:58:28","slug":"bergs-gryder-koebenhavnergryde-glaseret-med-underkop","status":"publish","type":"product","link":"https:\/\/pippifoder.se\/da\/produkt\/tradgard-da\/potter-da\/bergs-gryder-koebenhavnergryde-glaseret-med-underkop\/","title":{"rendered":"Bergs gryder &#8211; K\u00f8benhavnergryde glaseret med underkop"},"content":{"rendered":"<h2>Om gryden fra BERGS POTTER<\/h2>\n<ul>\n<li>Smuk gr\u00f8n glasur<\/li>\n<li>Tidl\u00f8st, eksklusivt design<\/li>\n<li>Dekorative detaljer<\/li>\n<li>Kun til indend\u00f8rs brug<\/li>\n<li>V\u00e6lg mellem forskellige farver og st\u00f8rrelser<\/li>\n<li>Fra serien Glazed by Bergs<\/li>\n<li>T\u00f8nder inkluderet<\/li>\n<li>Fremstillet i Italien<\/li>\n<\/ul>\n","protected":false},"excerpt":{"rendered":"<p>Copenhagen pot glazed \u00d814 cm fra Bergs Potter er en h\u00e5ndglaseret lerkrukke lavet af f\u00f8rsteklasses italiensk ler, der lader planternes r\u00f8dder \u00e5nde og samtidig holder p\u00e5 fugten i jorden. Den intense glasur i kombination med reliefdekorationen g\u00f8r krukken til et dekorativt indslag i vindueskarmen. Variationerne i pottens farve og finish g\u00f8r produktet endnu mere charmerende.  <\/p>\n","protected":false},"featured_media":22870,"comment_status":"open","ping_status":"closed","template":"","meta":{"_acf_changed":false},"product_brand":[],"product_cat":[343,325],"product_tag":[],"class_list":{"0":"post-23035","1":"product","2":"type-product","3":"status-publish","4":"has-post-thumbnail","6":"product_cat-potter-da","7":"product_cat-tradgard-da","9":"first","10":"instock","11":"taxable","12":"shipping-taxable","13":"purchasable","14":"product-type-variable","15":"has-default-attributes"},"bundled_by":[],"bundle_stock_status":"instock","bundle_stock_quantity":10,"bundle_virtual":false,"bundle_layout":"","bundle_add_to_cart_form_location":"","bundle_editable_in_cart":false,"bundle_sold_individually_context":"","bundle_item_grouping":"","bundle_min_size":"","bundle_max_size":"","bundle_price":[],"bundled_items":[],"bundle_sell_ids":[],"acf":[],"_links":{"self":[{"href":"https:\/\/pippifoder.se\/da\/wp-json\/wp\/v2\/product\/23035","targetHints":{"allow":["GET"]}}],"collection":[{"href":"https:\/\/pippifoder.se\/da\/wp-json\/wp\/v2\/product"}],"about":[{"href":"https:\/\/pippifoder.se\/da\/wp-json\/wp\/v2\/types\/product"}],"replies":[{"embeddable":true,"href":"https:\/\/pippifoder.se\/da\/wp-json\/wp\/v2\/comments?post=23035"}],"wp:featuredmedia":[{"embeddable":true,"href":"https:\/\/pippifoder.se\/da\/wp-json\/wp\/v2\/media\/22870"}],"wp:attachment":[{"href":"https:\/\/pippifoder.se\/da\/wp-json\/wp\/v2\/media?parent=23035"}],"wp:term":[{"taxonomy":"product_brand","embeddable":true,"href":"https:\/\/pippifoder.se\/da\/wp-json\/wp\/v2\/product_brand?post=23035"},{"taxonomy":"product_cat","embeddable":true,"href":"https:\/\/pippifoder.se\/da\/wp-json\/wp\/v2\/product_cat?post=23035"},{"taxonomy":"product_tag","embeddable":true,"href":"https:\/\/pippifoder.se\/da\/wp-json\/wp\/v2\/product_tag?post=23035"}],"curies":[{"name":"wp","href":"https:\/\/api.w.org\/{rel}","templated":true}]}}