{"id":23032,"date":"2025-03-03T18:55:10","date_gmt":"2025-03-03T18:55:10","guid":{"rendered":"https:\/\/pippifoder.se\/Ikke kategoriseret\/30-liters-vanddispenser-med-ben\/"},"modified":"2026-04-03T05:03:22","modified_gmt":"2026-04-03T05:03:22","slug":"30-liters-vanddispenser-med-ben","status":"publish","type":"product","link":"https:\/\/pippifoder.se\/da\/produkt\/kyllinger\/vanddispenser-da\/30-liters-vanddispenser-med-ben\/","title":{"rendered":"30 liters vanddispenser med ben"},"content":{"rendered":"<p>Vanddispenseren er lavet af holdbar plast, har en lang levetid og er nem at bruge. Takket v\u00e6re st\u00f8ttebenene holder drikkevandet sig frisk i l\u00e6ngere tid, og der er ingen risiko for vandforurening fra st\u00e6nk, spr\u00f8jt og ridser. <\/p>\n<p>Vanddispenseren fyldes ovenfra og fungerer uden vakuum, hvilket g\u00f8r den lettere at bruge. Drikkesk\u00e5len er h\u00e6vet for at forhindre, at vandet bliver forurenet. Sifonen, vandr\u00f8ret, sikrer en konstant forsyning af rent drikkevand og er derfor velegnet til st\u00f8rre grupper af fjerkr\u00e6.  <\/p>\n<p>Vandbeholderen er kuppelformet for at forhindre, at kyllingerne s\u00e6tter sig p\u00e5 den og forurener vandet ovenfra. Den gennemsigtige vandtank g\u00f8r det muligt at se vandstanden udefra til enhver tid. Den indbyggede sv\u00f8mmerventil regulerer vandstanden i drikkesk\u00e5len og sikrer en konstant vandforsyning.  <\/p>\n<p>Vanderen er nem at reng\u00f8re, da l\u00e5get nemt kan tages af. Vandkanden er v\u00e6ltesikker takket v\u00e6re de 3 robuste ben og er velegnet til h\u00f8ns, kyllinger og andet fjerkr\u00e6. Den er fremstillet i Europa og er et p\u00e5lideligt og praktisk valg til at give dine dyr adgang til vand.   <\/p>\n","protected":false},"excerpt":{"rendered":"<p>Vanddispenser i bl\u00e5 plast, 30 liter, med 3 ben. Nem at fylde op fra oven. <\/p>\n","protected":false},"featured_media":22902,"comment_status":"open","ping_status":"closed","template":"","meta":{"_acf_changed":false},"product_brand":[],"product_cat":[341],"product_tag":[],"class_list":{"0":"post-23032","1":"product","2":"type-product","3":"status-publish","4":"has-post-thumbnail","6":"product_cat-vanddispenser-da","8":"first","9":"instock","10":"taxable","11":"shipping-taxable","12":"purchasable","13":"product-type-simple"},"bundled_by":[],"bundle_stock_status":"instock","bundle_stock_quantity":13,"bundle_virtual":false,"bundle_layout":"","bundle_add_to_cart_form_location":"","bundle_editable_in_cart":false,"bundle_sold_individually_context":"","bundle_item_grouping":"","bundle_min_size":"","bundle_max_size":"","bundle_price":[],"bundled_items":[],"bundle_sell_ids":[],"acf":[],"_links":{"self":[{"href":"https:\/\/pippifoder.se\/da\/wp-json\/wp\/v2\/product\/23032","targetHints":{"allow":["GET"]}}],"collection":[{"href":"https:\/\/pippifoder.se\/da\/wp-json\/wp\/v2\/product"}],"about":[{"href":"https:\/\/pippifoder.se\/da\/wp-json\/wp\/v2\/types\/product"}],"replies":[{"embeddable":true,"href":"https:\/\/pippifoder.se\/da\/wp-json\/wp\/v2\/comments?post=23032"}],"wp:featuredmedia":[{"embeddable":true,"href":"https:\/\/pippifoder.se\/da\/wp-json\/wp\/v2\/media\/22902"}],"wp:attachment":[{"href":"https:\/\/pippifoder.se\/da\/wp-json\/wp\/v2\/media?parent=23032"}],"wp:term":[{"taxonomy":"product_brand","embeddable":true,"href":"https:\/\/pippifoder.se\/da\/wp-json\/wp\/v2\/product_brand?post=23032"},{"taxonomy":"product_cat","embeddable":true,"href":"https:\/\/pippifoder.se\/da\/wp-json\/wp\/v2\/product_cat?post=23032"},{"taxonomy":"product_tag","embeddable":true,"href":"https:\/\/pippifoder.se\/da\/wp-json\/wp\/v2\/product_tag?post=23032"}],"curies":[{"name":"wp","href":"https:\/\/api.w.org\/{rel}","templated":true}]}}