{"id":23025,"date":"2025-03-03T19:02:35","date_gmt":"2025-03-03T19:02:35","guid":{"rendered":"https:\/\/pippifoder.se\/Ikke kategoriseret\/foderautomat-4-kg-til-hoens-groen-plast\/"},"modified":"2025-03-03T19:02:35","modified_gmt":"2025-03-03T19:02:35","slug":"foderautomat-4-kg-til-hoens-groen-plast","status":"publish","type":"product","link":"https:\/\/pippifoder.se\/da\/produkt\/kyllinger\/foder-fodertrug\/foderautomat-4-kg-til-hoens-groen-plast\/","title":{"rendered":"Foderautomat 4 kg til h\u00f8ns, gr\u00f8n plast"},"content":{"rendered":"","protected":false},"excerpt":{"rendered":"<p>Enkel, let at vedligeholde og praktisk foderautomat til h\u00f8ns. Foderautomaten er gr\u00f8n, rummer 4 kg foder og kan h\u00e6nges op eller st\u00e5 p\u00e5 jorden, og der medf\u00f8lger ben til foderautomaten. <\/p>\n","protected":false},"featured_media":22907,"comment_status":"open","ping_status":"closed","template":"","meta":{"_acf_changed":false},"product_brand":[],"product_cat":[337],"product_tag":[],"class_list":{"0":"post-23025","1":"product","2":"type-product","3":"status-publish","4":"has-post-thumbnail","6":"product_cat-foder-fodertrug","8":"first","9":"instock","10":"taxable","11":"shipping-taxable","12":"purchasable","13":"product-type-simple"},"bundled_by":[],"bundle_stock_status":"instock","bundle_stock_quantity":14,"bundle_virtual":false,"bundle_layout":"","bundle_add_to_cart_form_location":"","bundle_editable_in_cart":false,"bundle_sold_individually_context":"","bundle_item_grouping":"","bundle_min_size":"","bundle_max_size":"","bundle_price":[],"bundled_items":[],"bundle_sell_ids":[],"acf":[],"_links":{"self":[{"href":"https:\/\/pippifoder.se\/da\/wp-json\/wp\/v2\/product\/23025","targetHints":{"allow":["GET"]}}],"collection":[{"href":"https:\/\/pippifoder.se\/da\/wp-json\/wp\/v2\/product"}],"about":[{"href":"https:\/\/pippifoder.se\/da\/wp-json\/wp\/v2\/types\/product"}],"replies":[{"embeddable":true,"href":"https:\/\/pippifoder.se\/da\/wp-json\/wp\/v2\/comments?post=23025"}],"wp:featuredmedia":[{"embeddable":true,"href":"https:\/\/pippifoder.se\/da\/wp-json\/wp\/v2\/media\/22907"}],"wp:attachment":[{"href":"https:\/\/pippifoder.se\/da\/wp-json\/wp\/v2\/media?parent=23025"}],"wp:term":[{"taxonomy":"product_brand","embeddable":true,"href":"https:\/\/pippifoder.se\/da\/wp-json\/wp\/v2\/product_brand?post=23025"},{"taxonomy":"product_cat","embeddable":true,"href":"https:\/\/pippifoder.se\/da\/wp-json\/wp\/v2\/product_cat?post=23025"},{"taxonomy":"product_tag","embeddable":true,"href":"https:\/\/pippifoder.se\/da\/wp-json\/wp\/v2\/product_tag?post=23025"}],"curies":[{"name":"wp","href":"https:\/\/api.w.org\/{rel}","templated":true}]}}