{"id":23018,"date":"2025-03-03T19:15:19","date_gmt":"2025-03-03T19:15:19","guid":{"rendered":"https:\/\/pippifoder.se\/Ikke kategoriseret\/foderautomat-30-liter-til-hoens-sifon-plast-roed\/"},"modified":"2025-03-03T19:15:19","modified_gmt":"2025-03-03T19:15:19","slug":"foderautomat-30-liter-til-hoens-sifon-plast-roed","status":"publish","type":"product","link":"https:\/\/pippifoder.se\/da\/produkt\/kyllinger\/foder-fodertrug\/foderautomat-30-liter-til-hoens-sifon-plast-roed\/","title":{"rendered":"Foderautomat 30 liter til h\u00f8ns, sifon, plast r\u00f8d"},"content":{"rendered":"<p>Den benmonterede foderautomat er et optimalt valg til st\u00f8rre grupper af h\u00f8ns og fjerkr\u00e6. En s\u00e6rlig fordel er, at foderautomaten kan fyldes ovenfra. Sifonen, r\u00f8ret, sikrer en konstant fodertilf\u00f8rsel, og beholderens kuppelform forhindrer kyllingerne i at forurene foderet ovenfra.  <\/p>\n<p>Foderautomaten er nem at bruge, og den let forh\u00f8jede fodersk\u00e5l beskytter mod tilsmudsning. Den forh\u00f8jede position reducerer risikoen for, at der kommer str\u00f8else ind ved at skrabe, og giver samtidig en behagelig foderh\u00f8jde for dyrene. Foderautomaten er fremstillet i Europa og er en p\u00e5lidelig og praktisk l\u00f8sning til fodring af fjerkr\u00e6 og h\u00f8ns.  <\/p>\n","protected":false},"excerpt":{"rendered":"<p>Enkel, let at vedligeholde og praktisk foderautomat til h\u00f8ns. Foderautomaten er r\u00f8d, rummer 30 liter foder og skal st\u00e5 p\u00e5 jorden, og der medf\u00f8lger ben til foderautomaten. Passende fodringsh\u00f8jde og nem at bruge.  <\/p>\n","protected":false},"featured_media":22923,"comment_status":"open","ping_status":"closed","template":"","meta":{"_acf_changed":false},"product_brand":[],"product_cat":[337],"product_tag":[],"class_list":{"0":"post-23018","1":"product","2":"type-product","3":"status-publish","4":"has-post-thumbnail","6":"product_cat-foder-fodertrug","8":"first","9":"instock","10":"taxable","11":"shipping-taxable","12":"purchasable","13":"product-type-simple"},"bundled_by":[],"bundle_stock_status":"instock","bundle_stock_quantity":2,"bundle_virtual":false,"bundle_layout":"","bundle_add_to_cart_form_location":"","bundle_editable_in_cart":false,"bundle_sold_individually_context":"","bundle_item_grouping":"","bundle_min_size":"","bundle_max_size":"","bundle_price":[],"bundled_items":[],"bundle_sell_ids":[],"acf":[],"_links":{"self":[{"href":"https:\/\/pippifoder.se\/da\/wp-json\/wp\/v2\/product\/23018","targetHints":{"allow":["GET"]}}],"collection":[{"href":"https:\/\/pippifoder.se\/da\/wp-json\/wp\/v2\/product"}],"about":[{"href":"https:\/\/pippifoder.se\/da\/wp-json\/wp\/v2\/types\/product"}],"replies":[{"embeddable":true,"href":"https:\/\/pippifoder.se\/da\/wp-json\/wp\/v2\/comments?post=23018"}],"wp:featuredmedia":[{"embeddable":true,"href":"https:\/\/pippifoder.se\/da\/wp-json\/wp\/v2\/media\/22923"}],"wp:attachment":[{"href":"https:\/\/pippifoder.se\/da\/wp-json\/wp\/v2\/media?parent=23018"}],"wp:term":[{"taxonomy":"product_brand","embeddable":true,"href":"https:\/\/pippifoder.se\/da\/wp-json\/wp\/v2\/product_brand?post=23018"},{"taxonomy":"product_cat","embeddable":true,"href":"https:\/\/pippifoder.se\/da\/wp-json\/wp\/v2\/product_cat?post=23018"},{"taxonomy":"product_tag","embeddable":true,"href":"https:\/\/pippifoder.se\/da\/wp-json\/wp\/v2\/product_tag?post=23018"}],"curies":[{"name":"wp","href":"https:\/\/api.w.org\/{rel}","templated":true}]}}