{"id":23017,"date":"2025-03-03T18:48:26","date_gmt":"2025-03-03T18:48:26","guid":{"rendered":"https:\/\/pippifoder.se\/Ikke kategoriseret\/vanddispenser-5-liter-med-ben\/"},"modified":"2026-04-03T05:11:19","modified_gmt":"2026-04-03T05:11:19","slug":"vanddispenser-5-liter-med-ben","status":"publish","type":"product","link":"https:\/\/pippifoder.se\/da\/produkt\/kyllinger\/vanddispenser-da\/vanddispenser-5-liter-med-ben\/","title":{"rendered":"Vanddispenser 5 liter med ben"},"content":{"rendered":"","protected":false},"excerpt":{"rendered":"<p>5-liters vanddispenser i r\u00f8d plast med 3 ben. Klodserne p\u00e5 toppen af beholderen g\u00f8r, at den st\u00e5r godt fast ved p\u00e5fyldning eller reng\u00f8ring. H\u00e5ndtag p\u00e5 vanddispenseren til at holde eller h\u00e6nge.  <\/p>\n","protected":false},"featured_media":22892,"comment_status":"open","ping_status":"closed","template":"","meta":{"_acf_changed":false},"product_brand":[],"product_cat":[341],"product_tag":[],"class_list":{"0":"post-23017","1":"product","2":"type-product","3":"status-publish","4":"has-post-thumbnail","6":"product_cat-vanddispenser-da","7":"product_group-traholk-bord","9":"first","10":"instock","11":"taxable","12":"shipping-taxable","13":"purchasable","14":"product-type-simple"},"bundled_by":[],"bundle_stock_status":"instock","bundle_stock_quantity":21,"bundle_virtual":false,"bundle_layout":"","bundle_add_to_cart_form_location":"","bundle_editable_in_cart":false,"bundle_sold_individually_context":"","bundle_item_grouping":"","bundle_min_size":"","bundle_max_size":"","bundle_price":[],"bundled_items":[],"bundle_sell_ids":[],"acf":[],"_links":{"self":[{"href":"https:\/\/pippifoder.se\/da\/wp-json\/wp\/v2\/product\/23017","targetHints":{"allow":["GET"]}}],"collection":[{"href":"https:\/\/pippifoder.se\/da\/wp-json\/wp\/v2\/product"}],"about":[{"href":"https:\/\/pippifoder.se\/da\/wp-json\/wp\/v2\/types\/product"}],"replies":[{"embeddable":true,"href":"https:\/\/pippifoder.se\/da\/wp-json\/wp\/v2\/comments?post=23017"}],"wp:featuredmedia":[{"embeddable":true,"href":"https:\/\/pippifoder.se\/da\/wp-json\/wp\/v2\/media\/22892"}],"wp:attachment":[{"href":"https:\/\/pippifoder.se\/da\/wp-json\/wp\/v2\/media?parent=23017"}],"wp:term":[{"taxonomy":"product_brand","embeddable":true,"href":"https:\/\/pippifoder.se\/da\/wp-json\/wp\/v2\/product_brand?post=23017"},{"taxonomy":"product_cat","embeddable":true,"href":"https:\/\/pippifoder.se\/da\/wp-json\/wp\/v2\/product_cat?post=23017"},{"taxonomy":"product_tag","embeddable":true,"href":"https:\/\/pippifoder.se\/da\/wp-json\/wp\/v2\/product_tag?post=23017"}],"curies":[{"name":"wp","href":"https:\/\/api.w.org\/{rel}","templated":true}]}}